{"id":49624,"date":"2024-05-28T16:58:50","date_gmt":"2024-05-28T14:58:50","guid":{"rendered":"https:\/\/labesaya.com\/?post_type=product&#038;p=49624"},"modified":"2024-05-29T09:37:18","modified_gmt":"2024-05-29T07:37:18","slug":"wedding-gift-personalized-olive-cutting-board-cheese-or-charcuterie-board","status":"publish","type":"product","link":"https:\/\/labesaya.com\/es\/producto\/wedding-gift-personalized-olive-cutting-board-cheese-or-charcuterie-board\/","title":{"rendered":"Regalo de boda - Tabla de cortar personalizada de olivo, tabla de quesos o charcuter\u00eda"},"content":{"rendered":"<div data-elementor-type=\"product-post\" data-elementor-id=\"49624\" class=\"elementor elementor-49624\" data-elementor-post-type=\"product\">\n\t\t\t\t\t\t<section class=\"elementor-section elementor-inner-section elementor-element elementor-element-44def66c elementor-section-boxed elementor-section-height-default elementor-section-height-default\" data-id=\"44def66c\" data-element_type=\"section\">\n\t\t\t\t\t\t<div class=\"elementor-container elementor-column-gap-default\">\n\t\t\t\t\t<div class=\"elementor-column elementor-col-50 elementor-inner-column elementor-element elementor-element-3e3ad01e\" data-id=\"3e3ad01e\" data-element_type=\"column\">\n\t\t\t<div class=\"elementor-widget-wrap elementor-element-populated\">\n\t\t\t\t\t\t<div class=\"elementor-element elementor-element-56b09aa6 elementor-widget elementor-widget-image\" data-id=\"56b09aa6\" data-element_type=\"widget\" data-widget_type=\"image.default\">\n\t\t\t\t<div class=\"elementor-widget-container\">\n\t\t\t\t\t\t\t\t\t\t\t\t\t\t\t<img decoding=\"async\" src=\"https:\/\/labesaya.com\/wp-content\/uploads\/2024\/05\/Olive-board-engraved-7-scaled.jpg\" title=\"Olive-board-engraved-7\" alt=\"Personalized Cutting Board, Custom Wood Cutting Board, Engraved Wedding Gift, Engagement Gift For Couple, Unique Bridal Shower, Couple Gif\" loading=\"lazy\" \/>\t\t\t\t\t\t\t\t\t\t\t\t\t\t\t<\/div>\n\t\t\t\t<\/div>\n\t\t\t\t\t<\/div>\n\t\t<\/div>\n\t\t\t\t<div class=\"elementor-column elementor-col-50 elementor-inner-column elementor-element elementor-element-9d724be\" data-id=\"9d724be\" data-element_type=\"column\">\n\t\t\t<div class=\"elementor-widget-wrap elementor-element-populated\">\n\t\t\t\t\t\t<div class=\"elementor-element elementor-element-6beb069f elementor-widget elementor-widget-text-editor\" data-id=\"6beb069f\" data-element_type=\"widget\" data-widget_type=\"text-editor.default\">\n\t\t\t\t<div class=\"elementor-widget-container\">\n\t\t\t\t\t\t\t\t\t<p><span style=\"color: #212121;\"><span style=\"font-size: 30px;\"><b>Un regalo especial para una ocasi\u00f3n especial<br><\/b><\/span><\/span><br><img decoding=\"async\" class=\"emoji\" role=\"img\" draggable=\"false\" src=\"https:\/\/s.w.org\/images\/core\/emoji\/15.0.3\/svg\/1f33f.svg\" alt=\"\ud83c\udf3f\"><img decoding=\"async\" class=\"emoji\" role=\"img\" draggable=\"false\" src=\"https:\/\/s.w.org\/images\/core\/emoji\/15.0.3\/svg\/1f3e1.svg\" alt=\"\ud83c\udfe1\">Los regalos personalizados tienen un significado \u00fanico para ocasiones especiales, ya que reflejan consideraci\u00f3n y esfuerzo. Estos regalos personalizados crean recuerdos duraderos, mostrando una comprensi\u00f3n profunda de la personalidad y las preferencias del destinatario. Fortalecen los lazos emocionales, haciendo que las celebraciones sean m\u00e1s significativas y memorables. Los toques personales transforman los regalos ordinarios en recuerdos preciados, enfatizando el valor de la relaci\u00f3n.<\/p>\t\t\t\t\t\t\t\t<\/div>\n\t\t\t\t<\/div>\n\t\t\t\t\t<\/div>\n\t\t<\/div>\n\t\t\t\t\t<\/div>\n\t\t<\/section>\n\t\t\t\t<section class=\"elementor-section elementor-inner-section elementor-element elementor-element-be855c5 elementor-section-boxed elementor-section-height-default elementor-section-height-default\" data-id=\"be855c5\" data-element_type=\"section\">\n\t\t\t\t\t\t<div class=\"elementor-container elementor-column-gap-default\">\n\t\t\t\t\t<div class=\"elementor-column elementor-col-50 elementor-inner-column elementor-element elementor-element-ce6a46a\" data-id=\"ce6a46a\" data-element_type=\"column\">\n\t\t\t<div class=\"elementor-widget-wrap elementor-element-populated\">\n\t\t\t\t\t\t<div class=\"elementor-element elementor-element-76148e0 elementor-widget elementor-widget-text-editor\" data-id=\"76148e0\" data-element_type=\"widget\" data-widget_type=\"text-editor.default\">\n\t\t\t\t<div class=\"elementor-widget-container\">\n\t\t\t\t\t\t\t\t\t<h2>Tu hogar es tu santuario<\/h2><p>\ud83c\udf3f\ud83c\udfe1 Tu hogar es tu santuario, tr\u00e1talo con respeto y ll\u00e9nalo con objetos que hayan sido elaborados con cuidado y pasi\u00f3n. No se trata solo de lo que ves, sino tambi\u00e9n de c\u00f3mo te sientes en tu espacio personal. Cu\u00eddate y transmite tu amor a los que son importantes para ti.<\/p>\t\t\t\t\t\t\t\t<\/div>\n\t\t\t\t<\/div>\n\t\t\t\t\t<\/div>\n\t\t<\/div>\n\t\t\t\t<div class=\"elementor-column elementor-col-50 elementor-inner-column elementor-element elementor-element-2c838f2\" data-id=\"2c838f2\" data-element_type=\"column\">\n\t\t\t<div class=\"elementor-widget-wrap elementor-element-populated\">\n\t\t\t\t\t\t<div class=\"elementor-element elementor-element-87d173b elementor-widget elementor-widget-image\" data-id=\"87d173b\" data-element_type=\"widget\" data-widget_type=\"image.default\">\n\t\t\t\t<div class=\"elementor-widget-container\">\n\t\t\t\t\t\t\t\t\t\t\t\t\t\t\t<img decoding=\"async\" src=\"https:\/\/labesaya.com\/wp-content\/uploads\/2024\/05\/PXL_20240510_1813156032-scaled.jpg\" title=\"Sanctuary\" alt=\"Golden hour sunlight. Console table with magazine and candle holder decoration\" loading=\"lazy\" \/>\t\t\t\t\t\t\t\t\t\t\t\t\t\t\t<\/div>\n\t\t\t\t<\/div>\n\t\t\t\t\t<\/div>\n\t\t<\/div>\n\t\t\t\t\t<\/div>\n\t\t<\/section>\n\t\t\t\t<section class=\"elementor-section elementor-inner-section elementor-element elementor-element-54596b8 elementor-section-boxed elementor-section-height-default elementor-section-height-default\" data-id=\"54596b8\" data-element_type=\"section\">\n\t\t\t\t\t\t<div class=\"elementor-container elementor-column-gap-default\">\n\t\t\t\t\t<div class=\"elementor-column elementor-col-50 elementor-inner-column elementor-element elementor-element-66f3ec11\" data-id=\"66f3ec11\" data-element_type=\"column\">\n\t\t\t<div class=\"elementor-widget-wrap elementor-element-populated\">\n\t\t\t\t\t\t<div class=\"elementor-element elementor-element-45878ad content-align-left icon-box-vertical-align-top icon-position-left icon-vertical-align-start elementor-widget elementor-widget-the7_icon_box_widget\" data-id=\"45878ad\" data-element_type=\"widget\" data-widget_type=\"the7_icon_box_widget.default\">\n\t\t\t\t<div class=\"elementor-widget-container\">\n\t\t\t\t\t\n\t\t<div class=\"the7-box-wrapper the7-elementor-widget the7_icon_box_widget-45878ad\">\t\t\t<div class=\"box-content-wrapper\">\n\t\t\t\t\t\t\t\t\t<a class=\"elementor-icon-div\" >\t\t\t\t\t\t<div class=\"elementor-icon\">\n\t\t\t\t\t\t\t<i aria-hidden=\"true\" class=\"fas fa-leaf\"><\/i>\t\t\t\t\t\t<\/div>\n\t\t\t\t\t<\/a>\t\t\t\t\t\t\t\t<div class=\"box-content\">\n\t\t\t\t\t\t\t\t\t\t\t\t\t\t\t\t\t<h4 class=\"box-heading\">\n\t\t\t\t\t\t\t<a >\t\t\t\t\t\t\t\tMadera de fuentes sostenibles.\t\t\t\t\t\t\t<\/a>\t\t\t\t\t\t<\/h4>\n\t\t\t\t\t\t\t\t\t\t\t\t\t\t\t\t<div class=\"box-description\">Nos aseguramos de utilizar madera proveniente de fuentes responsables y promovemos el reciclaje como medio para conservar los bosques, reducir los residuos y apoyar la sostenibilidad.<\/div>\n\t\t\t\t\t\n\t\t\t\t\t\n\t\t\t\t<\/div>\n\t\t\t<\/div>\n\t\t<\/div>\t\t\t\t\t<\/div>\n\t\t\t\t<\/div>\n\t\t\t\t\t<\/div>\n\t\t<\/div>\n\t\t\t\t<div class=\"elementor-column elementor-col-50 elementor-inner-column elementor-element elementor-element-7979e002\" data-id=\"7979e002\" data-element_type=\"column\">\n\t\t\t<div class=\"elementor-widget-wrap elementor-element-populated\">\n\t\t\t\t\t\t<div class=\"elementor-element elementor-element-683b7da2 content-align-left icon-box-vertical-align-top icon-position-left icon-vertical-align-start elementor-widget elementor-widget-the7_icon_box_widget\" data-id=\"683b7da2\" data-element_type=\"widget\" data-widget_type=\"the7_icon_box_widget.default\">\n\t\t\t\t<div class=\"elementor-widget-container\">\n\t\t\t\t\t\n\t\t<div class=\"the7-box-wrapper the7-elementor-widget the7_icon_box_widget-683b7da2\">\t\t\t<div class=\"box-content-wrapper\">\n\t\t\t\t\t\t\t\t\t<a class=\"elementor-icon-div\" >\t\t\t\t\t\t<div class=\"elementor-icon\">\n\t\t\t\t\t\t\t<i aria-hidden=\"true\" class=\"far fa-clock\"><\/i>\t\t\t\t\t\t<\/div>\n\t\t\t\t\t<\/a>\t\t\t\t\t\t\t\t<div class=\"box-content\">\n\t\t\t\t\t\t\t\t\t\t\t\t\t\t\t\t\t<h4 class=\"box-heading\">\n\t\t\t\t\t\t\t<a >\t\t\t\t\t\t\t\tHecho para ti\t\t\t\t\t\t\t<\/a>\t\t\t\t\t\t<\/h4>\n\t\t\t\t\t\t\t\t\t\t\t\t\t\t\t\t<div class=\"box-description\">Lo hacemos como lo deseas y lo m\u00e1s r\u00e1pido posible, sin comprometer la calidad.<\/div>\n\t\t\t\t\t\n\t\t\t\t\t\n\t\t\t\t<\/div>\n\t\t\t<\/div>\n\t\t<\/div>\t\t\t\t\t<\/div>\n\t\t\t\t<\/div>\n\t\t\t\t\t<\/div>\n\t\t<\/div>\n\t\t\t\t\t<\/div>\n\t\t<\/section>\n\t\t\t\t<\/div>","protected":false},"excerpt":{"rendered":"<p>Make a beautiful and memorable wedding gift. Celebrate the couple&#8217;s love with this elegant and durable board, ideal for serving cheese or charcuterie. A gift that&#8217;s both practical and heartfelt, sure to be treasured for years to come.Perfect for serving or display, it&#8217;s a timeless keepsake for any couple. They will have a souvenir from their very own special day.<\/p>\n<p>Puedes decidir qu\u00e9 se grabar\u00e1 en tu tabla. Si deseas gr\u00e1ficos o logotipos, no dudes en enviarnos un mensaje. Todo tipo de personalizaciones son posibles.<\/p>\n<p>Tama\u00f1o:<\/p>\n<p>&#8211; length ~39 cm (15&#8243;)<\/p>\n<p>&#8211; width 9 cm (3.5&#8243;)<\/p>\n<p>&#8211; thickness 2,5 cm (1&#8243;)<\/p>","protected":false},"featured_media":49630,"template":"","meta":{"om_disable_all_campaigns":false,"_monsterinsights_skip_tracking":false,"_monsterinsights_sitenote_active":false,"_monsterinsights_sitenote_note":"","_monsterinsights_sitenote_category":0},"product_brand":[],"product_cat":[325],"product_tag":[528,529,439,530,531,526,532,533,527,534,535,536],"class_list":{"0":"post-49624","1":"product","2":"type-product","3":"status-publish","4":"has-post-thumbnail","6":"product_cat-boards","7":"product_tag-board","8":"product_tag-bridesmaid-gift","9":"product_tag-live-edge","10":"product_tag-olive-cutting-board","11":"product_tag-olive-wood","12":"product_tag-olive-wood-board","13":"product_tag-olive-wood-cutting","14":"product_tag-olive-wood-slab","15":"product_tag-rustic-cutting-board","16":"product_tag-rustic-olive-wood","17":"product_tag-wood-cutting-board","18":"product_tag-wooden-cutting-board","19":"product_shipping_class-small-package","21":"first","22":"instock","23":"sale","24":"shipping-taxable","25":"purchasable","26":"product-type-simple"},"aioseo_notices":[],"jetpack_sharing_enabled":true,"_links":{"self":[{"href":"https:\/\/labesaya.com\/es\/wp-json\/wp\/v2\/product\/49624","targetHints":{"allow":["GET"]}}],"collection":[{"href":"https:\/\/labesaya.com\/es\/wp-json\/wp\/v2\/product"}],"about":[{"href":"https:\/\/labesaya.com\/es\/wp-json\/wp\/v2\/types\/product"}],"version-history":[{"count":15,"href":"https:\/\/labesaya.com\/es\/wp-json\/wp\/v2\/product\/49624\/revisions"}],"predecessor-version":[{"id":49692,"href":"https:\/\/labesaya.com\/es\/wp-json\/wp\/v2\/product\/49624\/revisions\/49692"}],"wp:featuredmedia":[{"embeddable":true,"href":"https:\/\/labesaya.com\/es\/wp-json\/wp\/v2\/media\/49630"}],"wp:attachment":[{"href":"https:\/\/labesaya.com\/es\/wp-json\/wp\/v2\/media?parent=49624"}],"wp:term":[{"taxonomy":"product_brand","embeddable":true,"href":"https:\/\/labesaya.com\/es\/wp-json\/wp\/v2\/product_brand?post=49624"},{"taxonomy":"product_cat","embeddable":true,"href":"https:\/\/labesaya.com\/es\/wp-json\/wp\/v2\/product_cat?post=49624"},{"taxonomy":"product_tag","embeddable":true,"href":"https:\/\/labesaya.com\/es\/wp-json\/wp\/v2\/product_tag?post=49624"}],"curies":[{"name":"wp","href":"https:\/\/api.w.org\/{rel}","templated":true}]}}