{"id":49498,"date":"2024-05-13T20:17:00","date_gmt":"2024-05-13T18:17:00","guid":{"rendered":"https:\/\/labesaya.com\/?post_type=product&#038;p=49498"},"modified":"2024-05-15T18:53:22","modified_gmt":"2024-05-15T16:53:22","slug":"wood-slab-high-console-table","status":"publish","type":"product","link":"https:\/\/labesaya.com\/es\/producto\/wood-slab-high-console-table\/","title":{"rendered":"Mesa alta con borde natural y patas de metal"},"content":{"rendered":"<div data-elementor-type=\"product-post\" data-elementor-id=\"49498\" class=\"elementor elementor-49498\" data-elementor-post-type=\"product\">\n\t\t\t\t\t\t<section class=\"elementor-section elementor-inner-section elementor-element elementor-element-599c84f elementor-section-boxed elementor-section-height-default elementor-section-height-default\" data-id=\"599c84f\" data-element_type=\"section\">\n\t\t\t\t\t\t<div class=\"elementor-container elementor-column-gap-default\">\n\t\t\t\t\t<div class=\"elementor-column elementor-col-50 elementor-inner-column elementor-element elementor-element-aed60e9\" data-id=\"aed60e9\" data-element_type=\"column\">\n\t\t\t<div class=\"elementor-widget-wrap elementor-element-populated\">\n\t\t\t\t\t\t<div class=\"elementor-element elementor-element-998a8cd elementor-widget elementor-widget-image\" data-id=\"998a8cd\" data-element_type=\"widget\" data-widget_type=\"image.default\">\n\t\t\t\t<div class=\"elementor-widget-container\">\n\t\t\t\t\t\t\t\t\t\t\t\t\t\t\t<img fetchpriority=\"high\" decoding=\"async\" width=\"1024\" height=\"819\" src=\"data:image\/svg+xml;charset=utf-8,%3Csvg xmlns%3D'http%3A%2F%2Fwww.w3.org%2F2000%2Fsvg' viewBox%3D'0 0 1024 819'%2F%3E\" data-src=\"https:\/\/labesaya.com\/wp-content\/uploads\/2024\/05\/metal-legs-console-4-1024x819.jpg\" class=\"lazy-load attachment-large size-large wp-image-49526\" alt=\"Console table with metal legs and live edge\" data-srcset=\"https:\/\/labesaya.com\/wp-content\/uploads\/2024\/05\/metal-legs-console-4-1024x819.jpg 1024w, https:\/\/labesaya.com\/wp-content\/uploads\/2024\/05\/metal-legs-console-4-300x240.jpg 300w, https:\/\/labesaya.com\/wp-content\/uploads\/2024\/05\/metal-legs-console-4-768x614.jpg 768w, https:\/\/labesaya.com\/wp-content\/uploads\/2024\/05\/metal-legs-console-4-1536x1229.jpg 1536w, https:\/\/labesaya.com\/wp-content\/uploads\/2024\/05\/metal-legs-console-4-2048x1638.jpg 2048w, https:\/\/labesaya.com\/wp-content\/uploads\/2024\/05\/metal-legs-console-4-15x12.jpg 15w, https:\/\/labesaya.com\/wp-content\/uploads\/2024\/05\/metal-legs-console-4-1200x960.jpg 1200w\" sizes=\"(max-width: 1024px) 100vw, 1024px\" \/>\t\t\t\t\t\t\t\t\t\t\t\t\t\t\t<\/div>\n\t\t\t\t<\/div>\n\t\t\t\t\t<\/div>\n\t\t<\/div>\n\t\t\t\t<div class=\"elementor-column elementor-col-50 elementor-inner-column elementor-element elementor-element-9e449d5\" data-id=\"9e449d5\" data-element_type=\"column\">\n\t\t\t<div class=\"elementor-widget-wrap elementor-element-populated\">\n\t\t\t\t\t\t<div class=\"elementor-element elementor-element-c622eb8 elementor-widget elementor-widget-text-editor\" data-id=\"c622eb8\" data-element_type=\"widget\" data-widget_type=\"text-editor.default\">\n\t\t\t\t<div class=\"elementor-widget-container\">\n\t\t\t\t\t\t\t\t\t<p><span style=\"color: #212121;\"><span style=\"font-size: 30px;\"><b>Consola<br \/><\/b><\/span><\/span><\/p><p>La mesa de consola no solo es \u00fatil, sino que tambi\u00e9n es elegante. Nuestras mesas de consola, elaboradas con madera recuperada y certificada, ofrecen tanto funcionalidad como encanto. Cada pieza cuenta una historia \u00fanica, mostrando la belleza de los materiales recuperados mientras a\u00f1ade calidez y car\u00e1cter a tu hogar. Ya sea en la entrada, pasillo o sal\u00f3n, nuestras mesas de consola se integran perfectamente con diversos estilos. Estas mesas de consola no son solo muebles, sino piezas atemporales que aportan una elegancia sencilla a tu hogar.<\/p>\t\t\t\t\t\t\t\t<\/div>\n\t\t\t\t<\/div>\n\t\t\t\t\t<\/div>\n\t\t<\/div>\n\t\t\t\t\t<\/div>\n\t\t<\/section>\n\t\t\t\t<section class=\"elementor-section elementor-inner-section elementor-element elementor-element-42a19e6a elementor-section-boxed elementor-section-height-default elementor-section-height-default\" data-id=\"42a19e6a\" data-element_type=\"section\">\n\t\t\t\t\t\t<div class=\"elementor-container elementor-column-gap-default\">\n\t\t\t\t\t<div class=\"elementor-column elementor-col-50 elementor-inner-column elementor-element elementor-element-29d02dae\" data-id=\"29d02dae\" data-element_type=\"column\">\n\t\t\t<div class=\"elementor-widget-wrap elementor-element-populated\">\n\t\t\t\t\t\t<div class=\"elementor-element elementor-element-13284800 elementor-widget elementor-widget-text-editor\" data-id=\"13284800\" data-element_type=\"widget\" data-widget_type=\"text-editor.default\">\n\t\t\t\t<div class=\"elementor-widget-container\">\n\t\t\t\t\t\t\t\t\t<h2>Tu hogar es tu santuario<\/h2><p>\ud83c\udf3f\ud83c\udfe1 Tu hogar es tu santuario, tr\u00e1talo con respeto y ll\u00e9nalo con objetos que hayan sido elaborados con cuidado y pasi\u00f3n. No se trata solo de lo que ves, sino tambi\u00e9n de c\u00f3mo te sientes en tu espacio personal. Cu\u00eddate y transmite tu amor a los que son importantes para ti.<\/p>\t\t\t\t\t\t\t\t<\/div>\n\t\t\t\t<\/div>\n\t\t\t\t\t<\/div>\n\t\t<\/div>\n\t\t\t\t<div class=\"elementor-column elementor-col-50 elementor-inner-column elementor-element elementor-element-90feb71\" data-id=\"90feb71\" data-element_type=\"column\">\n\t\t\t<div class=\"elementor-widget-wrap elementor-element-populated\">\n\t\t\t\t\t\t<div class=\"elementor-element elementor-element-116bf064 elementor-widget elementor-widget-image\" data-id=\"116bf064\" data-element_type=\"widget\" data-widget_type=\"image.default\">\n\t\t\t\t<div class=\"elementor-widget-container\">\n\t\t\t\t\t\t\t\t\t\t\t\t\t\t\t<img decoding=\"async\" src=\"https:\/\/labesaya.com\/wp-content\/uploads\/2024\/05\/PXL_20240510_1813156032-scaled.jpg\" title=\"Sanctuary\" alt=\"Golden hour sunlight. Console table with magazine and candle holder decoration\" loading=\"lazy\" \/>\t\t\t\t\t\t\t\t\t\t\t\t\t\t\t<\/div>\n\t\t\t\t<\/div>\n\t\t\t\t\t<\/div>\n\t\t<\/div>\n\t\t\t\t\t<\/div>\n\t\t<\/section>\n\t\t\t\t<section class=\"elementor-section elementor-inner-section elementor-element elementor-element-4302c34 elementor-section-boxed elementor-section-height-default elementor-section-height-default\" data-id=\"4302c34\" data-element_type=\"section\">\n\t\t\t\t\t\t<div class=\"elementor-container elementor-column-gap-default\">\n\t\t\t\t\t<div class=\"elementor-column elementor-col-50 elementor-inner-column elementor-element elementor-element-f493957\" data-id=\"f493957\" data-element_type=\"column\">\n\t\t\t<div class=\"elementor-widget-wrap elementor-element-populated\">\n\t\t\t\t\t\t<div class=\"elementor-element elementor-element-a01971c elementor-widget elementor-widget-image\" data-id=\"a01971c\" data-element_type=\"widget\" data-widget_type=\"image.default\">\n\t\t\t\t<div class=\"elementor-widget-container\">\n\t\t\t\t\t\t\t\t\t\t\t\t\t\t\t<img decoding=\"async\" width=\"820\" height=\"1024\" src=\"data:image\/svg+xml;charset=utf-8,%3Csvg xmlns%3D'http%3A%2F%2Fwww.w3.org%2F2000%2Fsvg' viewBox%3D'0 0 820 1024'%2F%3E\" data-src=\"https:\/\/labesaya.com\/wp-content\/uploads\/2024\/05\/PXL_20240509_120303862-EDIT-820x1024.jpg\" class=\"lazy-load attachment-large size-large wp-image-49552\" alt=\"Woodworking tools laying on the table full of wood chips\" data-srcset=\"https:\/\/labesaya.com\/wp-content\/uploads\/2024\/05\/PXL_20240509_120303862-EDIT-820x1024.jpg 820w, https:\/\/labesaya.com\/wp-content\/uploads\/2024\/05\/PXL_20240509_120303862-EDIT-240x300.jpg 240w, https:\/\/labesaya.com\/wp-content\/uploads\/2024\/05\/PXL_20240509_120303862-EDIT-768x960.jpg 768w, https:\/\/labesaya.com\/wp-content\/uploads\/2024\/05\/PXL_20240509_120303862-EDIT-1229x1536.jpg 1229w, https:\/\/labesaya.com\/wp-content\/uploads\/2024\/05\/PXL_20240509_120303862-EDIT-1639x2048.jpg 1639w, https:\/\/labesaya.com\/wp-content\/uploads\/2024\/05\/PXL_20240509_120303862-EDIT-10x12.jpg 10w, https:\/\/labesaya.com\/wp-content\/uploads\/2024\/05\/PXL_20240509_120303862-EDIT-1200x1499.jpg 1200w\" sizes=\"(max-width: 820px) 100vw, 820px\" \/>\t\t\t\t\t\t\t\t\t\t\t\t\t\t\t<\/div>\n\t\t\t\t<\/div>\n\t\t\t\t\t<\/div>\n\t\t<\/div>\n\t\t\t\t<div class=\"elementor-column elementor-col-50 elementor-inner-column elementor-element elementor-element-fcaa407\" data-id=\"fcaa407\" data-element_type=\"column\">\n\t\t\t<div class=\"elementor-widget-wrap elementor-element-populated\">\n\t\t\t\t\t\t<div class=\"elementor-element elementor-element-9d671a5 elementor-widget elementor-widget-text-editor\" data-id=\"9d671a5\" data-element_type=\"widget\" data-widget_type=\"text-editor.default\">\n\t\t\t\t<div class=\"elementor-widget-container\">\n\t\t\t\t\t\t\t\t\t<p><span style=\"color: #212121;\"><span style=\"font-size: 30px;\"><b>Tradici\u00f3n artesanal<br \/><\/b><\/span><\/span><br \/>\ud83d\udee0\ufe0f Soy carpintero y artesano con una larga tradici\u00f3n familiar en la carpinter\u00eda (iniciada por mi abuelo Adam). En cada pieza dejo un pedazo de mi coraz\u00f3n y alma. Todo lo que sale de mi taller tiene que ser perfecto y si no es debe ser hecho nuevamente. Esa es la principal diferencia entre la artesan\u00eda y lo fabricado en masa <\/p>\t\t\t\t\t\t\t\t<\/div>\n\t\t\t\t<\/div>\n\t\t\t\t\t<\/div>\n\t\t<\/div>\n\t\t\t\t\t<\/div>\n\t\t<\/section>\n\t\t\t\t<section class=\"elementor-section elementor-inner-section elementor-element elementor-element-3be73730 elementor-section-boxed elementor-section-height-default elementor-section-height-default\" data-id=\"3be73730\" data-element_type=\"section\">\n\t\t\t\t\t\t<div class=\"elementor-container elementor-column-gap-default\">\n\t\t\t\t\t<div class=\"elementor-column elementor-col-50 elementor-inner-column elementor-element elementor-element-2863040f\" data-id=\"2863040f\" data-element_type=\"column\">\n\t\t\t<div class=\"elementor-widget-wrap elementor-element-populated\">\n\t\t\t\t\t\t<div class=\"elementor-element elementor-element-5d61c15e content-align-left icon-box-vertical-align-top icon-position-left icon-vertical-align-start elementor-widget elementor-widget-the7_icon_box_widget\" data-id=\"5d61c15e\" data-element_type=\"widget\" data-widget_type=\"the7_icon_box_widget.default\">\n\t\t\t\t<div class=\"elementor-widget-container\">\n\t\t\t\t\t\n\t\t<div class=\"the7-box-wrapper the7-elementor-widget the7_icon_box_widget-5d61c15e\">\t\t\t<div class=\"box-content-wrapper\">\n\t\t\t\t\t\t\t\t\t<a class=\"elementor-icon-div\" >\t\t\t\t\t\t<div class=\"elementor-icon\">\n\t\t\t\t\t\t\t<i aria-hidden=\"true\" class=\"fas fa-leaf\"><\/i>\t\t\t\t\t\t<\/div>\n\t\t\t\t\t<\/a>\t\t\t\t\t\t\t\t<div class=\"box-content\">\n\t\t\t\t\t\t\t\t\t\t\t\t\t\t\t\t\t<h4 class=\"box-heading\">\n\t\t\t\t\t\t\t<a >\t\t\t\t\t\t\t\tMadera de fuentes sostenibles.\t\t\t\t\t\t\t<\/a>\t\t\t\t\t\t<\/h4>\n\t\t\t\t\t\t\t\t\t\t\t\t\t\t\t\t<div class=\"box-description\">Nos aseguramos de utilizar madera proveniente de fuentes responsables y promovemos el reciclaje como medio para conservar los bosques, reducir los residuos y apoyar la sostenibilidad.<\/div>\n\t\t\t\t\t\n\t\t\t\t\t\n\t\t\t\t<\/div>\n\t\t\t<\/div>\n\t\t<\/div>\t\t\t\t\t<\/div>\n\t\t\t\t<\/div>\n\t\t\t\t\t<\/div>\n\t\t<\/div>\n\t\t\t\t<div class=\"elementor-column elementor-col-50 elementor-inner-column elementor-element elementor-element-59525203\" data-id=\"59525203\" data-element_type=\"column\">\n\t\t\t<div class=\"elementor-widget-wrap elementor-element-populated\">\n\t\t\t\t\t\t<div class=\"elementor-element elementor-element-31871e70 content-align-left icon-box-vertical-align-top icon-position-left icon-vertical-align-start elementor-widget elementor-widget-the7_icon_box_widget\" data-id=\"31871e70\" data-element_type=\"widget\" data-widget_type=\"the7_icon_box_widget.default\">\n\t\t\t\t<div class=\"elementor-widget-container\">\n\t\t\t\t\t\n\t\t<div class=\"the7-box-wrapper the7-elementor-widget the7_icon_box_widget-31871e70\">\t\t\t<div class=\"box-content-wrapper\">\n\t\t\t\t\t\t\t\t\t<a class=\"elementor-icon-div\" >\t\t\t\t\t\t<div class=\"elementor-icon\">\n\t\t\t\t\t\t\t<i aria-hidden=\"true\" class=\"far fa-clock\"><\/i>\t\t\t\t\t\t<\/div>\n\t\t\t\t\t<\/a>\t\t\t\t\t\t\t\t<div class=\"box-content\">\n\t\t\t\t\t\t\t\t\t\t\t\t\t\t\t\t\t<h4 class=\"box-heading\">\n\t\t\t\t\t\t\t<a >\t\t\t\t\t\t\t\tHecho para ti\t\t\t\t\t\t\t<\/a>\t\t\t\t\t\t<\/h4>\n\t\t\t\t\t\t\t\t\t\t\t\t\t\t\t\t<div class=\"box-description\">Lo hacemos como lo deseas y lo m\u00e1s r\u00e1pido posible, sin comprometer la calidad.<\/div>\n\t\t\t\t\t\n\t\t\t\t\t\n\t\t\t\t<\/div>\n\t\t\t<\/div>\n\t\t<\/div>\t\t\t\t\t<\/div>\n\t\t\t\t<\/div>\n\t\t\t\t\t<\/div>\n\t\t<\/div>\n\t\t\t\t\t<\/div>\n\t\t<\/section>\n\t\t\t\t<section class=\"elementor-section elementor-top-section elementor-element elementor-element-39ec07f elementor-section-boxed elementor-section-height-default elementor-section-height-default\" data-id=\"39ec07f\" data-element_type=\"section\">\n\t\t\t\t\t\t<div class=\"elementor-container elementor-column-gap-default\">\n\t\t\t\t\t<div class=\"elementor-column elementor-col-100 elementor-top-column elementor-element elementor-element-442864f\" data-id=\"442864f\" data-element_type=\"column\">\n\t\t\t<div class=\"elementor-widget-wrap\">\n\t\t\t\t\t\t\t<\/div>\n\t\t<\/div>\n\t\t\t\t\t<\/div>\n\t\t<\/section>\n\t\t\t\t<\/div>","protected":false},"excerpt":{"rendered":"<p>Mesa alta con borde naturalde maderacertificada combinada con simples, robustas y elegantes patas de metal, creando una c\u00e1lida adici\u00f3n a tu hogar. Belleza creada por la naturaleza <\/p>\n<p>Dimensiones:<\/p>\n<ul>\n<li>height:80cm (31.5&#8243;)<\/li>\n<li>width: ~40-45cm (~18&#8243;)<\/li>\n<li>length: 60-190cm (23&#8243;-75&#8243;)<\/li>\n<\/ul>","protected":false},"featured_media":49529,"template":"","meta":{"om_disable_all_campaigns":false,"_monsterinsights_skip_tracking":false,"_monsterinsights_sitenote_active":false,"_monsterinsights_sitenote_note":"","_monsterinsights_sitenote_category":0},"product_brand":[],"product_cat":[503],"product_tag":[505,513,515,508,511,509,506,514,516,504,507,510,512],"class_list":{"0":"post-49498","1":"product","2":"type-product","3":"status-publish","4":"has-post-thumbnail","6":"product_cat-console-tables","7":"product_tag-console-table","8":"product_tag-console-table-modern","9":"product_tag-entry-table","10":"product_tag-entryway-console","11":"product_tag-farmhouse-furniture","12":"product_tag-hallway-table","13":"product_tag-modern-farmhouse","14":"product_tag-narrow-console-table","15":"product_tag-reclaimed-wood-bench","16":"product_tag-rustic-entry-table","17":"product_tag-rustic-entryway","18":"product_tag-table-modern-rustic","19":"product_tag-wood-console-table","20":"product_shipping_class-tables-free","22":"first","23":"instock","24":"shipping-taxable","25":"purchasable","26":"product-type-variable","27":"has-default-attributes"},"aioseo_notices":[],"jetpack_sharing_enabled":true,"_links":{"self":[{"href":"https:\/\/labesaya.com\/es\/wp-json\/wp\/v2\/product\/49498","targetHints":{"allow":["GET"]}}],"collection":[{"href":"https:\/\/labesaya.com\/es\/wp-json\/wp\/v2\/product"}],"about":[{"href":"https:\/\/labesaya.com\/es\/wp-json\/wp\/v2\/types\/product"}],"version-history":[{"count":13,"href":"https:\/\/labesaya.com\/es\/wp-json\/wp\/v2\/product\/49498\/revisions"}],"predecessor-version":[{"id":49566,"href":"https:\/\/labesaya.com\/es\/wp-json\/wp\/v2\/product\/49498\/revisions\/49566"}],"wp:featuredmedia":[{"embeddable":true,"href":"https:\/\/labesaya.com\/es\/wp-json\/wp\/v2\/media\/49529"}],"wp:attachment":[{"href":"https:\/\/labesaya.com\/es\/wp-json\/wp\/v2\/media?parent=49498"}],"wp:term":[{"taxonomy":"product_brand","embeddable":true,"href":"https:\/\/labesaya.com\/es\/wp-json\/wp\/v2\/product_brand?post=49498"},{"taxonomy":"product_cat","embeddable":true,"href":"https:\/\/labesaya.com\/es\/wp-json\/wp\/v2\/product_cat?post=49498"},{"taxonomy":"product_tag","embeddable":true,"href":"https:\/\/labesaya.com\/es\/wp-json\/wp\/v2\/product_tag?post=49498"}],"curies":[{"name":"wp","href":"https:\/\/api.w.org\/{rel}","templated":true}]}}