{"id":49461,"date":"2024-04-25T19:16:22","date_gmt":"2024-04-25T17:16:22","guid":{"rendered":"https:\/\/labesaya.com\/?post_type=product&#038;p=49461"},"modified":"2024-04-25T19:25:27","modified_gmt":"2024-04-25T17:25:27","slug":"live-edge-coffee-table-with-metal-legs","status":"publish","type":"product","link":"https:\/\/labesaya.com\/es\/producto\/live-edge-coffee-table-with-metal-legs\/","title":{"rendered":"Mesa de centro con borde natural y patas de metal"},"content":{"rendered":"<div data-elementor-type=\"product-post\" data-elementor-id=\"49461\" class=\"elementor elementor-49461\" data-elementor-post-type=\"product\">\n\t\t\t\t\t\t<section class=\"elementor-section elementor-inner-section elementor-element elementor-element-453e3f21 elementor-section-boxed elementor-section-height-default elementor-section-height-default\" data-id=\"453e3f21\" data-element_type=\"section\">\n\t\t\t\t\t\t<div class=\"elementor-container elementor-column-gap-default\">\n\t\t\t\t\t<div class=\"elementor-column elementor-col-50 elementor-inner-column elementor-element elementor-element-f66b81c\" data-id=\"f66b81c\" data-element_type=\"column\">\n\t\t\t<div class=\"elementor-widget-wrap elementor-element-populated\">\n\t\t\t\t\t\t<div class=\"elementor-element elementor-element-7bcba7 elementor-widget elementor-widget-text-editor\" data-id=\"7bcba7\" data-element_type=\"widget\" data-widget_type=\"text-editor.default\">\n\t\t\t\t<div class=\"elementor-widget-container\">\n\t\t\t\t\t\t\t\t\t<h2>Tu hogar es tu santuario<\/h2><p>\ud83c\udf3f\ud83c\udfe1 Tu hogar es tu santuario, tr\u00e1talo con respeto y ll\u00e9nalo con objetos que hayan sido elaborados con cuidado y pasi\u00f3n. No se trata solo de lo que ves, sino tambi\u00e9n de c\u00f3mo te sientes en tu espacio personal. Cu\u00eddate y transmite tu amor a los que son importantes para ti.<\/p>\t\t\t\t\t\t\t\t<\/div>\n\t\t\t\t<\/div>\n\t\t\t\t\t<\/div>\n\t\t<\/div>\n\t\t\t\t<div class=\"elementor-column elementor-col-50 elementor-inner-column elementor-element elementor-element-21b1a7e0\" data-id=\"21b1a7e0\" data-element_type=\"column\">\n\t\t\t<div class=\"elementor-widget-wrap elementor-element-populated\">\n\t\t\t\t\t\t<div class=\"elementor-element elementor-element-1a4846cb elementor-widget elementor-widget-image\" data-id=\"1a4846cb\" data-element_type=\"widget\" data-widget_type=\"image.default\">\n\t\t\t\t<div class=\"elementor-widget-container\">\n\t\t\t\t\t\t\t\t\t\t\t\t\t\t\t<img decoding=\"async\" src=\"https:\/\/labesaya.com\/wp-content\/uploads\/2024\/04\/PXL_20240425_1255210092-scaled.jpg\" title=\"PXL_20240425_125521009~2\" alt=\"Live edge coffee table, metal industrial legs, antique pine, certified wood furniture, carbon neutral furniture, tea table, rustic coffee table, low coffee table\" loading=\"lazy\" \/>\t\t\t\t\t\t\t\t\t\t\t\t\t\t\t<\/div>\n\t\t\t\t<\/div>\n\t\t\t\t\t<\/div>\n\t\t<\/div>\n\t\t\t\t\t<\/div>\n\t\t<\/section>\n\t\t\t\t<section class=\"elementor-section elementor-inner-section elementor-element elementor-element-588bd086 elementor-section-boxed elementor-section-height-default elementor-section-height-default\" data-id=\"588bd086\" data-element_type=\"section\">\n\t\t\t\t\t\t<div class=\"elementor-container elementor-column-gap-default\">\n\t\t\t\t\t<div class=\"elementor-column elementor-col-50 elementor-inner-column elementor-element elementor-element-331300f\" data-id=\"331300f\" data-element_type=\"column\">\n\t\t\t<div class=\"elementor-widget-wrap elementor-element-populated\">\n\t\t\t\t\t\t<div class=\"elementor-element elementor-element-5dbc41ef elementor-widget__width-initial elementor-widget elementor-widget-video\" data-id=\"5dbc41ef\" data-element_type=\"widget\" data-settings=\"{&quot;video_type&quot;:&quot;hosted&quot;,&quot;autoplay&quot;:&quot;yes&quot;,&quot;play_on_mobile&quot;:&quot;yes&quot;,&quot;mute&quot;:&quot;yes&quot;,&quot;loop&quot;:&quot;yes&quot;}\" data-widget_type=\"video.default\">\n\t\t\t\t<div class=\"elementor-widget-container\">\n\t\t\t\t\t\t\t<div class=\"e-hosted-video elementor-wrapper elementor-open-inline\">\n\t\t\t\t\t<video class=\"elementor-video\" src=\"https:\/\/labesaya.com\/wp-content\/uploads\/2024\/04\/workshop-planer.mp4\" autoplay=\"\" loop=\"\" muted=\"muted\" playsinline=\"\" controlslist=\"nodownload\"><\/video>\n\t\t\t\t<\/div>\n\t\t\t\t\t\t<\/div>\n\t\t\t\t<\/div>\n\t\t\t\t\t<\/div>\n\t\t<\/div>\n\t\t\t\t<div class=\"elementor-column elementor-col-50 elementor-inner-column elementor-element elementor-element-11b18cd2\" data-id=\"11b18cd2\" data-element_type=\"column\">\n\t\t\t<div class=\"elementor-widget-wrap elementor-element-populated\">\n\t\t\t\t\t\t<div class=\"elementor-element elementor-element-3c28d5b5 elementor-widget elementor-widget-text-editor\" data-id=\"3c28d5b5\" data-element_type=\"widget\" data-widget_type=\"text-editor.default\">\n\t\t\t\t<div class=\"elementor-widget-container\">\n\t\t\t\t\t\t\t\t\t<p><span style=\"color: #212121;\"><span style=\"font-size: 30px;\"><b>Tradici\u00f3n artesanal<br \/><\/b><\/span><\/span><br \/>\ud83d\udee0\ufe0f Soy carpintero y artesano con una larga tradici\u00f3n familiar en la carpinter\u00eda (iniciada por mi abuelo Adam). En cada pieza dejo un pedazo de mi coraz\u00f3n y alma. Todo lo que sale de mi taller tiene que ser perfecto y si no es debe ser hecho nuevamente. Esa es la principal diferencia entre la artesan\u00eda y lo fabricado en masa <\/p>\t\t\t\t\t\t\t\t<\/div>\n\t\t\t\t<\/div>\n\t\t\t\t\t<\/div>\n\t\t<\/div>\n\t\t\t\t\t<\/div>\n\t\t<\/section>\n\t\t\t\t<section class=\"elementor-section elementor-inner-section elementor-element elementor-element-16a0411e elementor-section-boxed elementor-section-height-default elementor-section-height-default\" data-id=\"16a0411e\" data-element_type=\"section\">\n\t\t\t\t\t\t<div class=\"elementor-container elementor-column-gap-default\">\n\t\t\t\t\t<div class=\"elementor-column elementor-col-50 elementor-inner-column elementor-element elementor-element-7e6c9bba\" data-id=\"7e6c9bba\" data-element_type=\"column\">\n\t\t\t<div class=\"elementor-widget-wrap elementor-element-populated\">\n\t\t\t\t\t\t<div class=\"elementor-element elementor-element-6b66a2c4 content-align-left icon-box-vertical-align-top icon-position-left icon-vertical-align-start elementor-widget elementor-widget-the7_icon_box_widget\" data-id=\"6b66a2c4\" data-element_type=\"widget\" data-widget_type=\"the7_icon_box_widget.default\">\n\t\t\t\t<div class=\"elementor-widget-container\">\n\t\t\t\t\t\n\t\t<div class=\"the7-box-wrapper the7-elementor-widget the7_icon_box_widget-6b66a2c4\">\t\t\t<div class=\"box-content-wrapper\">\n\t\t\t\t\t\t\t\t\t<a class=\"elementor-icon-div\" >\t\t\t\t\t\t<div class=\"elementor-icon\">\n\t\t\t\t\t\t\t<i aria-hidden=\"true\" class=\"fas fa-leaf\"><\/i>\t\t\t\t\t\t<\/div>\n\t\t\t\t\t<\/a>\t\t\t\t\t\t\t\t<div class=\"box-content\">\n\t\t\t\t\t\t\t\t\t\t\t\t\t\t\t\t\t<h4 class=\"box-heading\">\n\t\t\t\t\t\t\t<a >\t\t\t\t\t\t\t\tMadera de fuentes sostenibles.\t\t\t\t\t\t\t<\/a>\t\t\t\t\t\t<\/h4>\n\t\t\t\t\t\t\t\t\t\t\t\t\t\t\t\t<div class=\"box-description\">Nos aseguramos de utilizar madera proveniente de fuentes responsables y promovemos el reciclaje como medio para conservar los bosques, reducir los residuos y apoyar la sostenibilidad.<\/div>\n\t\t\t\t\t\n\t\t\t\t\t\n\t\t\t\t<\/div>\n\t\t\t<\/div>\n\t\t<\/div>\t\t\t\t\t<\/div>\n\t\t\t\t<\/div>\n\t\t\t\t\t<\/div>\n\t\t<\/div>\n\t\t\t\t<div class=\"elementor-column elementor-col-50 elementor-inner-column elementor-element elementor-element-603f6ac5\" data-id=\"603f6ac5\" data-element_type=\"column\">\n\t\t\t<div class=\"elementor-widget-wrap elementor-element-populated\">\n\t\t\t\t\t\t<div class=\"elementor-element elementor-element-3e9d340 content-align-left icon-box-vertical-align-top icon-position-left icon-vertical-align-start elementor-widget elementor-widget-the7_icon_box_widget\" data-id=\"3e9d340\" data-element_type=\"widget\" data-widget_type=\"the7_icon_box_widget.default\">\n\t\t\t\t<div class=\"elementor-widget-container\">\n\t\t\t\t\t\n\t\t<div class=\"the7-box-wrapper the7-elementor-widget the7_icon_box_widget-3e9d340\">\t\t\t<div class=\"box-content-wrapper\">\n\t\t\t\t\t\t\t\t\t<a class=\"elementor-icon-div\" >\t\t\t\t\t\t<div class=\"elementor-icon\">\n\t\t\t\t\t\t\t<i aria-hidden=\"true\" class=\"far fa-clock\"><\/i>\t\t\t\t\t\t<\/div>\n\t\t\t\t\t<\/a>\t\t\t\t\t\t\t\t<div class=\"box-content\">\n\t\t\t\t\t\t\t\t\t\t\t\t\t\t\t\t\t<h4 class=\"box-heading\">\n\t\t\t\t\t\t\t<a >\t\t\t\t\t\t\t\tHecho para ti\t\t\t\t\t\t\t<\/a>\t\t\t\t\t\t<\/h4>\n\t\t\t\t\t\t\t\t\t\t\t\t\t\t\t\t<div class=\"box-description\">Lo hacemos como lo deseas y lo m\u00e1s r\u00e1pido posible, sin comprometer la calidad.<\/div>\n\t\t\t\t\t\n\t\t\t\t\t\n\t\t\t\t<\/div>\n\t\t\t<\/div>\n\t\t<\/div>\t\t\t\t\t<\/div>\n\t\t\t\t<\/div>\n\t\t\t\t\t<\/div>\n\t\t<\/div>\n\t\t\t\t\t<\/div>\n\t\t<\/section>\n\t\t\t\t<\/div>","protected":false},"excerpt":{"rendered":"<p>La mesa es 100% artesanal y hecha a mano. Las patas de metal, soldadas en el taller de Labesaya, complementan el dise\u00f1o. La parte superior est\u00e1 elaborada con una losa de pino natural procedente de madera local certificada FSC, reconocida por su resistencia; esta variedad de pino es una de las m\u00e1s robustas de Europa <\/p>\n<p>La densidad de la madera es evidente por los anillos de crecimiento, lo que ilustra su calidad robusta.<\/p>\n<p>Custom-made to your specifications, we offer flexibility in size. If you would like some modification or don&#8217;t see the size you are looking for just ask us for a quote. It&#8217;s completely free of charge<\/p>\n<p>Altura - 46cm<br \/>\nAnchura: 38cm<\/p>","protected":false},"featured_media":49473,"template":"","meta":{"om_disable_all_campaigns":false,"_monsterinsights_skip_tracking":false,"_monsterinsights_sitenote_active":false,"_monsterinsights_sitenote_note":"","_monsterinsights_sitenote_category":0},"product_brand":[],"product_cat":[517,209],"product_tag":[518,522,523,519,470,409,520,415,469,473,524,521,471],"class_list":{"0":"post-49461","1":"product","2":"type-product","3":"status-publish","4":"has-post-thumbnail","6":"product_cat-coffee-tables","7":"product_cat-tables","8":"product_tag-coffee-table-legs","9":"product_tag-industrial-pub-table","10":"product_tag-industrial-side","11":"product_tag-live-edge-table","12":"product_tag-low-coffee-table","13":"product_tag-modern-coffee-table","14":"product_tag-round-coffee-table","15":"product_tag-rustic-coffee-table","16":"product_tag-small-coffee-table","17":"product_tag-table","18":"product_tag-thick-coffee-table","19":"product_tag-walnut-coffee-table","20":"product_tag-wood-coffee-table","21":"product_shipping_class-tables-free","23":"first","24":"instock","25":"shipping-taxable","26":"purchasable","27":"product-type-variable"},"aioseo_notices":[],"jetpack_sharing_enabled":true,"_links":{"self":[{"href":"https:\/\/labesaya.com\/es\/wp-json\/wp\/v2\/product\/49461","targetHints":{"allow":["GET"]}}],"collection":[{"href":"https:\/\/labesaya.com\/es\/wp-json\/wp\/v2\/product"}],"about":[{"href":"https:\/\/labesaya.com\/es\/wp-json\/wp\/v2\/types\/product"}],"version-history":[{"count":11,"href":"https:\/\/labesaya.com\/es\/wp-json\/wp\/v2\/product\/49461\/revisions"}],"predecessor-version":[{"id":49496,"href":"https:\/\/labesaya.com\/es\/wp-json\/wp\/v2\/product\/49461\/revisions\/49496"}],"wp:featuredmedia":[{"embeddable":true,"href":"https:\/\/labesaya.com\/es\/wp-json\/wp\/v2\/media\/49473"}],"wp:attachment":[{"href":"https:\/\/labesaya.com\/es\/wp-json\/wp\/v2\/media?parent=49461"}],"wp:term":[{"taxonomy":"product_brand","embeddable":true,"href":"https:\/\/labesaya.com\/es\/wp-json\/wp\/v2\/product_brand?post=49461"},{"taxonomy":"product_cat","embeddable":true,"href":"https:\/\/labesaya.com\/es\/wp-json\/wp\/v2\/product_cat?post=49461"},{"taxonomy":"product_tag","embeddable":true,"href":"https:\/\/labesaya.com\/es\/wp-json\/wp\/v2\/product_tag?post=49461"}],"curies":[{"name":"wp","href":"https:\/\/api.w.org\/{rel}","templated":true}]}}