{"id":49193,"date":"2024-02-29T12:25:03","date_gmt":"2024-02-29T11:25:03","guid":{"rendered":"https:\/\/labesaya.com\/?post_type=product&#038;p=49193"},"modified":"2024-02-29T19:48:57","modified_gmt":"2024-02-29T18:48:57","slug":"live-edge-floating-shelves","status":"publish","type":"product","link":"https:\/\/labesaya.com\/es\/producto\/live-edge-floating-shelves\/","title":{"rendered":"Estante flotante de madera maciza recuperada"},"content":{"rendered":"<div data-elementor-type=\"product-post\" data-elementor-id=\"49193\" class=\"elementor elementor-49193\" data-elementor-post-type=\"product\">\n\t\t\t\t\t\t<section class=\"elementor-section elementor-top-section elementor-element elementor-element-4cd9c690 elementor-section-boxed elementor-section-height-default elementor-section-height-default\" data-id=\"4cd9c690\" data-element_type=\"section\">\n\t\t\t\t\t\t<div class=\"elementor-container elementor-column-gap-default\">\n\t\t\t\t\t<div class=\"elementor-column elementor-col-100 elementor-top-column elementor-element elementor-element-5f75c29\" data-id=\"5f75c29\" data-element_type=\"column\">\n\t\t\t<div class=\"elementor-widget-wrap elementor-element-populated\">\n\t\t\t\t\t\t<section class=\"elementor-section elementor-inner-section elementor-element elementor-element-6bff01b1 elementor-section-boxed elementor-section-height-default elementor-section-height-default\" data-id=\"6bff01b1\" data-element_type=\"section\">\n\t\t\t\t\t\t<div class=\"elementor-container elementor-column-gap-default\">\n\t\t\t\t\t<div class=\"elementor-column elementor-col-50 elementor-inner-column elementor-element elementor-element-791d96f4\" data-id=\"791d96f4\" data-element_type=\"column\">\n\t\t\t<div class=\"elementor-widget-wrap elementor-element-populated\">\n\t\t\t\t\t\t<div class=\"elementor-element elementor-element-6ef8448b elementor-widget__width-initial elementor-widget elementor-widget-text-editor\" data-id=\"6ef8448b\" data-element_type=\"widget\" data-widget_type=\"text-editor.default\">\n\t\t\t\t<div class=\"elementor-widget-container\">\n\t\t\t\t\t\t\t\t\t<h2>Tradici\u00f3n<\/h2><p>Todas nuestras baldas encarnan la esencia de la duradera tradici\u00f3n artesanal de nuestra familia, asegurando que cada pieza sea elaborada con cuidado y atenci\u00f3n al detalle. El dise\u00f1o sencillo refleja la aut\u00e9ntica pasi\u00f3n y dedicaci\u00f3n vertidas en la creaci\u00f3n de estas humildes baldas flotantes.<\/p>\t\t\t\t\t\t\t\t<\/div>\n\t\t\t\t<\/div>\n\t\t\t\t\t<\/div>\n\t\t<\/div>\n\t\t\t\t<div class=\"elementor-column elementor-col-50 elementor-inner-column elementor-element elementor-element-f6f7a41\" data-id=\"f6f7a41\" data-element_type=\"column\">\n\t\t\t<div class=\"elementor-widget-wrap elementor-element-populated\">\n\t\t\t\t\t\t<div class=\"elementor-element elementor-element-6f5de287 elementor-widget__width-initial content-align-left the7-hover-visibility-disabled transform-overlay-yes exceeding-frame-yes elementor-widget elementor-widget-the7-image-widget\" data-id=\"6f5de287\" data-element_type=\"widget\" data-settings=\"{&quot;hover_visibility&quot;:&quot;disabled&quot;}\" data-widget_type=\"the7-image-widget.default\">\n\t\t\t\t<div class=\"elementor-widget-container\">\n\t\t\t\t\t<div class=\"the7-image-container\"><div class=\"the7-image-wrapper the7-elementor-widget the7-transform-container\"><div class=\"post-thumbnail-rollover layzr-bg img-css-resize-wrapper\"><img fetchpriority=\"high\" decoding=\"async\" width=\"2560\" height=\"1910\" src=\"data:image\/svg+xml,%3Csvg%20xmlns%3D&#039;http%3A%2F%2Fwww.w3.org%2F2000%2Fsvg&#039;%20viewBox%3D&#039;0%200%202560%201910&#039;%2F%3E\" class=\"attachment-full size-full preload-me aspect lazy lazy-load\" alt=\"Floating shelves, floating shelf\" sizes=\"(max-width: 2560px) 100vw, 2560px\" style=\"--ratio: 2560 \/ 1910;\" data-src=\"https:\/\/labesaya.com\/wp-content\/uploads\/2024\/02\/Floating-shelves-4-scaled.jpg\" loading=\"eager\" data-srcset=\"https:\/\/labesaya.com\/wp-content\/uploads\/2024\/02\/Floating-shelves-4-scaled.jpg 2560w, https:\/\/labesaya.com\/wp-content\/uploads\/2024\/02\/Floating-shelves-4-300x224.jpg 300w, https:\/\/labesaya.com\/wp-content\/uploads\/2024\/02\/Floating-shelves-4-1024x764.jpg 1024w, https:\/\/labesaya.com\/wp-content\/uploads\/2024\/02\/Floating-shelves-4-768x573.jpg 768w, https:\/\/labesaya.com\/wp-content\/uploads\/2024\/02\/Floating-shelves-4-1536x1146.jpg 1536w, https:\/\/labesaya.com\/wp-content\/uploads\/2024\/02\/Floating-shelves-4-2048x1528.jpg 2048w, https:\/\/labesaya.com\/wp-content\/uploads\/2024\/02\/Floating-shelves-4-16x12.jpg 16w, https:\/\/labesaya.com\/wp-content\/uploads\/2024\/02\/Floating-shelves-4-1200x895.jpg 1200w\" \/><\/div><\/div><\/div>\t\t\t\t<\/div>\n\t\t\t\t<\/div>\n\t\t\t\t\t<\/div>\n\t\t<\/div>\n\t\t\t\t\t<\/div>\n\t\t<\/section>\n\t\t\t\t\t<\/div>\n\t\t<\/div>\n\t\t\t\t\t<\/div>\n\t\t<\/section>\n\t\t\t\t<section class=\"elementor-section elementor-inner-section elementor-element elementor-element-6eb820f2 elementor-section-boxed elementor-section-height-default elementor-section-height-default\" data-id=\"6eb820f2\" data-element_type=\"section\">\n\t\t\t\t\t\t<div class=\"elementor-container elementor-column-gap-default\">\n\t\t\t\t\t<div class=\"elementor-column elementor-col-50 elementor-inner-column elementor-element elementor-element-523c9312\" data-id=\"523c9312\" data-element_type=\"column\">\n\t\t\t<div class=\"elementor-widget-wrap elementor-element-populated\">\n\t\t\t\t\t\t<div class=\"elementor-element elementor-element-6073a9ed elementor-widget elementor-widget-image\" data-id=\"6073a9ed\" data-element_type=\"widget\" data-widget_type=\"image.default\">\n\t\t\t\t<div class=\"elementor-widget-container\">\n\t\t\t\t\t\t\t\t\t\t\t\t\t\t\t<img decoding=\"async\" src=\"https:\/\/labesaya.com\/wp-content\/uploads\/2024\/02\/Floating-shelves-6-scaled.jpg\" title=\"Floating shelves-6\" alt=\"Floating shelves, floating shelf\" loading=\"lazy\" \/>\t\t\t\t\t\t\t\t\t\t\t\t\t\t\t<\/div>\n\t\t\t\t<\/div>\n\t\t\t\t\t<\/div>\n\t\t<\/div>\n\t\t\t\t<div class=\"elementor-column elementor-col-50 elementor-inner-column elementor-element elementor-element-33a0a5a\" data-id=\"33a0a5a\" data-element_type=\"column\">\n\t\t\t<div class=\"elementor-widget-wrap elementor-element-populated\">\n\t\t\t\t\t\t<div class=\"elementor-element elementor-element-11a7b085 elementor-widget elementor-widget-text-editor\" data-id=\"11a7b085\" data-element_type=\"widget\" data-widget_type=\"text-editor.default\">\n\t\t\t\t<div class=\"elementor-widget-container\">\n\t\t\t\t\t\t\t\t\t<h2>Adaptado a tu gusto<\/h2><p>Tu satisfacci\u00f3n es lo que nos impulsa. Si prefieres un tama\u00f1o o acabado diferente para tu estante, no dudes en enviarnos una solicitud de personalizaci\u00f3n. Estamos m\u00e1s que felices de adaptarnos a tus preferencias y crear una pieza que se sienta perfecta para ti<\/p>\t\t\t\t\t\t\t\t<\/div>\n\t\t\t\t<\/div>\n\t\t\t\t\t<\/div>\n\t\t<\/div>\n\t\t\t\t\t<\/div>\n\t\t<\/section>\n\t\t\t\t<section class=\"elementor-section elementor-top-section elementor-element elementor-element-7f136bf elementor-section-boxed elementor-section-height-default elementor-section-height-default\" data-id=\"7f136bf\" data-element_type=\"section\">\n\t\t\t\t\t\t<div class=\"elementor-container elementor-column-gap-default\">\n\t\t\t\t\t<div class=\"elementor-column elementor-col-100 elementor-top-column elementor-element elementor-element-5c138ef\" data-id=\"5c138ef\" data-element_type=\"column\">\n\t\t\t<div class=\"elementor-widget-wrap\">\n\t\t\t\t\t\t\t<\/div>\n\t\t<\/div>\n\t\t\t\t\t<\/div>\n\t\t<\/section>\n\t\t\t\t<\/div>","protected":false},"excerpt":{"rendered":"<p>Cada estante lleva las marcas de su viaje, con imperfecciones naturales como nudos, ara\u00f1azos y agujeros de clavos que a\u00f1aden un toque de car\u00e1cter y calidez<\/p>\n<ul>\n<li>Corte natural<\/li>\n<li>Acabado suave<\/li>\n<li>2x escuadras de hierro hechas a mano y tacos (todo incluido)<\/li>\n<li>20cm de anchura<\/li>\n<\/ul>","protected":false},"featured_media":49203,"template":"","meta":{"om_disable_all_campaigns":false,"_monsterinsights_skip_tracking":false,"_monsterinsights_sitenote_active":false,"_monsterinsights_sitenote_note":"","_monsterinsights_sitenote_category":0},"product_brand":[],"product_cat":[211],"product_tag":[52,437,439,438,440,167],"class_list":{"0":"post-49193","1":"product","2":"type-product","3":"status-publish","4":"has-post-thumbnail","6":"product_cat-shelves","7":"product_tag-farmhouse_decor","8":"product_tag-floating-shelves","9":"product_tag-live-edge","10":"product_tag-metal-brackets","11":"product_tag-minimalistic-design","12":"product_tag-rustic_farmhouse","13":"product_shipping_class-medium","15":"first","16":"instock","17":"shipping-taxable","18":"purchasable","19":"product-type-variable"},"aioseo_notices":[],"jetpack_sharing_enabled":true,"_links":{"self":[{"href":"https:\/\/labesaya.com\/es\/wp-json\/wp\/v2\/product\/49193","targetHints":{"allow":["GET"]}}],"collection":[{"href":"https:\/\/labesaya.com\/es\/wp-json\/wp\/v2\/product"}],"about":[{"href":"https:\/\/labesaya.com\/es\/wp-json\/wp\/v2\/types\/product"}],"version-history":[{"count":16,"href":"https:\/\/labesaya.com\/es\/wp-json\/wp\/v2\/product\/49193\/revisions"}],"predecessor-version":[{"id":49251,"href":"https:\/\/labesaya.com\/es\/wp-json\/wp\/v2\/product\/49193\/revisions\/49251"}],"wp:featuredmedia":[{"embeddable":true,"href":"https:\/\/labesaya.com\/es\/wp-json\/wp\/v2\/media\/49203"}],"wp:attachment":[{"href":"https:\/\/labesaya.com\/es\/wp-json\/wp\/v2\/media?parent=49193"}],"wp:term":[{"taxonomy":"product_brand","embeddable":true,"href":"https:\/\/labesaya.com\/es\/wp-json\/wp\/v2\/product_brand?post=49193"},{"taxonomy":"product_cat","embeddable":true,"href":"https:\/\/labesaya.com\/es\/wp-json\/wp\/v2\/product_cat?post=49193"},{"taxonomy":"product_tag","embeddable":true,"href":"https:\/\/labesaya.com\/es\/wp-json\/wp\/v2\/product_tag?post=49193"}],"curies":[{"name":"wp","href":"https:\/\/api.w.org\/{rel}","templated":true}]}}