{"id":47,"date":"2023-09-01T18:23:37","date_gmt":"2023-09-01T16:23:37","guid":{"rendered":"https:\/\/labesaya.com\/?product=rustic-hanging-planter-shelf-for-garden-wall-terrace-or-patio-outdoor-decor-farmhouse-garden-gift-made-our-of-reclaimed-wood"},"modified":"2024-02-28T19:56:10","modified_gmt":"2024-02-28T18:56:10","slug":"rustic-hanging-planter-shelf","status":"publish","type":"product","link":"https:\/\/labesaya.com\/es\/producto\/rustic-hanging-planter-shelf\/","title":{"rendered":"Estante colgante \"Rustic\""},"content":{"rendered":"<div data-elementor-type=\"product-post\" data-elementor-id=\"47\" class=\"elementor elementor-47\" data-elementor-post-type=\"product\">\n\t\t\t\t\t\t<section class=\"elementor-section elementor-top-section elementor-element elementor-element-b031d12 elementor-section-boxed elementor-section-height-default elementor-section-height-default\" data-id=\"b031d12\" data-element_type=\"section\">\n\t\t\t\t\t\t<div class=\"elementor-container elementor-column-gap-default\">\n\t\t\t\t\t<div class=\"elementor-column elementor-col-100 elementor-top-column elementor-element elementor-element-2696937\" data-id=\"2696937\" data-element_type=\"column\">\n\t\t\t<div class=\"elementor-widget-wrap elementor-element-populated\">\n\t\t\t\t\t\t<section class=\"elementor-section elementor-inner-section elementor-element elementor-element-68ccbbf elementor-section-boxed elementor-section-height-default elementor-section-height-default\" data-id=\"68ccbbf\" data-element_type=\"section\">\n\t\t\t\t\t\t<div class=\"elementor-container elementor-column-gap-default\">\n\t\t\t\t\t<div class=\"elementor-column elementor-col-50 elementor-inner-column elementor-element elementor-element-294c9fe\" data-id=\"294c9fe\" data-element_type=\"column\">\n\t\t\t<div class=\"elementor-widget-wrap elementor-element-populated\">\n\t\t\t\t\t\t<div class=\"elementor-element elementor-element-bd96f11 elementor-widget__width-initial elementor-widget elementor-widget-text-editor\" data-id=\"bd96f11\" data-element_type=\"widget\" data-widget_type=\"text-editor.default\">\n\t\t\t\t<div class=\"elementor-widget-container\">\n\t\t\t\t\t\t\t\t\t<h2>Soluci\u00f3n vers\u00e1til<\/h2><p>Este estante colgante para plantas ofrece versatilidad al mostrar tus plantas favoritas, suculentas o decoraciones. Su construcci\u00f3n resistente garantiza que pueda sostener de manera segura el peso de tus piezas elegidas, mientras que su est\u00e9tica natural y r\u00fastica agrega un encanto de granja a tu espacio exterior. Su dise\u00f1o flotante la convierte en una opci\u00f3n que ahorra espacio y maximiza el potencial de tu pared de jard\u00edn.<\/p>\t\t\t\t\t\t\t\t<\/div>\n\t\t\t\t<\/div>\n\t\t\t\t\t<\/div>\n\t\t<\/div>\n\t\t\t\t<div class=\"elementor-column elementor-col-50 elementor-inner-column elementor-element elementor-element-6f3fbfa\" data-id=\"6f3fbfa\" data-element_type=\"column\">\n\t\t\t<div class=\"elementor-widget-wrap elementor-element-populated\">\n\t\t\t\t\t\t<div class=\"elementor-element elementor-element-d6989fc elementor-widget__width-initial content-align-left the7-hover-visibility-disabled transform-overlay-yes exceeding-frame-yes elementor-widget elementor-widget-the7-image-widget\" data-id=\"d6989fc\" data-element_type=\"widget\" data-settings=\"{&quot;hover_visibility&quot;:&quot;disabled&quot;}\" data-widget_type=\"the7-image-widget.default\">\n\t\t\t\t<div class=\"elementor-widget-container\">\n\t\t\t\t\t<div class=\"the7-image-container\"><div class=\"the7-image-wrapper the7-elementor-widget the7-transform-container\"><div class=\"post-thumbnail-rollover layzr-bg img-css-resize-wrapper\"><img fetchpriority=\"high\" decoding=\"async\" width=\"2560\" height=\"1707\" src=\"data:image\/svg+xml,%3Csvg%20xmlns%3D&#039;http%3A%2F%2Fwww.w3.org%2F2000%2Fsvg&#039;%20viewBox%3D&#039;0%200%202560%201707&#039;%2F%3E\" class=\"attachment-full size-full preload-me aspect lazy lazy-load\" alt=\"\" sizes=\"(max-width: 2560px) 100vw, 2560px\" style=\"--ratio: 2560 \/ 1707;\" data-src=\"https:\/\/labesaya.com\/wp-content\/uploads\/2023\/09\/single-hanging-shelf-10-scaled.jpg\" loading=\"eager\" data-srcset=\"https:\/\/labesaya.com\/wp-content\/uploads\/2023\/09\/single-hanging-shelf-10-scaled.jpg 2560w, https:\/\/labesaya.com\/wp-content\/uploads\/2023\/09\/single-hanging-shelf-10-scaled-1200x800.jpg 1200w, https:\/\/labesaya.com\/wp-content\/uploads\/2023\/09\/single-hanging-shelf-10-300x200.jpg 300w, https:\/\/labesaya.com\/wp-content\/uploads\/2023\/09\/single-hanging-shelf-10-1024x683.jpg 1024w, https:\/\/labesaya.com\/wp-content\/uploads\/2023\/09\/single-hanging-shelf-10-768x512.jpg 768w, https:\/\/labesaya.com\/wp-content\/uploads\/2023\/09\/single-hanging-shelf-10-1536x1024.jpg 1536w, https:\/\/labesaya.com\/wp-content\/uploads\/2023\/09\/single-hanging-shelf-10-2048x1365.jpg 2048w, https:\/\/labesaya.com\/wp-content\/uploads\/2023\/09\/single-hanging-shelf-10-1320x880.jpg 1320w\" \/><\/div><\/div><\/div>\t\t\t\t<\/div>\n\t\t\t\t<\/div>\n\t\t\t\t\t<\/div>\n\t\t<\/div>\n\t\t\t\t\t<\/div>\n\t\t<\/section>\n\t\t\t\t\t<\/div>\n\t\t<\/div>\n\t\t\t\t\t<\/div>\n\t\t<\/section>\n\t\t\t\t<section class=\"elementor-section elementor-top-section elementor-element elementor-element-ba4a25d elementor-section-boxed elementor-section-height-default elementor-section-height-default\" data-id=\"ba4a25d\" data-element_type=\"section\">\n\t\t\t\t\t\t<div class=\"elementor-container elementor-column-gap-default\">\n\t\t\t\t\t<div class=\"elementor-column elementor-col-100 elementor-top-column elementor-element elementor-element-0f41f4b\" data-id=\"0f41f4b\" data-element_type=\"column\">\n\t\t\t<div class=\"elementor-widget-wrap elementor-element-populated\">\n\t\t\t\t\t\t<section class=\"elementor-section elementor-inner-section elementor-element elementor-element-c3ba2c8 elementor-section-boxed elementor-section-height-default elementor-section-height-default\" data-id=\"c3ba2c8\" data-element_type=\"section\">\n\t\t\t\t\t\t<div class=\"elementor-container elementor-column-gap-default\">\n\t\t\t\t\t<div class=\"elementor-column elementor-col-50 elementor-inner-column elementor-element elementor-element-41f06cc\" data-id=\"41f06cc\" data-element_type=\"column\">\n\t\t\t<div class=\"elementor-widget-wrap elementor-element-populated\">\n\t\t\t\t\t\t<div class=\"elementor-element elementor-element-49e1d02 elementor-widget elementor-widget-image\" data-id=\"49e1d02\" data-element_type=\"widget\" data-widget_type=\"image.default\">\n\t\t\t\t<div class=\"elementor-widget-container\">\n\t\t\t\t\t\t\t\t\t\t\t\t\t\t\t<img decoding=\"async\" src=\"https:\/\/labesaya.com\/wp-content\/uploads\/2023\/09\/single-hanging-shelf-6-1320x1130.jpg\" title=\"single-hanging-shelf-6\" alt=\"single-hanging-shelf-6\" loading=\"lazy\" \/>\t\t\t\t\t\t\t\t\t\t\t\t\t\t\t<\/div>\n\t\t\t\t<\/div>\n\t\t\t\t\t<\/div>\n\t\t<\/div>\n\t\t\t\t<div class=\"elementor-column elementor-col-50 elementor-inner-column elementor-element elementor-element-5d52164\" data-id=\"5d52164\" data-element_type=\"column\">\n\t\t\t<div class=\"elementor-widget-wrap elementor-element-populated\">\n\t\t\t\t\t\t<div class=\"elementor-element elementor-element-dcc3916 elementor-widget elementor-widget-text-editor\" data-id=\"dcc3916\" data-element_type=\"widget\" data-widget_type=\"text-editor.default\">\n\t\t\t\t<div class=\"elementor-widget-container\">\n\t\t\t\t\t\t\t\t\t<h2>Muestra lo que te importa<\/h2><p>Nuestra estanter\u00eda colgante de plantas r\u00fastica, dise\u00f1ada especialmente para adornar tu pared de jard\u00edn, terraza o patio con un toque de belleza natural. Elaborada con cuidado a mano, esta estanter\u00eda es la adici\u00f3n perfecta para tu decoraci\u00f3n exterior, lo que la convierte en un regalo ideal para jard\u00edn o para inaugurar una casa.<\/p>\t\t\t\t\t\t\t\t<\/div>\n\t\t\t\t<\/div>\n\t\t\t\t\t<\/div>\n\t\t<\/div>\n\t\t\t\t\t<\/div>\n\t\t<\/section>\n\t\t\t\t\t<\/div>\n\t\t<\/div>\n\t\t\t\t\t<\/div>\n\t\t<\/section>\n\t\t\t\t<section class=\"elementor-section elementor-top-section elementor-element elementor-element-fc479ba elementor-section-boxed elementor-section-height-default elementor-section-height-default\" data-id=\"fc479ba\" data-element_type=\"section\">\n\t\t\t\t\t\t<div class=\"elementor-container elementor-column-gap-default\">\n\t\t\t\t\t<div class=\"elementor-column elementor-col-100 elementor-top-column elementor-element elementor-element-15b3961\" data-id=\"15b3961\" data-element_type=\"column\">\n\t\t\t<div class=\"elementor-widget-wrap elementor-element-populated\">\n\t\t\t\t\t\t<section class=\"elementor-section elementor-inner-section elementor-element elementor-element-77703e6 elementor-section-boxed elementor-section-height-default elementor-section-height-default\" data-id=\"77703e6\" data-element_type=\"section\">\n\t\t\t\t\t\t<div class=\"elementor-container elementor-column-gap-default\">\n\t\t\t\t\t<div class=\"elementor-column elementor-col-50 elementor-inner-column elementor-element elementor-element-9933137\" data-id=\"9933137\" data-element_type=\"column\">\n\t\t\t<div class=\"elementor-widget-wrap elementor-element-populated\">\n\t\t\t\t\t\t<div class=\"elementor-element elementor-element-c02abeb elementor-widget elementor-widget-text-editor\" data-id=\"c02abeb\" data-element_type=\"widget\" data-widget_type=\"text-editor.default\">\n\t\t\t\t<div class=\"elementor-widget-container\">\n\t\t\t\t\t\t\t\t\t<h2>Las cosas buenas duran para siempre<\/h2>\n<p class=\"translation-block\"><span style=\"color: var(--the7-base-color);letter-spacing: var(--the7-base-letter-spacing);text-transform: var(--the7-base-text-transform)\">Para garantizar la longevidad de la estanter\u00eda, hemos tomado medidas adicionales para proteger la madera recuperada. La superficie est\u00e1 recubierta con un barniz resistente o una cera resistente a la intemperie, lo que la protege contra los elementos. Sin embargo, tenga en cuenta que una exposici\u00f3n excesiva y prolongada al agua todav\u00eda puede representar un riesgo para la madera.Para garantizar la longevidad de la estanter\u00eda, hemos tomado medidas adicionales para proteger la madera recuperada. La superficie est\u00e1 recubierta con un barniz resistente o una cera resistente a la intemperie, lo que la protege contra los elementos. Sin embargo, tenga en cuenta que una exposici\u00f3n excesiva y prolongada al agua todav\u00eda puede representar un riesgo para la madera.<\/p>\t\t\t\t\t\t\t\t<\/div>\n\t\t\t\t<\/div>\n\t\t\t\t\t<\/div>\n\t\t<\/div>\n\t\t\t\t<div class=\"elementor-column elementor-col-50 elementor-inner-column elementor-element elementor-element-86060c2\" data-id=\"86060c2\" data-element_type=\"column\">\n\t\t\t<div class=\"elementor-widget-wrap elementor-element-populated\">\n\t\t\t\t\t\t<div class=\"elementor-element elementor-element-ae0740e elementor-widget elementor-widget-image\" data-id=\"ae0740e\" data-element_type=\"widget\" data-widget_type=\"image.default\">\n\t\t\t\t<div class=\"elementor-widget-container\">\n\t\t\t\t\t\t\t\t\t\t\t\t\t\t\t<img decoding=\"async\" src=\"https:\/\/labesaya.com\/wp-content\/uploads\/2023\/09\/varnishing.jpeg\" title=\"varnishing\" alt=\"varnishing\" loading=\"lazy\" \/>\t\t\t\t\t\t\t\t\t\t\t\t\t\t\t<\/div>\n\t\t\t\t<\/div>\n\t\t\t\t\t<\/div>\n\t\t<\/div>\n\t\t\t\t\t<\/div>\n\t\t<\/section>\n\t\t\t\t\t<\/div>\n\t\t<\/div>\n\t\t\t\t\t<\/div>\n\t\t<\/section>\n\t\t\t\t<\/div>","protected":false},"excerpt":{"rendered":"<p>Elaborado con madera de pino reciclada, esta repisa lleva consigo una rica historia que a\u00f1ade car\u00e1cter y encanto a cualquier espacio. Cada pieza exhibe marcas y texturas naturales \u00fanicas, contando la historia de su vida anterior.<\/p>\n<p>&nbsp;<\/p>\n<ul>\n<li>Thickness of wood &#8211; 1,8 cm<\/li>\n<li>Material &#8211; Pine<\/li>\n<li>Varnish &#8211; transparent and very resitant<\/li>\n<\/ul>\n<p>Disponibles diferentes tama\u00f1os.<\/p>","protected":false},"featured_media":47912,"template":"","meta":{"om_disable_all_campaigns":false,"_monsterinsights_skip_tracking":false,"_monsterinsights_sitenote_active":false,"_monsterinsights_sitenote_note":"","_monsterinsights_sitenote_category":0},"product_brand":[],"product_cat":[211],"product_tag":[153,52,109,147,149,148,41,66,150,152,31,151],"class_list":{"0":"post-47","1":"product","2":"type-product","3":"status-publish","4":"has-post-thumbnail","6":"product_cat-shelves","7":"product_tag-corner_shelf","8":"product_tag-farmhouse_decor","9":"product_tag-floating_shelf","10":"product_tag-garden_decor","11":"product_tag-garden_furniture","12":"product_tag-garden_gifts","13":"product_tag-hanging_planter","14":"product_tag-housewarming_gift","15":"product_tag-outdoor_decor","16":"product_tag-plant_shelf","17":"product_tag-reclaimed_wood","18":"product_tag-solid_wood_bookcase","19":"product_shipping_class-small-package","21":"first","22":"instock","23":"shipping-taxable","24":"purchasable","25":"product-type-variable"},"aioseo_notices":[],"jetpack_sharing_enabled":true,"_links":{"self":[{"href":"https:\/\/labesaya.com\/es\/wp-json\/wp\/v2\/product\/47","targetHints":{"allow":["GET"]}}],"collection":[{"href":"https:\/\/labesaya.com\/es\/wp-json\/wp\/v2\/product"}],"about":[{"href":"https:\/\/labesaya.com\/es\/wp-json\/wp\/v2\/types\/product"}],"version-history":[{"count":20,"href":"https:\/\/labesaya.com\/es\/wp-json\/wp\/v2\/product\/47\/revisions"}],"predecessor-version":[{"id":48577,"href":"https:\/\/labesaya.com\/es\/wp-json\/wp\/v2\/product\/47\/revisions\/48577"}],"wp:featuredmedia":[{"embeddable":true,"href":"https:\/\/labesaya.com\/es\/wp-json\/wp\/v2\/media\/47912"}],"wp:attachment":[{"href":"https:\/\/labesaya.com\/es\/wp-json\/wp\/v2\/media?parent=47"}],"wp:term":[{"taxonomy":"product_brand","embeddable":true,"href":"https:\/\/labesaya.com\/es\/wp-json\/wp\/v2\/product_brand?post=47"},{"taxonomy":"product_cat","embeddable":true,"href":"https:\/\/labesaya.com\/es\/wp-json\/wp\/v2\/product_cat?post=47"},{"taxonomy":"product_tag","embeddable":true,"href":"https:\/\/labesaya.com\/es\/wp-json\/wp\/v2\/product_tag?post=47"}],"curies":[{"name":"wp","href":"https:\/\/api.w.org\/{rel}","templated":true}]}}