{"id":35,"date":"2023-09-01T18:22:57","date_gmt":"2023-09-01T16:22:57","guid":{"rendered":"https:\/\/labesaya.com\/?product=farmhouse-coat-rack-made-out-of-reclaimed-wood-entry-way-organizer-with-wood-shelf-and-key-holder-rustic-coat-rack"},"modified":"2024-02-29T11:21:28","modified_gmt":"2024-02-29T10:21:28","slug":"coat-rack-2","status":"publish","type":"product","link":"https:\/\/labesaya.com\/es\/producto\/coat-rack-2\/","title":{"rendered":"Perchero de caba\u00f1a"},"content":{"rendered":"<div data-elementor-type=\"product-post\" data-elementor-id=\"35\" class=\"elementor elementor-35\" data-elementor-post-type=\"product\">\n\t\t\t\t\t\t<section class=\"elementor-section elementor-top-section elementor-element elementor-element-c6fefaf elementor-section-boxed elementor-section-height-default elementor-section-height-default\" data-id=\"c6fefaf\" data-element_type=\"section\">\n\t\t\t\t\t\t<div class=\"elementor-container elementor-column-gap-default\">\n\t\t\t\t\t<div class=\"elementor-column elementor-col-100 elementor-top-column elementor-element elementor-element-47a7556\" data-id=\"47a7556\" data-element_type=\"column\">\n\t\t\t<div class=\"elementor-widget-wrap elementor-element-populated\">\n\t\t\t\t\t\t<section class=\"elementor-section elementor-inner-section elementor-element elementor-element-1116172 elementor-section-boxed elementor-section-height-default elementor-section-height-default\" data-id=\"1116172\" data-element_type=\"section\">\n\t\t\t\t\t\t<div class=\"elementor-container elementor-column-gap-default\">\n\t\t\t\t\t<div class=\"elementor-column elementor-col-50 elementor-inner-column elementor-element elementor-element-d321bf0\" data-id=\"d321bf0\" data-element_type=\"column\">\n\t\t\t<div class=\"elementor-widget-wrap elementor-element-populated\">\n\t\t\t\t\t\t<div class=\"elementor-element elementor-element-9517f76 elementor-widget elementor-widget-image\" data-id=\"9517f76\" data-element_type=\"widget\" data-widget_type=\"image.default\">\n\t\t\t\t<div class=\"elementor-widget-container\">\n\t\t\t\t\t\t\t\t\t\t\t\t\t\t\t<img decoding=\"async\" src=\"https:\/\/labesaya.com\/wp-content\/uploads\/2023\/09\/coat-rack-big-1-1320x880.jpg\" title=\"binary comment\" alt=\"binary comment\" loading=\"lazy\" \/>\t\t\t\t\t\t\t\t\t\t\t\t\t\t\t<\/div>\n\t\t\t\t<\/div>\n\t\t\t\t\t<\/div>\n\t\t<\/div>\n\t\t\t\t<div class=\"elementor-column elementor-col-50 elementor-inner-column elementor-element elementor-element-0e9497e\" data-id=\"0e9497e\" data-element_type=\"column\">\n\t\t\t<div class=\"elementor-widget-wrap elementor-element-populated\">\n\t\t\t\t\t\t<div class=\"elementor-element elementor-element-298951d elementor-widget elementor-widget-text-editor\" data-id=\"298951d\" data-element_type=\"widget\" data-widget_type=\"text-editor.default\">\n\t\t\t\t<div class=\"elementor-widget-container\">\n\t\t\t\t\t\t\t\t\t<h3>Si\u00e9ntete c\u00f3modo desde la entrada<\/h3><p>El estante en la entrada tiene ganchos para que puedas colgar las llaves. Tambi\u00e9n hay una repisa de madera donde puedes colocar cosas como plantas, decoraciones, guantes y bufandas. Hay 4 ganchos hechos de madera de almendro y 3 ganchos para clavos para que puedas colgar las llaves.<\/p>\t\t\t\t\t\t\t\t<\/div>\n\t\t\t\t<\/div>\n\t\t\t\t\t<\/div>\n\t\t<\/div>\n\t\t\t\t\t<\/div>\n\t\t<\/section>\n\t\t\t\t<section class=\"elementor-section elementor-inner-section elementor-element elementor-element-9fe63a3 elementor-section-boxed elementor-section-height-default elementor-section-height-default\" data-id=\"9fe63a3\" data-element_type=\"section\">\n\t\t\t\t\t\t<div class=\"elementor-container elementor-column-gap-default\">\n\t\t\t\t\t<div class=\"elementor-column elementor-col-50 elementor-inner-column elementor-element elementor-element-9254803\" data-id=\"9254803\" data-element_type=\"column\">\n\t\t\t<div class=\"elementor-widget-wrap elementor-element-populated\">\n\t\t\t\t\t\t<div class=\"elementor-element elementor-element-1c76222 elementor-widget elementor-widget-text-editor\" data-id=\"1c76222\" data-element_type=\"widget\" data-widget_type=\"text-editor.default\">\n\t\t\t\t<div class=\"elementor-widget-container\">\n\t\t\t\t\t\t\t\t\t<h2>Las cosas buenas duran para siempre<\/h2>\n<p class=\"translation-block\"><span style=\"color: var(--the7-base-color);letter-spacing: var(--the7-base-letter-spacing);text-transform: var(--the7-base-text-transform)\">Para garantizar la longevidad de la estanter\u00eda, hemos tomado medidas adicionales para proteger la madera recuperada. La superficie est\u00e1 recubierta con un barniz resistente o una cera resistente a la intemperie, lo que la protege contra los elementos. Sin embargo, tenga en cuenta que una exposici\u00f3n excesiva y prolongada al agua todav\u00eda puede representar un riesgo para la madera.Para garantizar la longevidad de la estanter\u00eda, hemos tomado medidas adicionales para proteger la madera recuperada. La superficie est\u00e1 recubierta con un barniz resistente o una cera resistente a la intemperie, lo que la protege contra los elementos. Sin embargo, tenga en cuenta que una exposici\u00f3n excesiva y prolongada al agua todav\u00eda puede representar un riesgo para la madera.<\/p>\t\t\t\t\t\t\t\t<\/div>\n\t\t\t\t<\/div>\n\t\t\t\t\t<\/div>\n\t\t<\/div>\n\t\t\t\t<div class=\"elementor-column elementor-col-50 elementor-inner-column elementor-element elementor-element-f5e32ef\" data-id=\"f5e32ef\" data-element_type=\"column\">\n\t\t\t<div class=\"elementor-widget-wrap elementor-element-populated\">\n\t\t\t\t\t\t<div class=\"elementor-element elementor-element-fa73802 elementor-widget elementor-widget-image\" data-id=\"fa73802\" data-element_type=\"widget\" data-widget_type=\"image.default\">\n\t\t\t\t<div class=\"elementor-widget-container\">\n\t\t\t\t\t\t\t\t\t\t\t\t\t\t\t<img decoding=\"async\" src=\"https:\/\/labesaya.com\/wp-content\/uploads\/2023\/09\/varnishing.jpeg\" title=\"varnishing\" alt=\"varnishing\" loading=\"lazy\" \/>\t\t\t\t\t\t\t\t\t\t\t\t\t\t\t<\/div>\n\t\t\t\t<\/div>\n\t\t\t\t\t<\/div>\n\t\t<\/div>\n\t\t\t\t\t<\/div>\n\t\t<\/section>\n\t\t\t\t\t<\/div>\n\t\t<\/div>\n\t\t\t\t\t<\/div>\n\t\t<\/section>\n\t\t\t\t<\/div>","protected":false},"excerpt":{"rendered":"<p>Hecho de madera reciclada, cada perchero es \u00fanico y singular, proporcionando a tu hogar una sensaci\u00f3n acogedora y acogedora. Las manchas naturales, ara\u00f1azos y agujeros de clavos contribuyen al encanto de esta decoraci\u00f3n de estilo r\u00fastico.<\/p>\n<ul>\n<li>Amplio y c\u00f3modo estante superior.<\/li>\n<li>4 ganchos de madera para ropa\/abrigos.<\/li>\n<li>3 ganchos de metal para llaves y correas.<\/li>\n<li>2 agujeros preperforados y tacos de pared para una instalaci\u00f3n sencilla (incluidas).<\/li>\n<\/ul>\n<p>Dimensiones:<\/p>\n<ul>\n<li>Height &#8211; 25cm<\/li>\n<li>Width &#8211; 100cm<\/li>\n<li>Depth &#8211; 18cm<\/li>\n<\/ul>\n<p>&nbsp;<\/p>","protected":false},"featured_media":48294,"template":"","meta":{"om_disable_all_campaigns":false,"_monsterinsights_skip_tracking":false,"_monsterinsights_sitenote_active":false,"_monsterinsights_sitenote_note":"","_monsterinsights_sitenote_category":0},"product_brand":[],"product_cat":[283],"product_tag":[96,95,97,98,103,93,94,91,100,99,102,92,101],"class_list":{"0":"post-35","1":"product","2":"type-product","3":"status-publish","4":"has-post-thumbnail","6":"product_cat-coatracks","7":"product_tag-coat_hook","8":"product_tag-coat_rack","9":"product_tag-entryway_organizer","10":"product_tag-entryway_shelf","11":"product_tag-entryway_storage","12":"product_tag-key_holder","13":"product_tag-key_hook","14":"product_tag-rustic_modern","15":"product_tag-towel_hook","16":"product_tag-towel_rack","17":"product_tag-wall_decor","18":"product_tag-wall_mounted","19":"product_tag-wood_shelf","20":"product_shipping_class-small-package","22":"first","23":"instock","24":"shipping-taxable","25":"purchasable","26":"product-type-simple"},"aioseo_notices":[],"jetpack_sharing_enabled":true,"_links":{"self":[{"href":"https:\/\/labesaya.com\/es\/wp-json\/wp\/v2\/product\/35","targetHints":{"allow":["GET"]}}],"collection":[{"href":"https:\/\/labesaya.com\/es\/wp-json\/wp\/v2\/product"}],"about":[{"href":"https:\/\/labesaya.com\/es\/wp-json\/wp\/v2\/types\/product"}],"version-history":[{"count":10,"href":"https:\/\/labesaya.com\/es\/wp-json\/wp\/v2\/product\/35\/revisions"}],"predecessor-version":[{"id":48324,"href":"https:\/\/labesaya.com\/es\/wp-json\/wp\/v2\/product\/35\/revisions\/48324"}],"wp:featuredmedia":[{"embeddable":true,"href":"https:\/\/labesaya.com\/es\/wp-json\/wp\/v2\/media\/48294"}],"wp:attachment":[{"href":"https:\/\/labesaya.com\/es\/wp-json\/wp\/v2\/media?parent=35"}],"wp:term":[{"taxonomy":"product_brand","embeddable":true,"href":"https:\/\/labesaya.com\/es\/wp-json\/wp\/v2\/product_brand?post=35"},{"taxonomy":"product_cat","embeddable":true,"href":"https:\/\/labesaya.com\/es\/wp-json\/wp\/v2\/product_cat?post=35"},{"taxonomy":"product_tag","embeddable":true,"href":"https:\/\/labesaya.com\/es\/wp-json\/wp\/v2\/product_tag?post=35"}],"curies":[{"name":"wp","href":"https:\/\/api.w.org\/{rel}","templated":true}]}}