{"id":33,"date":"2023-09-01T18:22:53","date_gmt":"2023-09-01T16:22:53","guid":{"rendered":"https:\/\/labesaya.com\/?product=epoxy-charcuterie-board-resin-cutting-board-housewarming-gift-serving-tray-cheese-board-personalized-gifts-for-dad"},"modified":"2024-01-30T13:57:05","modified_gmt":"2024-01-30T12:57:05","slug":"epoxy-charcuterie-board","status":"publish","type":"product","link":"https:\/\/labesaya.com\/es\/producto\/epoxy-charcuterie-board\/","title":{"rendered":"Tabla de roble y resina \u201cRIO\u201d"},"content":{"rendered":"<div data-elementor-type=\"product-post\" data-elementor-id=\"33\" class=\"elementor elementor-33\" data-elementor-post-type=\"product\">\n\t\t\t\t\t\t<section class=\"elementor-section elementor-top-section elementor-element elementor-element-7a56310 animated-slow elementor-section-boxed elementor-section-height-default elementor-section-height-default elementor-invisible\" data-id=\"7a56310\" data-element_type=\"section\" data-settings=\"{&quot;animation&quot;:&quot;fadeIn&quot;,&quot;animation_delay&quot;:8}\">\n\t\t\t\t\t\t<div class=\"elementor-container elementor-column-gap-default\">\n\t\t\t\t\t<div class=\"elementor-column elementor-col-50 elementor-top-column elementor-element elementor-element-c6ed749\" data-id=\"c6ed749\" data-element_type=\"column\">\n\t\t\t<div class=\"elementor-widget-wrap elementor-element-populated\">\n\t\t\t\t\t\t<div class=\"elementor-element elementor-element-772f902 elementor-widget elementor-widget-text-editor\" data-id=\"772f902\" data-element_type=\"widget\" data-widget_type=\"text-editor.default\">\n\t\t\t\t<div class=\"elementor-widget-container\">\n\t\t\t\t\t\t\t\t\t<h3>Belleza sumergida<\/h3><p>Esta tabla es un gran complemento para tu cocina. Agrega personalidad a tu hogar y puede desempe\u00f1ar un papel principal al hospedar fiestas o reuniones por la tarde con tus amigos y familiares. Es posible que desees pedirlo como regalo para aquellos a quienes amas. Mu\u00e9strales que te importan y que los recuerdas.<\/p>\t\t\t\t\t\t\t\t<\/div>\n\t\t\t\t<\/div>\n\t\t\t\t\t<\/div>\n\t\t<\/div>\n\t\t\t\t<div class=\"elementor-column elementor-col-50 elementor-top-column elementor-element elementor-element-fd07d21\" data-id=\"fd07d21\" data-element_type=\"column\">\n\t\t\t<div class=\"elementor-widget-wrap elementor-element-populated\">\n\t\t\t\t\t\t<div class=\"elementor-element elementor-element-03d8e5a elementor-widget elementor-widget-image\" data-id=\"03d8e5a\" data-element_type=\"widget\" data-widget_type=\"image.default\">\n\t\t\t\t<div class=\"elementor-widget-container\">\n\t\t\t\t\t\t\t\t\t\t\t\t\t\t\t<img fetchpriority=\"high\" decoding=\"async\" width=\"1024\" height=\"683\" src=\"https:\/\/labesaya.com\/wp-content\/uploads\/2023\/09\/IMG_4491-1024x683.jpg\" class=\"attachment-large size-large wp-image-48460\" alt=\"\" srcset=\"https:\/\/labesaya.com\/wp-content\/uploads\/2023\/09\/IMG_4491-1024x683.jpg 1024w, https:\/\/labesaya.com\/wp-content\/uploads\/2023\/09\/IMG_4491-300x200.jpg 300w, https:\/\/labesaya.com\/wp-content\/uploads\/2023\/09\/IMG_4491-768x512.jpg 768w, https:\/\/labesaya.com\/wp-content\/uploads\/2023\/09\/IMG_4491-1536x1024.jpg 1536w, https:\/\/labesaya.com\/wp-content\/uploads\/2023\/09\/IMG_4491-2048x1365.jpg 2048w, https:\/\/labesaya.com\/wp-content\/uploads\/2023\/09\/IMG_4491-1320x880.jpg 1320w, https:\/\/labesaya.com\/wp-content\/uploads\/2023\/09\/IMG_4491-1200x800.jpg 1200w\" sizes=\"(max-width: 1024px) 100vw, 1024px\" \/>\t\t\t\t\t\t\t\t\t\t\t\t\t\t\t<\/div>\n\t\t\t\t<\/div>\n\t\t\t\t\t<\/div>\n\t\t<\/div>\n\t\t\t\t\t<\/div>\n\t\t<\/section>\n\t\t\t\t<section class=\"elementor-section elementor-top-section elementor-element elementor-element-813714d animated-slow elementor-section-boxed elementor-section-height-default elementor-section-height-default elementor-invisible\" data-id=\"813714d\" data-element_type=\"section\" data-settings=\"{&quot;animation&quot;:&quot;fadeIn&quot;,&quot;animation_delay&quot;:10}\">\n\t\t\t\t\t\t<div class=\"elementor-container elementor-column-gap-default\">\n\t\t\t\t\t<div class=\"elementor-column elementor-col-100 elementor-top-column elementor-element elementor-element-ae65e56\" data-id=\"ae65e56\" data-element_type=\"column\">\n\t\t\t<div class=\"elementor-widget-wrap elementor-element-populated\">\n\t\t\t\t\t\t<section class=\"elementor-section elementor-inner-section elementor-element elementor-element-4dcc98c animated-slow elementor-section-boxed elementor-section-height-default elementor-section-height-default elementor-invisible\" data-id=\"4dcc98c\" data-element_type=\"section\" data-settings=\"{&quot;animation&quot;:&quot;fadeIn&quot;,&quot;animation_delay&quot;:8}\">\n\t\t\t\t\t\t<div class=\"elementor-container elementor-column-gap-default\">\n\t\t\t\t\t<div class=\"elementor-column elementor-col-50 elementor-inner-column elementor-element elementor-element-a2661a8\" data-id=\"a2661a8\" data-element_type=\"column\">\n\t\t\t<div class=\"elementor-widget-wrap elementor-element-populated\">\n\t\t\t\t\t\t<div class=\"elementor-element elementor-element-631408a elementor-widget elementor-widget-image\" data-id=\"631408a\" data-element_type=\"widget\" data-widget_type=\"image.default\">\n\t\t\t\t<div class=\"elementor-widget-container\">\n\t\t\t\t\t\t\t\t\t\t\t\t\t\t\t<img decoding=\"async\" src=\"https:\/\/labesaya.com\/wp-content\/uploads\/2023\/09\/varnishing.jpeg\" title=\"varnishing\" alt=\"varnishing\" loading=\"lazy\" \/>\t\t\t\t\t\t\t\t\t\t\t\t\t\t\t<\/div>\n\t\t\t\t<\/div>\n\t\t\t\t\t<\/div>\n\t\t<\/div>\n\t\t\t\t<div class=\"elementor-column elementor-col-50 elementor-inner-column elementor-element elementor-element-c88e872\" data-id=\"c88e872\" data-element_type=\"column\">\n\t\t\t<div class=\"elementor-widget-wrap elementor-element-populated\">\n\t\t\t\t\t\t<div class=\"elementor-element elementor-element-fd6eb02 elementor-widget elementor-widget-text-editor\" data-id=\"fd6eb02\" data-element_type=\"widget\" data-widget_type=\"text-editor.default\">\n\t\t\t\t<div class=\"elementor-widget-container\">\n\t\t\t\t\t\t\t\t\t<h2>Las cosas buenas duran para siempre<\/h2>\n<p class=\"translation-block\"><span style=\"color: var(--the7-base-color);letter-spacing: var(--the7-base-letter-spacing);text-transform: var(--the7-base-text-transform)\">Para garantizar la longevidad de la estanter\u00eda, hemos tomado medidas adicionales para proteger la madera recuperada. La superficie est\u00e1 recubierta con un barniz resistente o una cera resistente a la intemperie, lo que la protege contra los elementos. Sin embargo, tenga en cuenta que una exposici\u00f3n excesiva y prolongada al agua todav\u00eda puede representar un riesgo para la madera.Para garantizar la longevidad de la estanter\u00eda, hemos tomado medidas adicionales para proteger la madera recuperada. La superficie est\u00e1 recubierta con un barniz resistente o una cera resistente a la intemperie, lo que la protege contra los elementos. Sin embargo, tenga en cuenta que una exposici\u00f3n excesiva y prolongada al agua todav\u00eda puede representar un riesgo para la madera.<\/p>\t\t\t\t\t\t\t\t<\/div>\n\t\t\t\t<\/div>\n\t\t\t\t\t<\/div>\n\t\t<\/div>\n\t\t\t\t\t<\/div>\n\t\t<\/section>\n\t\t\t\t\t<\/div>\n\t\t<\/div>\n\t\t\t\t\t<\/div>\n\t\t<\/section>\n\t\t\t\t<\/div>","protected":false},"excerpt":{"rendered":"<p>Tabla de madera de roble y resina epoxi con conchas sumergidas<\/p>\n<p>&nbsp;<\/p>\n<p>Tama\u00f1o:<\/p>\n<p>&#8211; length 39 cm (15&#8243;)<\/p>\n<p>&#8211; width 21 cm (8&#8243;)<\/p>\n<p>&#8211; thickness 2,5 cm (1&#8243;)<\/p>","protected":false},"featured_media":48455,"template":"","meta":{"om_disable_all_campaigns":false,"_monsterinsights_skip_tracking":false,"_monsterinsights_sitenote_active":false,"_monsterinsights_sitenote_note":"","_monsterinsights_sitenote_category":0},"product_brand":[],"product_cat":[325],"product_tag":[58,59,60,61,62,63,64,89,86,66,68,90,65],"class_list":{"0":"post-33","1":"product","2":"type-product","3":"status-publish","4":"has-post-thumbnail","6":"product_cat-boards","7":"product_tag-charcuterie_board","8":"product_tag-charcuterie_tray","9":"product_tag-cheese_board","10":"product_tag-cheese_platter","11":"product_tag-custom_cutting_board","12":"product_tag-cutting_board","13":"product_tag-cutting_board_wood","14":"product_tag-epoxy_cutting_board","15":"product_tag-fathers_day_gifts","16":"product_tag-housewarming_gift","17":"product_tag-mothers_day_gift","18":"product_tag-recipe_cutting_board","19":"product_tag-wedding_gift","20":"product_shipping_class-small-package","22":"first","23":"instock","24":"shipping-taxable","25":"purchasable","26":"product-type-simple"},"aioseo_notices":[],"jetpack_sharing_enabled":true,"_links":{"self":[{"href":"https:\/\/labesaya.com\/es\/wp-json\/wp\/v2\/product\/33","targetHints":{"allow":["GET"]}}],"collection":[{"href":"https:\/\/labesaya.com\/es\/wp-json\/wp\/v2\/product"}],"about":[{"href":"https:\/\/labesaya.com\/es\/wp-json\/wp\/v2\/types\/product"}],"version-history":[{"count":10,"href":"https:\/\/labesaya.com\/es\/wp-json\/wp\/v2\/product\/33\/revisions"}],"predecessor-version":[{"id":48469,"href":"https:\/\/labesaya.com\/es\/wp-json\/wp\/v2\/product\/33\/revisions\/48469"}],"wp:featuredmedia":[{"embeddable":true,"href":"https:\/\/labesaya.com\/es\/wp-json\/wp\/v2\/media\/48455"}],"wp:attachment":[{"href":"https:\/\/labesaya.com\/es\/wp-json\/wp\/v2\/media?parent=33"}],"wp:term":[{"taxonomy":"product_brand","embeddable":true,"href":"https:\/\/labesaya.com\/es\/wp-json\/wp\/v2\/product_brand?post=33"},{"taxonomy":"product_cat","embeddable":true,"href":"https:\/\/labesaya.com\/es\/wp-json\/wp\/v2\/product_cat?post=33"},{"taxonomy":"product_tag","embeddable":true,"href":"https:\/\/labesaya.com\/es\/wp-json\/wp\/v2\/product_tag?post=33"}],"curies":[{"name":"wp","href":"https:\/\/api.w.org\/{rel}","templated":true}]}}