{"id":29,"date":"2023-09-01T18:22:40","date_gmt":"2023-09-01T16:22:40","guid":{"rendered":"https:\/\/labesaya.com\/?product=personalized-charcuterie-boardhousewarming-gift-rustic-cutting-board-cheese-board-fathers-day-gifts-personalized-gifts-for-dad"},"modified":"2024-01-30T13:56:53","modified_gmt":"2024-01-30T12:56:53","slug":"personalized-cutting-board","status":"publish","type":"product","link":"https:\/\/labesaya.com\/es\/producto\/personalized-cutting-board\/","title":{"rendered":"Tabla de quesos con grabado personalizado"},"content":{"rendered":"<div data-elementor-type=\"product-post\" data-elementor-id=\"29\" class=\"elementor elementor-29\" data-elementor-post-type=\"product\">\n\t\t\t\t\t\t<section class=\"elementor-section elementor-top-section elementor-element elementor-element-54ecfdb elementor-section-boxed elementor-section-height-default elementor-section-height-default\" data-id=\"54ecfdb\" data-element_type=\"section\">\n\t\t\t\t\t\t<div class=\"elementor-container elementor-column-gap-default\">\n\t\t\t\t\t<div class=\"elementor-column elementor-col-50 elementor-top-column elementor-element elementor-element-514796d\" data-id=\"514796d\" data-element_type=\"column\">\n\t\t\t<div class=\"elementor-widget-wrap elementor-element-populated\">\n\t\t\t\t\t\t<div class=\"elementor-element elementor-element-e4af5c7 elementor-widget elementor-widget-text-editor\" data-id=\"e4af5c7\" data-element_type=\"widget\" data-widget_type=\"text-editor.default\">\n\t\t\t\t<div class=\"elementor-widget-container\">\n\t\t\t\t\t\t\t\t\t<h3>Crea recuerdos<\/h3><p>A\u00f1ade tu toque personal a tu cocina o haz un gran regalo para una bodas. El grabado personalizado permite dise\u00f1os \u00fanicos, incluyendo logotipos de empresa<\/p>\t\t\t\t\t\t\t\t<\/div>\n\t\t\t\t<\/div>\n\t\t\t\t\t<\/div>\n\t\t<\/div>\n\t\t\t\t<div class=\"elementor-column elementor-col-50 elementor-top-column elementor-element elementor-element-926c659\" data-id=\"926c659\" data-element_type=\"column\">\n\t\t\t<div class=\"elementor-widget-wrap elementor-element-populated\">\n\t\t\t\t\t\t<div class=\"elementor-element elementor-element-cfaa5ff elementor-widget elementor-widget-image\" data-id=\"cfaa5ff\" data-element_type=\"widget\" data-widget_type=\"image.default\">\n\t\t\t\t<div class=\"elementor-widget-container\">\n\t\t\t\t\t\t\t\t\t\t\t\t\t\t\t<img fetchpriority=\"high\" decoding=\"async\" width=\"768\" height=\"432\" src=\"https:\/\/labesaya.com\/wp-content\/uploads\/2023\/09\/oak-rectangle-4-768x432.jpg\" class=\"attachment-medium_large size-medium_large wp-image-48442\" alt=\"\" srcset=\"https:\/\/labesaya.com\/wp-content\/uploads\/2023\/09\/oak-rectangle-4-768x432.jpg 768w, https:\/\/labesaya.com\/wp-content\/uploads\/2023\/09\/oak-rectangle-4-300x169.jpg 300w, https:\/\/labesaya.com\/wp-content\/uploads\/2023\/09\/oak-rectangle-4-1024x576.jpg 1024w, https:\/\/labesaya.com\/wp-content\/uploads\/2023\/09\/oak-rectangle-4-1536x864.jpg 1536w, https:\/\/labesaya.com\/wp-content\/uploads\/2023\/09\/oak-rectangle-4-2048x1152.jpg 2048w, https:\/\/labesaya.com\/wp-content\/uploads\/2023\/09\/oak-rectangle-4-1320x743.jpg 1320w, https:\/\/labesaya.com\/wp-content\/uploads\/2023\/09\/oak-rectangle-4-1200x675.jpg 1200w\" sizes=\"(max-width: 768px) 100vw, 768px\" \/>\t\t\t\t\t\t\t\t\t\t\t\t\t\t\t<\/div>\n\t\t\t\t<\/div>\n\t\t\t\t\t<\/div>\n\t\t<\/div>\n\t\t\t\t\t<\/div>\n\t\t<\/section>\n\t\t\t\t<section class=\"elementor-section elementor-top-section elementor-element elementor-element-76e8897 elementor-section-boxed elementor-section-height-default elementor-section-height-default\" data-id=\"76e8897\" data-element_type=\"section\">\n\t\t\t\t\t\t<div class=\"elementor-container elementor-column-gap-default\">\n\t\t\t\t\t<div class=\"elementor-column elementor-col-50 elementor-top-column elementor-element elementor-element-e67a7b0\" data-id=\"e67a7b0\" data-element_type=\"column\">\n\t\t\t<div class=\"elementor-widget-wrap elementor-element-populated\">\n\t\t\t\t\t\t<div class=\"elementor-element elementor-element-bf29164 elementor-widget elementor-widget-image\" data-id=\"bf29164\" data-element_type=\"widget\" data-widget_type=\"image.default\">\n\t\t\t\t<div class=\"elementor-widget-container\">\n\t\t\t\t\t\t\t\t\t\t\t\t\t\t\t<img decoding=\"async\" src=\"https:\/\/labesaya.com\/wp-content\/uploads\/elementor\/thumbs\/board-engraving-description-qnkv4fn2nzbxwbfmq7xpproowz8epopfmbtyb4wvwo.png\" title=\"board-engraving-description\" alt=\"board-engraving-description\" loading=\"lazy\" \/>\t\t\t\t\t\t\t\t\t\t\t\t\t\t\t<\/div>\n\t\t\t\t<\/div>\n\t\t\t\t\t<\/div>\n\t\t<\/div>\n\t\t\t\t<div class=\"elementor-column elementor-col-50 elementor-top-column elementor-element elementor-element-3ba04dd\" data-id=\"3ba04dd\" data-element_type=\"column\">\n\t\t\t<div class=\"elementor-widget-wrap elementor-element-populated\">\n\t\t\t\t\t\t<div class=\"elementor-element elementor-element-6c97381 elementor-widget elementor-widget-text-editor\" data-id=\"6c97381\" data-element_type=\"widget\" data-widget_type=\"text-editor.default\">\n\t\t\t\t<div class=\"elementor-widget-container\">\n\t\t\t\t\t\t\t\t\t<h3>Una adici\u00f3n artesanal para cada hogar<\/h3><p>Ya sea que est\u00e9 organizando una cena con amigos o disfrutando de una noche de descanso, nuestras tablas de roble proporcionar\u00e1n el tel\u00f3n de fondo perfecto para sus quesos y charcuter\u00eda favorita.<\/p>\t\t\t\t\t\t\t\t<\/div>\n\t\t\t\t<\/div>\n\t\t\t\t\t<\/div>\n\t\t<\/div>\n\t\t\t\t\t<\/div>\n\t\t<\/section>\n\t\t\t\t<\/div>","protected":false},"excerpt":{"rendered":"<p>Oak cheese or charcuterie board. Engrave your personalized text<\/p>\n<p>Tama\u00f1o:<\/p>\n<ul>\n<li>longitud 70 cm<\/li>\n<li>ancho 26 cm<\/li>\n<li>\u00a0grosor 2,5 cm<\/li>\n<\/ul>","protected":false},"featured_media":48441,"template":"","meta":{"om_disable_all_campaigns":false,"_monsterinsights_skip_tracking":false,"_monsterinsights_sitenote_active":false,"_monsterinsights_sitenote_note":"","_monsterinsights_sitenote_category":0},"product_brand":[],"product_cat":[325],"product_tag":[58,59,60,61,62,63,64,86,66,85,65,84],"class_list":{"0":"post-29","1":"product","2":"type-product","3":"status-publish","4":"has-post-thumbnail","6":"product_cat-boards","7":"product_tag-charcuterie_board","8":"product_tag-charcuterie_tray","9":"product_tag-cheese_board","10":"product_tag-cheese_platter","11":"product_tag-custom_cutting_board","12":"product_tag-cutting_board","13":"product_tag-cutting_board_wood","14":"product_tag-fathers_day_gifts","15":"product_tag-housewarming_gift","16":"product_tag-oak_board","17":"product_tag-wedding_gift","18":"product_tag-wood_cutting_board","19":"product_shipping_class-small-package","21":"first","22":"instock","23":"shipping-taxable","24":"purchasable","25":"product-type-simple"},"aioseo_notices":[],"jetpack_sharing_enabled":true,"_links":{"self":[{"href":"https:\/\/labesaya.com\/es\/wp-json\/wp\/v2\/product\/29","targetHints":{"allow":["GET"]}}],"collection":[{"href":"https:\/\/labesaya.com\/es\/wp-json\/wp\/v2\/product"}],"about":[{"href":"https:\/\/labesaya.com\/es\/wp-json\/wp\/v2\/types\/product"}],"version-history":[{"count":12,"href":"https:\/\/labesaya.com\/es\/wp-json\/wp\/v2\/product\/29\/revisions"}],"predecessor-version":[{"id":48823,"href":"https:\/\/labesaya.com\/es\/wp-json\/wp\/v2\/product\/29\/revisions\/48823"}],"wp:featuredmedia":[{"embeddable":true,"href":"https:\/\/labesaya.com\/es\/wp-json\/wp\/v2\/media\/48441"}],"wp:attachment":[{"href":"https:\/\/labesaya.com\/es\/wp-json\/wp\/v2\/media?parent=29"}],"wp:term":[{"taxonomy":"product_brand","embeddable":true,"href":"https:\/\/labesaya.com\/es\/wp-json\/wp\/v2\/product_brand?post=29"},{"taxonomy":"product_cat","embeddable":true,"href":"https:\/\/labesaya.com\/es\/wp-json\/wp\/v2\/product_cat?post=29"},{"taxonomy":"product_tag","embeddable":true,"href":"https:\/\/labesaya.com\/es\/wp-json\/wp\/v2\/product_tag?post=29"}],"curies":[{"name":"wp","href":"https:\/\/api.w.org\/{rel}","templated":true}]}}