{"id":25,"date":"2023-09-01T18:22:25","date_gmt":"2023-09-01T16:22:25","guid":{"rendered":"https:\/\/labesaya.com\/?product=dice-tray-wood-for-board-games-dnd-role-play-games-accesory-rolling-tray-wooden-tray-with-blue-cotton-fabric"},"modified":"2024-02-29T11:21:36","modified_gmt":"2024-02-29T10:21:36","slug":"dice-tray-catan","status":"publish","type":"product","link":"https:\/\/labesaya.com\/es\/producto\/dice-tray-catan\/","title":{"rendered":"Bandeja de dados 'CATANIA'"},"content":{"rendered":"<div data-elementor-type=\"product-post\" data-elementor-id=\"25\" class=\"elementor elementor-25\" data-elementor-post-type=\"product\">\n\t\t\t\t\t\t<section class=\"elementor-section elementor-top-section elementor-element elementor-element-2049302 elementor-section-boxed elementor-section-height-default elementor-section-height-default\" data-id=\"2049302\" data-element_type=\"section\">\n\t\t\t\t\t\t<div class=\"elementor-container elementor-column-gap-default\">\n\t\t\t\t\t<div class=\"elementor-column elementor-col-100 elementor-top-column elementor-element elementor-element-de3f9ef\" data-id=\"de3f9ef\" data-element_type=\"column\">\n\t\t\t<div class=\"elementor-widget-wrap elementor-element-populated\">\n\t\t\t\t\t\t<section class=\"elementor-section elementor-inner-section elementor-element elementor-element-e63addc elementor-section-boxed elementor-section-height-default elementor-section-height-default\" data-id=\"e63addc\" data-element_type=\"section\">\n\t\t\t\t\t\t<div class=\"elementor-container elementor-column-gap-default\">\n\t\t\t\t\t<div class=\"elementor-column elementor-col-50 elementor-inner-column elementor-element elementor-element-47bfc6f\" data-id=\"47bfc6f\" data-element_type=\"column\">\n\t\t\t<div class=\"elementor-widget-wrap elementor-element-populated\">\n\t\t\t\t\t\t<div class=\"elementor-element elementor-element-354fcf2 elementor-widget elementor-widget-text-editor\" data-id=\"354fcf2\" data-element_type=\"widget\" data-widget_type=\"text-editor.default\">\n\t\t\t\t<div class=\"elementor-widget-container\">\n\t\t\t\t\t\t\t\t\t<h3>\u00a0<\/h3><h3>\u00a1No pasar\u00e1s!\u00a0<\/h3><p>Esta exclusiva bandeja de dados de D&amp;D es el accesorio perfecto para tus sesiones de Dungeons and Dragons o cualquier juego de mesa que requiera lanzamiento de dados. Fabricada con antiguas tablas de pino recuperadas, esta bandeja de dados de madera tiene un aspecto distintivo que evoca im\u00e1genes de un cofre del tesoro pirata o un objeto m\u00edstico de un juego de fantas\u00eda.<\/p>\t\t\t\t\t\t\t\t<\/div>\n\t\t\t\t<\/div>\n\t\t\t\t\t<\/div>\n\t\t<\/div>\n\t\t\t\t<div class=\"elementor-column elementor-col-50 elementor-inner-column elementor-element elementor-element-c774016\" data-id=\"c774016\" data-element_type=\"column\">\n\t\t\t<div class=\"elementor-widget-wrap elementor-element-populated\">\n\t\t\t\t\t\t<div class=\"elementor-element elementor-element-069599e elementor-widget elementor-widget-image\" data-id=\"069599e\" data-element_type=\"widget\" data-widget_type=\"image.default\">\n\t\t\t\t<div class=\"elementor-widget-container\">\n\t\t\t\t\t\t\t\t\t\t\t\t\t\t\t<img fetchpriority=\"high\" decoding=\"async\" width=\"768\" height=\"514\" src=\"https:\/\/labesaya.com\/wp-content\/uploads\/2023\/10\/RPG-tabletop-768x514.png\" class=\"attachment-medium_large size-medium_large wp-image-47999\" alt=\"\" srcset=\"https:\/\/labesaya.com\/wp-content\/uploads\/2023\/10\/RPG-tabletop-768x514.png 768w, https:\/\/labesaya.com\/wp-content\/uploads\/2023\/10\/RPG-tabletop-300x201.png 300w, https:\/\/labesaya.com\/wp-content\/uploads\/2023\/10\/RPG-tabletop-1024x686.png 1024w, https:\/\/labesaya.com\/wp-content\/uploads\/2023\/10\/RPG-tabletop-1320x884.png 1320w, https:\/\/labesaya.com\/wp-content\/uploads\/2023\/10\/RPG-tabletop-1200x803.png 1200w, https:\/\/labesaya.com\/wp-content\/uploads\/2023\/10\/RPG-tabletop.png 1440w\" sizes=\"(max-width: 768px) 100vw, 768px\" \/>\t\t\t\t\t\t\t\t\t\t\t\t\t\t\t<\/div>\n\t\t\t\t<\/div>\n\t\t\t\t\t<\/div>\n\t\t<\/div>\n\t\t\t\t\t<\/div>\n\t\t<\/section>\n\t\t\t\t\t<\/div>\n\t\t<\/div>\n\t\t\t\t\t<\/div>\n\t\t<\/section>\n\t\t\t\t<section class=\"elementor-section elementor-top-section elementor-element elementor-element-f2b64a9 elementor-section-boxed elementor-section-height-default elementor-section-height-default\" data-id=\"f2b64a9\" data-element_type=\"section\">\n\t\t\t\t\t\t<div class=\"elementor-container elementor-column-gap-default\">\n\t\t\t\t\t<div class=\"elementor-column elementor-col-100 elementor-top-column elementor-element elementor-element-7d9d393\" data-id=\"7d9d393\" data-element_type=\"column\">\n\t\t\t<div class=\"elementor-widget-wrap elementor-element-populated\">\n\t\t\t\t\t\t<section class=\"elementor-section elementor-inner-section elementor-element elementor-element-f2be453 elementor-section-boxed elementor-section-height-default elementor-section-height-default\" data-id=\"f2be453\" data-element_type=\"section\">\n\t\t\t\t\t\t<div class=\"elementor-container elementor-column-gap-default\">\n\t\t\t\t\t<div class=\"elementor-column elementor-col-50 elementor-inner-column elementor-element elementor-element-b81cd06\" data-id=\"b81cd06\" data-element_type=\"column\">\n\t\t\t<div class=\"elementor-widget-wrap elementor-element-populated\">\n\t\t\t\t\t\t<div class=\"elementor-element elementor-element-4e09240 elementor-widget elementor-widget-image\" data-id=\"4e09240\" data-element_type=\"widget\" data-widget_type=\"image.default\">\n\t\t\t\t<div class=\"elementor-widget-container\">\n\t\t\t\t\t\t\t\t\t\t\t\t\t\t\t<img decoding=\"async\" width=\"768\" height=\"512\" src=\"https:\/\/labesaya.com\/wp-content\/uploads\/2023\/09\/dice-tray-light-1-768x512.jpg\" class=\"attachment-medium_large size-medium_large wp-image-48060\" alt=\"\" srcset=\"https:\/\/labesaya.com\/wp-content\/uploads\/2023\/09\/dice-tray-light-1-768x512.jpg 768w, https:\/\/labesaya.com\/wp-content\/uploads\/2023\/09\/dice-tray-light-1-300x200.jpg 300w, https:\/\/labesaya.com\/wp-content\/uploads\/2023\/09\/dice-tray-light-1-1024x683.jpg 1024w, https:\/\/labesaya.com\/wp-content\/uploads\/2023\/09\/dice-tray-light-1-1536x1024.jpg 1536w, https:\/\/labesaya.com\/wp-content\/uploads\/2023\/09\/dice-tray-light-1-2048x1365.jpg 2048w, https:\/\/labesaya.com\/wp-content\/uploads\/2023\/09\/dice-tray-light-1-1320x880.jpg 1320w, https:\/\/labesaya.com\/wp-content\/uploads\/2023\/09\/dice-tray-light-1-1200x800.jpg 1200w\" sizes=\"(max-width: 768px) 100vw, 768px\" \/>\t\t\t\t\t\t\t\t\t\t\t\t\t\t\t<\/div>\n\t\t\t\t<\/div>\n\t\t\t\t\t<\/div>\n\t\t<\/div>\n\t\t\t\t<div class=\"elementor-column elementor-col-50 elementor-inner-column elementor-element elementor-element-34070b8\" data-id=\"34070b8\" data-element_type=\"column\">\n\t\t\t<div class=\"elementor-widget-wrap elementor-element-populated\">\n\t\t\t\t\t\t<div class=\"elementor-element elementor-element-023fc2f elementor-widget elementor-widget-text-editor\" data-id=\"023fc2f\" data-element_type=\"widget\" data-widget_type=\"text-editor.default\">\n\t\t\t\t<div class=\"elementor-widget-container\">\n\t\t\t\t\t\t\t\t\t<h3>&nbsp;<\/h3>\n<h3 style=\"text-align: right;\">Tu historia, tu mundo, tus reglas<\/h3>\n<p style=\"text-align: right;\">Each dice tray is different. Each piece of wood is different. <br>Just like your stories&#8230;<\/p>\n<p><\/p>\t\t\t\t\t\t\t\t<\/div>\n\t\t\t\t<\/div>\n\t\t\t\t\t<\/div>\n\t\t<\/div>\n\t\t\t\t\t<\/div>\n\t\t<\/section>\n\t\t\t\t\t<\/div>\n\t\t<\/div>\n\t\t\t\t\t<\/div>\n\t\t<\/section>\n\t\t\t\t<\/div>","protected":false},"excerpt":{"rendered":"<p>Whether you enjoy role-playing games like Dungeons &amp; Dragons, Warhammer, or Call of Cthulhu, or prefer board games of any kind, this wooden dice tray is crafted from reclaimed wood, with the bottom covered in blue cotton fabric to create a pleasant and warm sound when rolling dice<\/p>\n<p>Dimensiones:<\/p>\n<ul>\n<li>heigth: 4 cm (1.5&#8243;)<\/li>\n<li>length: 26 cm (10&#8243;)<\/li>\n<li>width: 20 cm (8&#8243;)<\/li>\n<\/ul>\n<p>&nbsp;<\/p>","protected":false},"featured_media":48049,"template":"","meta":{"om_disable_all_campaigns":false,"_monsterinsights_skip_tracking":false,"_monsterinsights_sitenote_active":false,"_monsterinsights_sitenote_note":"","_monsterinsights_sitenote_category":0},"product_brand":[],"product_cat":[282],"product_tag":[81,74,73,75,71,78,79,72,76,82,80,83,77],"class_list":{"0":"post-25","1":"product","2":"type-product","3":"status-publish","4":"has-post-thumbnail","6":"product_cat-boardgame","7":"product_tag-board_game_accesory","8":"product_tag-dice","9":"product_tag-dice_roller","10":"product_tag-dice_rolling_tray","11":"product_tag-dice_tray","12":"product_tag-dnd_dice","13":"product_tag-dnd_dice_box","14":"product_tag-dnd_dice_tray","15":"product_tag-dungeons_and_dragons","16":"product_tag-fantasy_game","17":"product_tag-rolling_tray","18":"product_tag-tabletop_games","19":"product_tag-wooden_dice_tray","20":"product_shipping_class-small-package","22":"first","23":"instock","24":"featured","25":"shipping-taxable","26":"purchasable","27":"product-type-variable","28":"has-default-attributes"},"aioseo_notices":[],"jetpack_sharing_enabled":true,"_links":{"self":[{"href":"https:\/\/labesaya.com\/es\/wp-json\/wp\/v2\/product\/25","targetHints":{"allow":["GET"]}}],"collection":[{"href":"https:\/\/labesaya.com\/es\/wp-json\/wp\/v2\/product"}],"about":[{"href":"https:\/\/labesaya.com\/es\/wp-json\/wp\/v2\/types\/product"}],"version-history":[{"count":14,"href":"https:\/\/labesaya.com\/es\/wp-json\/wp\/v2\/product\/25\/revisions"}],"predecessor-version":[{"id":48348,"href":"https:\/\/labesaya.com\/es\/wp-json\/wp\/v2\/product\/25\/revisions\/48348"}],"wp:featuredmedia":[{"embeddable":true,"href":"https:\/\/labesaya.com\/es\/wp-json\/wp\/v2\/media\/48049"}],"wp:attachment":[{"href":"https:\/\/labesaya.com\/es\/wp-json\/wp\/v2\/media?parent=25"}],"wp:term":[{"taxonomy":"product_brand","embeddable":true,"href":"https:\/\/labesaya.com\/es\/wp-json\/wp\/v2\/product_brand?post=25"},{"taxonomy":"product_cat","embeddable":true,"href":"https:\/\/labesaya.com\/es\/wp-json\/wp\/v2\/product_cat?post=25"},{"taxonomy":"product_tag","embeddable":true,"href":"https:\/\/labesaya.com\/es\/wp-json\/wp\/v2\/product_tag?post=25"}],"curies":[{"name":"wp","href":"https:\/\/api.w.org\/{rel}","templated":true}]}}