{"id":21,"date":"2023-09-01T18:22:10","date_gmt":"2023-09-01T16:22:10","guid":{"rendered":"https:\/\/labesaya.com\/?product=macrame-leaf-wall-hanging-art-real-mediterranean-fig-tree-branch-plant-pattern-macrame-leaf-wall-hanging-art-for-farmhouse-decoration"},"modified":"2024-02-29T11:21:50","modified_gmt":"2024-02-29T10:21:50","slug":"macrame-leaf","status":"publish","type":"product","link":"https:\/\/labesaya.com\/es\/producto\/macrame-leaf\/","title":{"rendered":"Hojas de macram\u00e9"},"content":{"rendered":"<div data-elementor-type=\"product-post\" data-elementor-id=\"21\" class=\"elementor elementor-21\" data-elementor-post-type=\"product\">\n\t\t\t\t\t\t<section class=\"elementor-section elementor-top-section elementor-element elementor-element-5f5a2f8a elementor-section-boxed elementor-section-height-default elementor-section-height-default\" data-id=\"5f5a2f8a\" data-element_type=\"section\">\n\t\t\t\t\t\t<div class=\"elementor-container elementor-column-gap-default\">\n\t\t\t\t\t<div class=\"elementor-column elementor-col-100 elementor-top-column elementor-element elementor-element-1f4f3bd1\" data-id=\"1f4f3bd1\" data-element_type=\"column\">\n\t\t\t<div class=\"elementor-widget-wrap\">\n\t\t\t\t\t\t\t<\/div>\n\t\t<\/div>\n\t\t\t\t\t<\/div>\n\t\t<\/section>\n\t\t\t\t<section class=\"elementor-section elementor-top-section elementor-element elementor-element-0c4fd7e elementor-section-boxed elementor-section-height-default elementor-section-height-default\" data-id=\"0c4fd7e\" data-element_type=\"section\">\n\t\t\t\t\t\t<div class=\"elementor-container elementor-column-gap-default\">\n\t\t\t\t\t<div class=\"elementor-column elementor-col-100 elementor-top-column elementor-element elementor-element-840a5ee\" data-id=\"840a5ee\" data-element_type=\"column\">\n\t\t\t<div class=\"elementor-widget-wrap elementor-element-populated\">\n\t\t\t\t\t\t<section class=\"elementor-section elementor-inner-section elementor-element elementor-element-4524671 elementor-section-boxed elementor-section-height-default elementor-section-height-default\" data-id=\"4524671\" data-element_type=\"section\">\n\t\t\t\t\t\t<div class=\"elementor-container elementor-column-gap-default\">\n\t\t\t\t\t<div class=\"elementor-column elementor-col-50 elementor-inner-column elementor-element elementor-element-30ad507\" data-id=\"30ad507\" data-element_type=\"column\">\n\t\t\t<div class=\"elementor-widget-wrap elementor-element-populated\">\n\t\t\t\t\t\t<div class=\"elementor-element elementor-element-c3cf26d elementor-widget elementor-widget-text-editor\" data-id=\"c3cf26d\" data-element_type=\"widget\" data-widget_type=\"text-editor.default\">\n\t\t\t\t<div class=\"elementor-widget-container\">\n\t\t\t\t\t\t\t\t\t<h3>Hecho a mano<\/h3><p>La atenci\u00f3n al detalle y la ejecuci\u00f3n cuidadosa de cada aspecto del dise\u00f1o a\u00f1ade profundidad y dimensi\u00f3n al producto final, garantizando que se destaque como una verdadera obra de arte.<\/p>\t\t\t\t\t\t\t\t<\/div>\n\t\t\t\t<\/div>\n\t\t\t\t\t<\/div>\n\t\t<\/div>\n\t\t\t\t<div class=\"elementor-column elementor-col-50 elementor-inner-column elementor-element elementor-element-de1714e\" data-id=\"de1714e\" data-element_type=\"column\">\n\t\t\t<div class=\"elementor-widget-wrap elementor-element-populated\">\n\t\t\t\t\t\t<div class=\"elementor-element elementor-element-37a0235 animated-slow elementor-invisible elementor-widget elementor-widget-image\" data-id=\"37a0235\" data-element_type=\"widget\" data-settings=\"{&quot;_animation&quot;:&quot;fadeIn&quot;}\" data-widget_type=\"image.default\">\n\t\t\t\t<div class=\"elementor-widget-container\">\n\t\t\t\t\t\t\t\t\t\t\t\t\t\t\t<img fetchpriority=\"high\" decoding=\"async\" width=\"768\" height=\"512\" src=\"https:\/\/labesaya.com\/wp-content\/uploads\/2023\/09\/making-macrame-768x512.png\" class=\"attachment-medium_large size-medium_large wp-image-48195\" alt=\"\" srcset=\"https:\/\/labesaya.com\/wp-content\/uploads\/2023\/09\/making-macrame-768x512.png 768w, https:\/\/labesaya.com\/wp-content\/uploads\/2023\/09\/making-macrame-300x200.png 300w, https:\/\/labesaya.com\/wp-content\/uploads\/2023\/09\/making-macrame-1024x682.png 1024w, https:\/\/labesaya.com\/wp-content\/uploads\/2023\/09\/making-macrame-1200x800.png 1200w, https:\/\/labesaya.com\/wp-content\/uploads\/2023\/09\/making-macrame.png 1280w\" sizes=\"(max-width: 768px) 100vw, 768px\" \/>\t\t\t\t\t\t\t\t\t\t\t\t\t\t\t<\/div>\n\t\t\t\t<\/div>\n\t\t\t\t\t<\/div>\n\t\t<\/div>\n\t\t\t\t\t<\/div>\n\t\t<\/section>\n\t\t\t\t\t<\/div>\n\t\t<\/div>\n\t\t\t\t\t<\/div>\n\t\t<\/section>\n\t\t\t\t<section class=\"elementor-section elementor-top-section elementor-element elementor-element-8142bd2 elementor-section-boxed elementor-section-height-default elementor-section-height-default\" data-id=\"8142bd2\" data-element_type=\"section\">\n\t\t\t\t\t\t<div class=\"elementor-container elementor-column-gap-default\">\n\t\t\t\t\t<div class=\"elementor-column elementor-col-50 elementor-top-column elementor-element elementor-element-1188381\" data-id=\"1188381\" data-element_type=\"column\">\n\t\t\t<div class=\"elementor-widget-wrap elementor-element-populated\">\n\t\t\t\t\t\t<div class=\"elementor-element elementor-element-d4f280b animated-slow elementor-invisible elementor-widget elementor-widget-image\" data-id=\"d4f280b\" data-element_type=\"widget\" data-settings=\"{&quot;_animation&quot;:&quot;fadeIn&quot;}\" data-widget_type=\"image.default\">\n\t\t\t\t<div class=\"elementor-widget-container\">\n\t\t\t\t\t\t\t\t\t\t\t\t\t\t\t<img decoding=\"async\" width=\"768\" height=\"575\" src=\"https:\/\/labesaya.com\/wp-content\/uploads\/2023\/09\/scissors-bird-768x575.png\" class=\"attachment-medium_large size-medium_large wp-image-48196\" alt=\"\" srcset=\"https:\/\/labesaya.com\/wp-content\/uploads\/2023\/09\/scissors-bird-768x575.png 768w, https:\/\/labesaya.com\/wp-content\/uploads\/2023\/09\/scissors-bird-300x225.png 300w, https:\/\/labesaya.com\/wp-content\/uploads\/2023\/09\/scissors-bird-1024x766.png 1024w, https:\/\/labesaya.com\/wp-content\/uploads\/2023\/09\/scissors-bird-1200x898.png 1200w, https:\/\/labesaya.com\/wp-content\/uploads\/2023\/09\/scissors-bird.png 1280w\" sizes=\"(max-width: 768px) 100vw, 768px\" \/>\t\t\t\t\t\t\t\t\t\t\t\t\t\t\t<\/div>\n\t\t\t\t<\/div>\n\t\t\t\t\t<\/div>\n\t\t<\/div>\n\t\t\t\t<div class=\"elementor-column elementor-col-50 elementor-top-column elementor-element elementor-element-7646c58\" data-id=\"7646c58\" data-element_type=\"column\">\n\t\t\t<div class=\"elementor-widget-wrap elementor-element-populated\">\n\t\t\t\t\t\t<div class=\"elementor-element elementor-element-1cb55d1 elementor-widget elementor-widget-text-editor\" data-id=\"1cb55d1\" data-element_type=\"widget\" data-widget_type=\"text-editor.default\">\n\t\t\t\t<div class=\"elementor-widget-container\">\n\t\t\t\t\t\t\t\t\t<h3>El detalle es todo<\/h3>\n<p class=\"translation-block\"><span style=\"color: var(--the7-base-color);letter-spacing: var(--the7-base-letter-spacing);text-transform: var(--the7-base-text-transform)\">El macram\u00e9 es una forma atemporal y elegante de mejorar cualquier espacio y puede transformarse en una impresionante obra de arte. Es necesario prestar atenci\u00f3n al detalle para lograr el efecto deseado. Cada detalle, desde la selecci\u00f3n de los materiales hasta la colocaci\u00f3n de los nudos y las herramientas, debe planificarse meticulosamente. El producto final debe ser perfeccionado a trav\u00e9s de la inspecci\u00f3n y el refinamiento.<\/p>\t\t\t\t\t\t\t\t<\/div>\n\t\t\t\t<\/div>\n\t\t\t\t\t<\/div>\n\t\t<\/div>\n\t\t\t\t\t<\/div>\n\t\t<\/section>\n\t\t\t\t<\/div>","protected":false},"excerpt":{"rendered":"<p>Each leaf is crafted by hand, without the use of tools or stencils. The branch is carefully selected from a fig tree in our village garden. While we generally find similar branches, there might be some minor differences compared to the one shown in the photo.<\/p>\n<p>Please select your preferred variation below.<\/p>","protected":false},"featured_media":48231,"template":"","meta":{"om_disable_all_campaigns":false,"_monsterinsights_skip_tracking":false,"_monsterinsights_sitenote_active":false,"_monsterinsights_sitenote_note":"","_monsterinsights_sitenote_category":0},"product_brand":[],"product_cat":[230,287],"product_tag":[50,52,46,55,57,53,54,45,49,56,51,47,48],"class_list":{"0":"post-21","1":"product","2":"type-product","3":"status-publish","4":"has-post-thumbnail","6":"product_cat-macrame-decor","7":"product_cat-tierra-artesana","8":"product_tag-boho_wall_art","9":"product_tag-farmhouse_decor","10":"product_tag-hanging","11":"product_tag-leaf_macrame","12":"product_tag-leaf_macrame_wall","13":"product_tag-macrame_feather","14":"product_tag-macrame_leaf","15":"product_tag-macrame_leaf_wall","16":"product_tag-macrame_leaves","17":"product_tag-macrame_pattern","18":"product_tag-macrame_wall_art","19":"product_tag-macrame_wall_hanging","20":"product_tag-pattern","21":"product_shipping_class-small-package","23":"first","24":"instock","25":"shipping-taxable","26":"purchasable","27":"product-type-variable"},"aioseo_notices":[],"jetpack_sharing_enabled":true,"_links":{"self":[{"href":"https:\/\/labesaya.com\/es\/wp-json\/wp\/v2\/product\/21","targetHints":{"allow":["GET"]}}],"collection":[{"href":"https:\/\/labesaya.com\/es\/wp-json\/wp\/v2\/product"}],"about":[{"href":"https:\/\/labesaya.com\/es\/wp-json\/wp\/v2\/types\/product"}],"version-history":[{"count":33,"href":"https:\/\/labesaya.com\/es\/wp-json\/wp\/v2\/product\/21\/revisions"}],"predecessor-version":[{"id":48836,"href":"https:\/\/labesaya.com\/es\/wp-json\/wp\/v2\/product\/21\/revisions\/48836"}],"wp:featuredmedia":[{"embeddable":true,"href":"https:\/\/labesaya.com\/es\/wp-json\/wp\/v2\/media\/48231"}],"wp:attachment":[{"href":"https:\/\/labesaya.com\/es\/wp-json\/wp\/v2\/media?parent=21"}],"wp:term":[{"taxonomy":"product_brand","embeddable":true,"href":"https:\/\/labesaya.com\/es\/wp-json\/wp\/v2\/product_brand?post=21"},{"taxonomy":"product_cat","embeddable":true,"href":"https:\/\/labesaya.com\/es\/wp-json\/wp\/v2\/product_cat?post=21"},{"taxonomy":"product_tag","embeddable":true,"href":"https:\/\/labesaya.com\/es\/wp-json\/wp\/v2\/product_tag?post=21"}],"curies":[{"name":"wp","href":"https:\/\/api.w.org\/{rel}","templated":true}]}}