{"id":19,"date":"2023-09-01T18:22:05","date_gmt":"2023-09-01T16:22:05","guid":{"rendered":"https:\/\/labesaya.com\/?product=floating-plant-shelves-reclaimed-wood-floating-book-shelves-minimalistic-boho-decor-rope-hanging-wall-shelves-soft-cotton-rope"},"modified":"2024-02-29T11:21:59","modified_gmt":"2024-02-29T10:21:59","slug":"hanging-shelves","status":"publish","type":"product","link":"https:\/\/labesaya.com\/es\/producto\/hanging-shelves\/","title":{"rendered":"Hanging shelves &#8220;ZWIS&#8221;"},"content":{"rendered":"<div data-elementor-type=\"product-post\" data-elementor-id=\"19\" class=\"elementor elementor-19\" data-elementor-post-type=\"product\">\n\t\t\t\t\t\t<section class=\"elementor-section elementor-top-section elementor-element elementor-element-2ffad88 animated-slow elementor-section-boxed elementor-section-height-default elementor-section-height-default elementor-invisible\" data-id=\"2ffad88\" data-element_type=\"section\" data-settings=\"{&quot;animation&quot;:&quot;fadeIn&quot;,&quot;animation_delay&quot;:10}\">\n\t\t\t\t\t\t<div class=\"elementor-container elementor-column-gap-default\">\n\t\t\t\t\t<div class=\"elementor-column elementor-col-100 elementor-top-column elementor-element elementor-element-22bf3cb\" data-id=\"22bf3cb\" data-element_type=\"column\">\n\t\t\t<div class=\"elementor-widget-wrap elementor-element-populated\">\n\t\t\t\t\t\t<section class=\"elementor-section elementor-inner-section elementor-element elementor-element-bb913f6 elementor-section-boxed elementor-section-height-default elementor-section-height-default\" data-id=\"bb913f6\" data-element_type=\"section\">\n\t\t\t\t\t\t<div class=\"elementor-container elementor-column-gap-default\">\n\t\t\t\t\t<div class=\"elementor-column elementor-col-50 elementor-inner-column elementor-element elementor-element-40c5ebb\" data-id=\"40c5ebb\" data-element_type=\"column\">\n\t\t\t<div class=\"elementor-widget-wrap elementor-element-populated\">\n\t\t\t\t\t\t<div class=\"elementor-element elementor-element-efea727 elementor-widget elementor-widget-text-editor\" data-id=\"efea727\" data-element_type=\"widget\" data-widget_type=\"text-editor.default\">\n\t\t\t\t<div class=\"elementor-widget-container\">\n\t\t\t\t\t\t\t\t\t<h3>El hogar est\u00e1 donde t\u00fa est\u00e1s<\/h3><p>Transforma cualquier espacio en un acogedor refugio con nuestra estanter\u00eda de madera colgante con cuerda. Es el toque perfecto para crear una sensaci\u00f3n de hogar donde quiera que est\u00e9s, haciendo que cualquier habitaci\u00f3n se sienta c\u00e1lida e invitadora. Exhibe tus art\u00edculos favoritos y agrega un toque personal a cualquier ambiente, asegurando que la comodidad te siga donde sea que vayas.<\/p>\t\t\t\t\t\t\t\t<\/div>\n\t\t\t\t<\/div>\n\t\t\t\t\t<\/div>\n\t\t<\/div>\n\t\t\t\t<div class=\"elementor-column elementor-col-50 elementor-inner-column elementor-element elementor-element-31bffd2\" data-id=\"31bffd2\" data-element_type=\"column\">\n\t\t\t<div class=\"elementor-widget-wrap elementor-element-populated\">\n\t\t\t\t\t\t<div class=\"elementor-element elementor-element-e592743 elementor-widget elementor-widget-image\" data-id=\"e592743\" data-element_type=\"widget\" data-widget_type=\"image.default\">\n\t\t\t\t<div class=\"elementor-widget-container\">\n\t\t\t\t\t\t\t\t\t\t\t\t\t\t\t<img decoding=\"async\" src=\"https:\/\/labesaya.com\/wp-content\/uploads\/2023\/09\/Hanging-shelves-light-5-1-1320x990.jpg\" title=\"Hanging-shelves-light-5\" alt=\"Hanging-shelves-light-5\" loading=\"lazy\" \/>\t\t\t\t\t\t\t\t\t\t\t\t\t\t\t<\/div>\n\t\t\t\t<\/div>\n\t\t\t\t\t<\/div>\n\t\t<\/div>\n\t\t\t\t\t<\/div>\n\t\t<\/section>\n\t\t\t\t\t<\/div>\n\t\t<\/div>\n\t\t\t\t\t<\/div>\n\t\t<\/section>\n\t\t\t\t<section class=\"elementor-section elementor-top-section elementor-element elementor-element-39b97a1 animated-slow elementor-section-boxed elementor-section-height-default elementor-section-height-default elementor-invisible\" data-id=\"39b97a1\" data-element_type=\"section\" data-settings=\"{&quot;animation&quot;:&quot;fadeIn&quot;,&quot;animation_delay&quot;:10}\">\n\t\t\t\t\t\t<div class=\"elementor-container elementor-column-gap-default\">\n\t\t\t\t\t<div class=\"elementor-column elementor-col-100 elementor-top-column elementor-element elementor-element-4b514fa\" data-id=\"4b514fa\" data-element_type=\"column\">\n\t\t\t<div class=\"elementor-widget-wrap elementor-element-populated\">\n\t\t\t\t\t\t<section class=\"elementor-section elementor-inner-section elementor-element elementor-element-108840c elementor-section-boxed elementor-section-height-default elementor-section-height-default\" data-id=\"108840c\" data-element_type=\"section\">\n\t\t\t\t\t\t<div class=\"elementor-container elementor-column-gap-default\">\n\t\t\t\t\t<div class=\"elementor-column elementor-col-50 elementor-inner-column elementor-element elementor-element-a6f5f1f\" data-id=\"a6f5f1f\" data-element_type=\"column\">\n\t\t\t<div class=\"elementor-widget-wrap elementor-element-populated\">\n\t\t\t\t\t\t<div class=\"elementor-element elementor-element-3716c10 elementor-widget elementor-widget-image\" data-id=\"3716c10\" data-element_type=\"widget\" data-widget_type=\"image.default\">\n\t\t\t\t<div class=\"elementor-widget-container\">\n\t\t\t\t\t\t\t\t\t\t\t\t\t\t\t<img decoding=\"async\" src=\"https:\/\/labesaya.com\/wp-content\/uploads\/2023\/09\/Hanging-shelves-light-4-1-1320x990.jpg\" title=\"Hanging-shelves-light-4\" alt=\"Hanging-shelves-light-4\" loading=\"lazy\" \/>\t\t\t\t\t\t\t\t\t\t\t\t\t\t\t<\/div>\n\t\t\t\t<\/div>\n\t\t\t\t\t<\/div>\n\t\t<\/div>\n\t\t\t\t<div class=\"elementor-column elementor-col-50 elementor-inner-column elementor-element elementor-element-36d8994\" data-id=\"36d8994\" data-element_type=\"column\">\n\t\t\t<div class=\"elementor-widget-wrap elementor-element-populated\">\n\t\t\t\t\t\t<div class=\"elementor-element elementor-element-318ba86 elementor-widget elementor-widget-text-editor\" data-id=\"318ba86\" data-element_type=\"widget\" data-widget_type=\"text-editor.default\">\n\t\t\t\t<div class=\"elementor-widget-container\">\n\t\t\t\t\t\t\t\t\t<h3>Sencilla mejora de espacio<\/h3><p>Estas estanter\u00edas tienen un aspecto simple y natural que har\u00e1 que cualquier habitaci\u00f3n se sienta acogedora y encantadora. Son lo suficientemente fuertes como para guardar tus cosas sin ning\u00fan problema. Puedes usarlas para mantener las cosas ordenadas y organizadas, al mismo tiempo que mejoras el aspecto de tu hogar.<\/p>\t\t\t\t\t\t\t\t<\/div>\n\t\t\t\t<\/div>\n\t\t\t\t\t<\/div>\n\t\t<\/div>\n\t\t\t\t\t<\/div>\n\t\t<\/section>\n\t\t\t\t\t<\/div>\n\t\t<\/div>\n\t\t\t\t\t<\/div>\n\t\t<\/section>\n\t\t\t\t<section class=\"elementor-section elementor-top-section elementor-element elementor-element-82f38c4 animated-slow elementor-section-boxed elementor-section-height-default elementor-section-height-default elementor-invisible\" data-id=\"82f38c4\" data-element_type=\"section\" data-settings=\"{&quot;animation&quot;:&quot;fadeIn&quot;,&quot;animation_delay&quot;:10}\">\n\t\t\t\t\t\t<div class=\"elementor-container elementor-column-gap-default\">\n\t\t\t\t\t<div class=\"elementor-column elementor-col-100 elementor-top-column elementor-element elementor-element-53815c0\" data-id=\"53815c0\" data-element_type=\"column\">\n\t\t\t<div class=\"elementor-widget-wrap\">\n\t\t\t\t\t\t\t<\/div>\n\t\t<\/div>\n\t\t\t\t\t<\/div>\n\t\t<\/section>\n\t\t\t\t<section class=\"elementor-section elementor-top-section elementor-element elementor-element-338f732 animated-slow elementor-section-boxed elementor-section-height-default elementor-section-height-default elementor-invisible\" data-id=\"338f732\" data-element_type=\"section\" data-settings=\"{&quot;animation&quot;:&quot;fadeIn&quot;,&quot;animation_delay&quot;:10}\">\n\t\t\t\t\t\t<div class=\"elementor-container elementor-column-gap-default\">\n\t\t\t\t\t<div class=\"elementor-column elementor-col-100 elementor-top-column elementor-element elementor-element-2c2e045\" data-id=\"2c2e045\" data-element_type=\"column\">\n\t\t\t<div class=\"elementor-widget-wrap elementor-element-populated\">\n\t\t\t\t\t\t<section class=\"elementor-section elementor-inner-section elementor-element elementor-element-ed4503e elementor-section-boxed elementor-section-height-default elementor-section-height-default\" data-id=\"ed4503e\" data-element_type=\"section\">\n\t\t\t\t\t\t<div class=\"elementor-container elementor-column-gap-default\">\n\t\t\t\t\t<div class=\"elementor-column elementor-col-50 elementor-inner-column elementor-element elementor-element-747a42c\" data-id=\"747a42c\" data-element_type=\"column\">\n\t\t\t<div class=\"elementor-widget-wrap elementor-element-populated\">\n\t\t\t\t\t\t<div class=\"elementor-element elementor-element-b733183 elementor-widget elementor-widget-text-editor\" data-id=\"b733183\" data-element_type=\"widget\" data-widget_type=\"text-editor.default\">\n\t\t\t\t<div class=\"elementor-widget-container\">\n\t\t\t\t\t\t\t\t\t<h2>Las cosas buenas duran para siempre<\/h2>\n<p class=\"translation-block\"><span style=\"color: var(--the7-base-color);letter-spacing: var(--the7-base-letter-spacing);text-transform: var(--the7-base-text-transform)\">Para garantizar la longevidad de la estanter\u00eda, hemos tomado medidas adicionales para proteger la madera recuperada. La superficie est\u00e1 recubierta con un barniz resistente o una cera resistente a la intemperie, lo que la protege contra los elementos. Sin embargo, tenga en cuenta que una exposici\u00f3n excesiva y prolongada al agua todav\u00eda puede representar un riesgo para la madera.Para garantizar la longevidad de la estanter\u00eda, hemos tomado medidas adicionales para proteger la madera recuperada. La superficie est\u00e1 recubierta con un barniz resistente o una cera resistente a la intemperie, lo que la protege contra los elementos. Sin embargo, tenga en cuenta que una exposici\u00f3n excesiva y prolongada al agua todav\u00eda puede representar un riesgo para la madera.<\/p>\t\t\t\t\t\t\t\t<\/div>\n\t\t\t\t<\/div>\n\t\t\t\t\t<\/div>\n\t\t<\/div>\n\t\t\t\t<div class=\"elementor-column elementor-col-50 elementor-inner-column elementor-element elementor-element-5abe233\" data-id=\"5abe233\" data-element_type=\"column\">\n\t\t\t<div class=\"elementor-widget-wrap elementor-element-populated\">\n\t\t\t\t\t\t<div class=\"elementor-element elementor-element-71e6cb3 elementor-widget elementor-widget-image\" data-id=\"71e6cb3\" data-element_type=\"widget\" data-widget_type=\"image.default\">\n\t\t\t\t<div class=\"elementor-widget-container\">\n\t\t\t\t\t\t\t\t\t\t\t\t\t\t\t<img decoding=\"async\" src=\"https:\/\/labesaya.com\/wp-content\/uploads\/2023\/09\/varnishing.jpeg\" title=\"varnishing\" alt=\"varnishing\" loading=\"lazy\" \/>\t\t\t\t\t\t\t\t\t\t\t\t\t\t\t<\/div>\n\t\t\t\t<\/div>\n\t\t\t\t\t<\/div>\n\t\t<\/div>\n\t\t\t\t\t<\/div>\n\t\t<\/section>\n\t\t\t\t\t<\/div>\n\t\t<\/div>\n\t\t\t\t\t<\/div>\n\t\t<\/section>\n\t\t\t\t<\/div>","protected":false},"excerpt":{"rendered":"<p>Una soluci\u00f3n que ahorra espacio para mostrar decoraci\u00f3n, plantas o libros con un toque r\u00fastico y natural<\/p>\n<p>Dimensiones:<\/p>\n<ul>\n<li>Space between shelfes &#8211; 30cm<\/li>\n<li>Ancho - 30 cm<\/li>\n<li>Depth &#8211; 14cm<\/li>\n<\/ul>\n<p>Soporta hasta 15 kg<\/p>","protected":false},"featured_media":48317,"template":"","meta":{"om_disable_all_campaigns":false,"_monsterinsights_skip_tracking":false,"_monsterinsights_sitenote_active":false,"_monsterinsights_sitenote_note":"","_monsterinsights_sitenote_category":0},"product_brand":[],"product_cat":[211],"product_tag":[36,42,44,38,40,41,34,39,35,43,32,37,33],"class_list":{"0":"post-19","1":"product","2":"type-product","3":"status-publish","4":"has-post-thumbnail","6":"product_cat-shelves","7":"product_tag-boho_hanging_shelves","8":"product_tag-farmhouse_shelves","9":"product_tag-floating_book_shelve","10":"product_tag-floating_shelves","11":"product_tag-hanging_plant_shelf","12":"product_tag-hanging_planter","13":"product_tag-hanging_shelves","14":"product_tag-hanging_window_shelf","15":"product_tag-nursery_shelves","16":"product_tag-plant_hanger","17":"product_tag-shelving_unit","18":"product_tag-tier_planter","19":"product_tag-wall_shelves","20":"product_shipping_class-small-package","22":"first","23":"instock","24":"shipping-taxable","25":"purchasable","26":"product-type-simple"},"aioseo_notices":[],"jetpack_sharing_enabled":true,"_links":{"self":[{"href":"https:\/\/labesaya.com\/es\/wp-json\/wp\/v2\/product\/19","targetHints":{"allow":["GET"]}}],"collection":[{"href":"https:\/\/labesaya.com\/es\/wp-json\/wp\/v2\/product"}],"about":[{"href":"https:\/\/labesaya.com\/es\/wp-json\/wp\/v2\/types\/product"}],"version-history":[{"count":23,"href":"https:\/\/labesaya.com\/es\/wp-json\/wp\/v2\/product\/19\/revisions"}],"predecessor-version":[{"id":48849,"href":"https:\/\/labesaya.com\/es\/wp-json\/wp\/v2\/product\/19\/revisions\/48849"}],"wp:featuredmedia":[{"embeddable":true,"href":"https:\/\/labesaya.com\/es\/wp-json\/wp\/v2\/media\/48317"}],"wp:attachment":[{"href":"https:\/\/labesaya.com\/es\/wp-json\/wp\/v2\/media?parent=19"}],"wp:term":[{"taxonomy":"product_brand","embeddable":true,"href":"https:\/\/labesaya.com\/es\/wp-json\/wp\/v2\/product_brand?post=19"},{"taxonomy":"product_cat","embeddable":true,"href":"https:\/\/labesaya.com\/es\/wp-json\/wp\/v2\/product_cat?post=19"},{"taxonomy":"product_tag","embeddable":true,"href":"https:\/\/labesaya.com\/es\/wp-json\/wp\/v2\/product_tag?post=19"}],"curies":[{"name":"wp","href":"https:\/\/api.w.org\/{rel}","templated":true}]}}