{"id":17,"date":"2023-09-01T18:22:01","date_gmt":"2023-09-01T16:22:01","guid":{"rendered":"https:\/\/labesaya.com\/?product=rustic-farmhouse-sconces-reclaimed-wood-decor-wall-decor-gift-wooden-candle-holder-reclaimed-farmhouse-wall-decoration"},"modified":"2024-06-02T19:57:21","modified_gmt":"2024-06-02T17:57:21","slug":"sconces","status":"publish","type":"product","link":"https:\/\/labesaya.com\/es\/producto\/sconces\/","title":{"rendered":"Rustic Farmhouse Sconces for plants and candles with wall mount"},"content":{"rendered":"<div data-elementor-type=\"product-post\" data-elementor-id=\"17\" class=\"elementor elementor-17\" data-elementor-post-type=\"product\">\n\t\t\t\t\t\t<section class=\"elementor-section elementor-top-section elementor-element elementor-element-f7617c9 elementor-section-boxed elementor-section-height-default elementor-section-height-default\" data-id=\"f7617c9\" data-element_type=\"section\">\n\t\t\t\t\t\t<div class=\"elementor-container elementor-column-gap-default\">\n\t\t\t\t\t<div class=\"elementor-column elementor-col-100 elementor-top-column elementor-element elementor-element-c166989\" data-id=\"c166989\" data-element_type=\"column\">\n\t\t\t<div class=\"elementor-widget-wrap elementor-element-populated\">\n\t\t\t\t\t\t<section class=\"elementor-section elementor-inner-section elementor-element elementor-element-bef8e21 elementor-section-boxed elementor-section-height-default elementor-section-height-default\" data-id=\"bef8e21\" data-element_type=\"section\">\n\t\t\t\t\t\t<div class=\"elementor-container elementor-column-gap-default\">\n\t\t\t\t\t<div class=\"elementor-column elementor-col-50 elementor-inner-column elementor-element elementor-element-9f6e5b5\" data-id=\"9f6e5b5\" data-element_type=\"column\">\n\t\t\t<div class=\"elementor-widget-wrap elementor-element-populated\">\n\t\t\t\t\t\t<div class=\"elementor-element elementor-element-bc33ad5 animated-slow elementor-invisible elementor-widget elementor-widget-image\" data-id=\"bc33ad5\" data-element_type=\"widget\" data-settings=\"{&quot;_animation&quot;:&quot;fadeIn&quot;,&quot;_animation_delay&quot;:10}\" data-widget_type=\"image.default\">\n\t\t\t\t<div class=\"elementor-widget-container\">\n\t\t\t\t\t\t\t\t\t\t\t\t\t\t\t<img loading=\"lazy\" decoding=\"async\" width=\"300\" height=\"450\" class=\"lazy-load\" src=\"data:image\/svg+xml;charset=utf-8,%3Csvg xmlns%3D'http%3A%2F%2Fwww.w3.org%2F2000%2Fsvg' viewBox%3D'0 0 300 450'%2F%3E\" data-src=\"https:\/\/labesaya.com\/wp-content\/uploads\/elementor\/thumbs\/sconces-1-scaled-qnkqfsfeti516f9x39q1ucsdvty8w4hy9y3u73uhsk.jpg\" title=\"binary comment\" alt=\"binary comment\" \/>\t\t\t\t\t\t\t\t\t\t\t\t\t\t\t<\/div>\n\t\t\t\t<\/div>\n\t\t\t\t\t<\/div>\n\t\t<\/div>\n\t\t\t\t<div class=\"elementor-column elementor-col-50 elementor-inner-column elementor-element elementor-element-0787851\" data-id=\"0787851\" data-element_type=\"column\">\n\t\t\t<div class=\"elementor-widget-wrap elementor-element-populated\">\n\t\t\t\t\t\t<div class=\"elementor-element elementor-element-10294a6 animated-slow elementor-invisible elementor-widget elementor-widget-text-editor\" data-id=\"10294a6\" data-element_type=\"widget\" data-settings=\"{&quot;_animation&quot;:&quot;fadeIn&quot;,&quot;_animation_delay&quot;:10}\" data-widget_type=\"text-editor.default\">\n\t\t\t\t<div class=\"elementor-widget-container\">\n\t\t\t\t\t\t\t\t\t<h2>Cada pieza es \u00fanica<\/h2><p>Rasgu\u00f1os, marcas y agujeros de clavos son algo que no se puede copiar, y debido a eso, estas apliques de pared agregar\u00e1n un toque r\u00fastico a tu hogar. Cada pieza es \u00fanica a su manera. No solo trabajamos con madera, donde el grano var\u00eda en cada pieza, sino tambi\u00e9n con madera recuperada con marcas que son imposibles de duplicar<\/p>\t\t\t\t\t\t\t\t<\/div>\n\t\t\t\t<\/div>\n\t\t\t\t\t<\/div>\n\t\t<\/div>\n\t\t\t\t\t<\/div>\n\t\t<\/section>\n\t\t\t\t<section class=\"elementor-section elementor-inner-section elementor-element elementor-element-9bc347b animated-slow elementor-section-boxed elementor-section-height-default elementor-section-height-default elementor-invisible\" data-id=\"9bc347b\" data-element_type=\"section\" data-settings=\"{&quot;animation&quot;:&quot;fadeIn&quot;,&quot;animation_delay&quot;:10}\">\n\t\t\t\t\t\t<div class=\"elementor-container elementor-column-gap-default\">\n\t\t\t\t\t<div class=\"elementor-column elementor-col-50 elementor-inner-column elementor-element elementor-element-dc8a197\" data-id=\"dc8a197\" data-element_type=\"column\">\n\t\t\t<div class=\"elementor-widget-wrap elementor-element-populated\">\n\t\t\t\t\t\t<div class=\"elementor-element elementor-element-c4360d0 elementor-widget elementor-widget-text-editor\" data-id=\"c4360d0\" data-element_type=\"widget\" data-widget_type=\"text-editor.default\">\n\t\t\t\t<div class=\"elementor-widget-container\">\n\t\t\t\t\t\t\t\t\t<h2>Las cosas buenas duran para siempre<\/h2>\n<p class=\"translation-block\"><span style=\"color: var(--the7-base-color);letter-spacing: var(--the7-base-letter-spacing);text-transform: var(--the7-base-text-transform)\">Para garantizar la longevidad de la estanter\u00eda, hemos tomado medidas adicionales para proteger la madera recuperada. La superficie est\u00e1 recubierta con un barniz resistente o una cera resistente a la intemperie, lo que la protege contra los elementos. Sin embargo, tenga en cuenta que una exposici\u00f3n excesiva y prolongada al agua todav\u00eda puede representar un riesgo para la madera.Para garantizar la longevidad de la estanter\u00eda, hemos tomado medidas adicionales para proteger la madera recuperada. La superficie est\u00e1 recubierta con un barniz resistente o una cera resistente a la intemperie, lo que la protege contra los elementos. Sin embargo, tenga en cuenta que una exposici\u00f3n excesiva y prolongada al agua todav\u00eda puede representar un riesgo para la madera.<\/p>\t\t\t\t\t\t\t\t<\/div>\n\t\t\t\t<\/div>\n\t\t\t\t\t<\/div>\n\t\t<\/div>\n\t\t\t\t<div class=\"elementor-column elementor-col-50 elementor-inner-column elementor-element elementor-element-c47395b\" data-id=\"c47395b\" data-element_type=\"column\">\n\t\t\t<div class=\"elementor-widget-wrap elementor-element-populated\">\n\t\t\t\t\t\t<div class=\"elementor-element elementor-element-6243bcc elementor-widget elementor-widget-image\" data-id=\"6243bcc\" data-element_type=\"widget\" data-widget_type=\"image.default\">\n\t\t\t\t<div class=\"elementor-widget-container\">\n\t\t\t\t\t\t\t\t\t\t\t\t\t\t\t<img decoding=\"async\" src=\"https:\/\/labesaya.com\/wp-content\/uploads\/2023\/09\/varnishing.jpeg\" title=\"varnishing\" alt=\"varnishing\" loading=\"lazy\" \/>\t\t\t\t\t\t\t\t\t\t\t\t\t\t\t<\/div>\n\t\t\t\t<\/div>\n\t\t\t\t\t<\/div>\n\t\t<\/div>\n\t\t\t\t\t<\/div>\n\t\t<\/section>\n\t\t\t\t\t<\/div>\n\t\t<\/div>\n\t\t\t\t\t<\/div>\n\t\t<\/section>\n\t\t\t\t<\/div>","protected":false},"excerpt":{"rendered":"<p>Los portal\u00e1mparas est\u00e1n hechos de madera reciclada y presentan agujeros y marcas de clavos naturales. En la parte trasera de los portal\u00e1mparas hay una pieza de fieltro para evitar rayones o ensuciamiento en la pared. La instalaci\u00f3n es muy sencilla gracias a los ganchos del marco. Todo lo que necesitas es un gancho de pared, un clavo o algo similar.<\/p>\n<p>Dimensiones:<\/p>\n<ul>\n<li>Height &#8211; 35cm<\/li>\n<li>Width &#8211; 9cm<\/li>\n<li>Depth &#8211; 10cm<\/li>\n<\/ul>","protected":false},"featured_media":48269,"template":"","meta":{"om_disable_all_campaigns":false,"_monsterinsights_skip_tracking":false,"_monsterinsights_sitenote_active":false,"_monsterinsights_sitenote_note":"","_monsterinsights_sitenote_category":0},"product_brand":[],"product_cat":[211],"product_tag":[24,28,26,31,21,30,25,23,22,20,29,27,19],"class_list":{"0":"post-17","1":"product","2":"type-product","3":"status-publish","4":"has-post-thumbnail","6":"product_cat-shelves","7":"product_tag-candle_sconces_pair","8":"product_tag-candle_wall_sconce","9":"product_tag-farmhouse_candle","10":"product_tag-reclaimed_wood","11":"product_tag-rustic_candle_holder","12":"product_tag-rustic_candle_shelf","13":"product_tag-rustic_candleholder","14":"product_tag-rustic_sconces","15":"product_tag-rustic_wall_decor","16":"product_tag-rustic_wood_shelf","17":"product_tag-small_candle_sconces","18":"product_tag-wall_candle_holder","19":"product_tag-wooden_candle_holder","20":"product_shipping_class-small-package","22":"first","23":"instock","24":"shipping-taxable","25":"purchasable","26":"product-type-variable","27":"has-default-attributes"},"aioseo_notices":[],"jetpack_sharing_enabled":true,"_links":{"self":[{"href":"https:\/\/labesaya.com\/es\/wp-json\/wp\/v2\/product\/17","targetHints":{"allow":["GET"]}}],"collection":[{"href":"https:\/\/labesaya.com\/es\/wp-json\/wp\/v2\/product"}],"about":[{"href":"https:\/\/labesaya.com\/es\/wp-json\/wp\/v2\/types\/product"}],"version-history":[{"count":20,"href":"https:\/\/labesaya.com\/es\/wp-json\/wp\/v2\/product\/17\/revisions"}],"predecessor-version":[{"id":49698,"href":"https:\/\/labesaya.com\/es\/wp-json\/wp\/v2\/product\/17\/revisions\/49698"}],"wp:featuredmedia":[{"embeddable":true,"href":"https:\/\/labesaya.com\/es\/wp-json\/wp\/v2\/media\/48269"}],"wp:attachment":[{"href":"https:\/\/labesaya.com\/es\/wp-json\/wp\/v2\/media?parent=17"}],"wp:term":[{"taxonomy":"product_brand","embeddable":true,"href":"https:\/\/labesaya.com\/es\/wp-json\/wp\/v2\/product_brand?post=17"},{"taxonomy":"product_cat","embeddable":true,"href":"https:\/\/labesaya.com\/es\/wp-json\/wp\/v2\/product_cat?post=17"},{"taxonomy":"product_tag","embeddable":true,"href":"https:\/\/labesaya.com\/es\/wp-json\/wp\/v2\/product_tag?post=17"}],"curies":[{"name":"wp","href":"https:\/\/api.w.org\/{rel}","templated":true}]}}