{"id":49046,"date":"2024-01-12T12:34:44","date_gmt":"2024-01-12T11:34:44","guid":{"rendered":"https:\/\/labesaya.com\/?page_id=49046"},"modified":"2024-01-12T12:40:26","modified_gmt":"2024-01-12T11:40:26","slug":"politicas-de-envio","status":"publish","type":"page","link":"https:\/\/labesaya.com\/es\/politicas-de-envio\/","title":{"rendered":"Pol\u00edticas de env\u00edo"},"content":{"rendered":"<div data-elementor-type=\"wp-page\" data-elementor-id=\"49046\" class=\"elementor elementor-49046\" data-elementor-post-type=\"page\">\n\t\t\t\t\t\t<section class=\"elementor-section elementor-top-section elementor-element elementor-element-1501f6a elementor-section-boxed elementor-section-height-default elementor-section-height-default\" data-id=\"1501f6a\" data-element_type=\"section\">\n\t\t\t\t\t\t<div class=\"elementor-container elementor-column-gap-wide\">\n\t\t\t\t\t<div class=\"elementor-column elementor-col-100 elementor-top-column elementor-element elementor-element-baacfe7\" data-id=\"baacfe7\" data-element_type=\"column\">\n\t\t\t<div class=\"elementor-widget-wrap elementor-element-populated\">\n\t\t\t\t\t\t<div class=\"elementor-element elementor-element-2c6d570 elementor-widget elementor-widget-heading\" data-id=\"2c6d570\" data-element_type=\"widget\" data-widget_type=\"heading.default\">\n\t\t\t\t<div class=\"elementor-widget-container\">\n\t\t\t\t\t<h4 class=\"elementor-heading-title elementor-size-default\">M\u00e9todos y Costos de Env\u00edo<\/h4>\t\t\t\t<\/div>\n\t\t\t\t<\/div>\n\t\t\t\t<div class=\"elementor-element elementor-element-57c4898 elementor-widget elementor-widget-spacer\" data-id=\"57c4898\" data-element_type=\"widget\" data-widget_type=\"spacer.default\">\n\t\t\t\t<div class=\"elementor-widget-container\">\n\t\t\t\t\t\t\t<div class=\"elementor-spacer\">\n\t\t\t<div class=\"elementor-spacer-inner\"><\/div>\n\t\t<\/div>\n\t\t\t\t\t\t<\/div>\n\t\t\t\t<\/div>\n\t\t\t\t<div class=\"elementor-element elementor-element-0f03c0e elementor-widget elementor-widget-text-editor\" data-id=\"0f03c0e\" data-element_type=\"widget\" data-widget_type=\"text-editor.default\">\n\t\t\t\t<div class=\"elementor-widget-container\">\n\t\t\t\t\t\t\t\t\t<ol><li style=\"list-style-type: none;\"><ol style=\"margin-bottom: 0px; padding-inline-start: 48px;\"><li dir=\"ltr\" style=\"list-style-type: decimal; font-size: 12pt; font-family: Roboto, sans-serif; background-color: transparent; font-variant-numeric: normal; font-variant-east-asian: normal; font-variant-alternates: normal; font-variant-position: normal; vertical-align: baseline; text-wrap: nowrap;\" aria-level=\"1\"><p dir=\"ltr\" style=\"line-height: 1.38; margin-top: 15pt; margin-bottom: 0pt;\" role=\"presentation\"><strong><span style=\"font-size: 12pt; background-color: transparent; font-variant-numeric: normal; font-variant-east-asian: normal; font-variant-alternates: normal; font-variant-position: normal; vertical-align: baseline; text-wrap: wrap;\">A\u00f1ade Productos a tu Cesta:<\/span><\/strong><\/p><ul style=\"margin-bottom: 0px; padding-inline-start: 48px;\"><li dir=\"ltr\" style=\"list-style-type: disc; font-size: 12pt; font-family: Roboto, sans-serif; background-color: transparent; font-variant-numeric: normal; font-variant-east-asian: normal; font-variant-alternates: normal; font-variant-position: normal; vertical-align: baseline; text-wrap: nowrap;\" aria-level=\"2\"><p dir=\"ltr\" style=\"line-height: 1.38; margin-top: 0pt; margin-bottom: 0pt;\" role=\"presentation\"><span style=\"font-size: 12pt; background-color: transparent; font-variant-numeric: normal; font-variant-east-asian: normal; font-variant-alternates: normal; font-variant-position: normal; vertical-align: baseline; text-wrap: wrap;\">Los costos se calcular\u00e1n seg\u00fan los productos seleccionados, el tama\u00f1o del paquete y el destino durante el proceso de pago.<\/span><\/p><\/li><\/ul><\/li><li dir=\"ltr\" style=\"list-style-type: decimal; font-size: 12pt; font-family: Roboto, sans-serif; background-color: transparent; font-variant-numeric: normal; font-variant-east-asian: normal; font-variant-alternates: normal; font-variant-position: normal; vertical-align: baseline; text-wrap: nowrap;\" aria-level=\"1\"><p dir=\"ltr\" style=\"line-height: 1.38; margin-top: 0pt; margin-bottom: 0pt;\" role=\"presentation\"><strong><span style=\"font-size: 12pt; background-color: transparent; font-variant-numeric: normal; font-variant-east-asian: normal; font-variant-alternates: normal; font-variant-position: normal; vertical-align: baseline; text-wrap: wrap;\">Entrega Est\u00e1ndar:<\/span><\/strong><\/p><ul style=\"margin-bottom: 0px; padding-inline-start: 48px;\"><li dir=\"ltr\" style=\"list-style-type: disc; font-size: 12pt; font-family: Roboto, sans-serif; background-color: transparent; font-variant-numeric: normal; font-variant-east-asian: normal; font-variant-alternates: normal; font-variant-position: normal; vertical-align: baseline; text-wrap: nowrap;\" aria-level=\"2\"><p dir=\"ltr\" style=\"line-height: 1.38; margin-top: 0pt; margin-bottom: 0pt;\" role=\"presentation\"><span style=\"font-size: 12pt; background-color: transparent; font-variant-numeric: normal; font-variant-east-asian: normal; font-variant-alternates: normal; font-variant-position: normal; vertical-align: baseline; text-wrap: wrap;\">Correo Electr\u00f3nico para Consultas: Para cualquier pregunta relacionada con el env\u00edo, cont\u00e1ctanos en hello@labesaya.com.<\/span><\/p><\/li><li dir=\"ltr\" style=\"list-style-type: disc; font-size: 12pt; font-family: Roboto, sans-serif; background-color: transparent; font-variant-numeric: normal; font-variant-east-asian: normal; font-variant-alternates: normal; font-variant-position: normal; vertical-align: baseline; text-wrap: nowrap;\" aria-level=\"2\"><p dir=\"ltr\" style=\"line-height: 1.38; margin-top: 0pt; margin-bottom: 0pt;\" role=\"presentation\"><span style=\"font-size: 12pt; background-color: transparent; font-variant-numeric: normal; font-variant-east-asian: normal; font-variant-alternates: normal; font-variant-position: normal; vertical-align: baseline; text-wrap: wrap;\">Tiempos de Entrega:<\/span><\/p><ul style=\"margin-bottom: 0px; padding-inline-start: 48px;\"><li dir=\"ltr\" style=\"list-style-type: disc; font-size: 12pt; font-family: Roboto, sans-serif; background-color: transparent; font-variant-numeric: normal; font-variant-east-asian: normal; font-variant-alternates: normal; font-variant-position: normal; vertical-align: baseline; text-wrap: nowrap;\" aria-level=\"3\"><p dir=\"ltr\" style=\"line-height: 1.38; margin-top: 0pt; margin-bottom: 0pt;\" role=\"presentation\"><span style=\"font-size: 12pt; background-color: transparent; font-variant-numeric: normal; font-variant-east-asian: normal; font-variant-alternates: normal; font-variant-position: normal; vertical-align: baseline; text-wrap: wrap;\">Dentro de Espa\u00f1a: 1-3 d\u00edas<\/span><\/p><\/li><li dir=\"ltr\" style=\"list-style-type: disc; font-size: 12pt; font-family: Roboto, sans-serif; background-color: transparent; font-variant-numeric: normal; font-variant-east-asian: normal; font-variant-alternates: normal; font-variant-position: normal; vertical-align: baseline; text-wrap: nowrap;\" aria-level=\"3\"><p dir=\"ltr\" style=\"line-height: 1.38; margin-top: 0pt; margin-bottom: 0pt;\" role=\"presentation\"><span style=\"font-size: 12pt; background-color: transparent; font-variant-numeric: normal; font-variant-east-asian: normal; font-variant-alternates: normal; font-variant-position: normal; vertical-align: baseline; text-wrap: wrap;\">Dentro de la UE: 3-5 d\u00edas<\/span><\/p><\/li><li dir=\"ltr\" style=\"list-style-type: disc; font-size: 12pt; font-family: Roboto, sans-serif; background-color: transparent; font-variant-numeric: normal; font-variant-east-asian: normal; font-variant-alternates: normal; font-variant-position: normal; vertical-align: baseline; text-wrap: nowrap;\" aria-level=\"3\"><p dir=\"ltr\" style=\"line-height: 1.38; margin-top: 0pt; margin-bottom: 15pt;\" role=\"presentation\"><span style=\"font-size: 12pt; background-color: transparent; font-variant-numeric: normal; font-variant-east-asian: normal; font-variant-alternates: normal; font-variant-position: normal; vertical-align: baseline; text-wrap: wrap;\">Europa (no perteneciente a la UE): 3-14 d\u00edas<\/span><\/p><\/li><li dir=\"ltr\" style=\"list-style-type: disc; font-size: 12pt; font-family: Roboto, sans-serif; background-color: transparent; font-variant-numeric: normal; font-variant-east-asian: normal; font-variant-alternates: normal; font-variant-position: normal; vertical-align: baseline; text-wrap: nowrap;\" aria-level=\"3\"><p dir=\"ltr\" style=\"line-height: 1.38; margin-top: 0pt; margin-bottom: 15pt;\" role=\"presentation\"><span style=\"font-size: 12pt; background-color: transparent; font-variant-numeric: normal; font-variant-east-asian: normal; font-variant-alternates: normal; font-variant-position: normal; vertical-align: baseline; text-wrap: wrap;\">Norteam\u00e9rica, Asia, Australia: 7-21 d\u00edas (Detalles espec\u00edficos del pa\u00eds proporcionados en el proceso de pago)<\/span><\/p><\/li><\/ul><\/li><\/ul><\/li><\/ol><\/li><\/ol><p>\u00a0<\/p>\t\t\t\t\t\t\t\t<\/div>\n\t\t\t\t<\/div>\n\t\t\t\t<div class=\"elementor-element elementor-element-0d16215 elementor-widget elementor-widget-heading\" data-id=\"0d16215\" data-element_type=\"widget\" data-widget_type=\"heading.default\">\n\t\t\t\t<div class=\"elementor-widget-container\">\n\t\t\t\t\t<h4 class=\"elementor-heading-title elementor-size-default\">Seguimiento del Pedido\n\n<\/h4>\t\t\t\t<\/div>\n\t\t\t\t<\/div>\n\t\t\t\t<div class=\"elementor-element elementor-element-fe172eb elementor-widget elementor-widget-spacer\" data-id=\"fe172eb\" data-element_type=\"widget\" data-widget_type=\"spacer.default\">\n\t\t\t\t<div class=\"elementor-widget-container\">\n\t\t\t\t\t\t\t<div class=\"elementor-spacer\">\n\t\t\t<div class=\"elementor-spacer-inner\"><\/div>\n\t\t<\/div>\n\t\t\t\t\t\t<\/div>\n\t\t\t\t<\/div>\n\t\t\t\t<div class=\"elementor-element elementor-element-2eca6bb elementor-widget elementor-widget-text-editor\" data-id=\"2eca6bb\" data-element_type=\"widget\" data-widget_type=\"text-editor.default\">\n\t\t\t\t<div class=\"elementor-widget-container\">\n\t\t\t\t\t\t\t\t\t<p>Haz el seguimiento de tu pedido <a href=\"https:\/\/chat.openai.com\/c\/b5a99b62-58b1-421c-ac3f-333fe61bae7d#\" target=\"_new\">aqu\u00ed<\/a>.<\/p>\t\t\t\t\t\t\t\t<\/div>\n\t\t\t\t<\/div>\n\t\t\t\t<div class=\"elementor-element elementor-element-1802e41 elementor-widget elementor-widget-template\" data-id=\"1802e41\" data-element_type=\"widget\" data-widget_type=\"template.default\">\n\t\t\t\t<div class=\"elementor-widget-container\">\n\t\t\t\t\t\t\t<div class=\"elementor-template\">\n\t\t\t\t\t<div data-elementor-type=\"section\" data-elementor-id=\"36896\" class=\"elementor elementor-36896\" data-elementor-post-type=\"elementor_library\">\n\t\t\t\t\t<section class=\"elementor-section elementor-top-section elementor-element elementor-element-63965c5f elementor-section-full_width elementor-section-height-default elementor-section-height-default\" data-id=\"63965c5f\" data-element_type=\"section\">\n\t\t\t\t\t\t<div class=\"elementor-container elementor-column-gap-no\">\n\t\t\t\t\t<div class=\"elementor-column elementor-col-100 elementor-top-column elementor-element elementor-element-3cb9c4a0\" data-id=\"3cb9c4a0\" data-element_type=\"column\">\n\t\t\t<div class=\"elementor-widget-wrap elementor-element-populated\">\n\t\t\t\t\t\t<div class=\"elementor-element elementor-element-1e2d0305 elementor-widget-divider--view-line elementor-widget elementor-widget-divider\" data-id=\"1e2d0305\" data-element_type=\"widget\" data-widget_type=\"divider.default\">\n\t\t\t\t<div class=\"elementor-widget-container\">\n\t\t\t\t\t\t\t<div class=\"elementor-divider\">\n\t\t\t<span class=\"elementor-divider-separator\">\n\t\t\t\t\t\t<\/span>\n\t\t<\/div>\n\t\t\t\t\t\t<\/div>\n\t\t\t\t<\/div>\n\t\t\t\t\t<\/div>\n\t\t<\/div>\n\t\t\t\t\t<\/div>\n\t\t<\/section>\n\t\t\t\t<\/div>\n\t\t\t\t<\/div>\n\t\t\t\t\t\t<\/div>\n\t\t\t\t<\/div>\n\t\t\t\t<div class=\"elementor-element elementor-element-fcea695 elementor-widget elementor-widget-heading\" data-id=\"fcea695\" data-element_type=\"widget\" data-widget_type=\"heading.default\">\n\t\t\t\t<div class=\"elementor-widget-container\">\n\t\t\t\t\t<h4 class=\"elementor-heading-title elementor-size-default\">Todav\u00eda no He Recibido Mi Pedido\n\n<\/h4>\t\t\t\t<\/div>\n\t\t\t\t<\/div>\n\t\t\t\t<div class=\"elementor-element elementor-element-f09bece elementor-widget elementor-widget-spacer\" data-id=\"f09bece\" data-element_type=\"widget\" data-widget_type=\"spacer.default\">\n\t\t\t\t<div class=\"elementor-widget-container\">\n\t\t\t\t\t\t\t<div class=\"elementor-spacer\">\n\t\t\t<div class=\"elementor-spacer-inner\"><\/div>\n\t\t<\/div>\n\t\t\t\t\t\t<\/div>\n\t\t\t\t<\/div>\n\t\t\t\t<div class=\"elementor-element elementor-element-20fbbe5 elementor-widget elementor-widget-text-editor\" data-id=\"20fbbe5\" data-element_type=\"widget\" data-widget_type=\"text-editor.default\">\n\t\t\t\t<div class=\"elementor-widget-container\">\n\t\t\t\t\t\t\t\t\t<p>Si no has recibido tu pedido dentro de los tiempos de entrega especificados, por favor, contacta a nuestro servicio de atenci\u00f3n al cliente en <a target=\"_new\">hello@labesaya.com<\/a> para obtener ayuda.<\/p>\t\t\t\t\t\t\t\t<\/div>\n\t\t\t\t<\/div>\n\t\t\t\t<div class=\"elementor-element elementor-element-4629e20 elementor-widget elementor-widget-template\" data-id=\"4629e20\" data-element_type=\"widget\" data-widget_type=\"template.default\">\n\t\t\t\t<div class=\"elementor-widget-container\">\n\t\t\t\t\t\t\t<div class=\"elementor-template\">\n\t\t\t\t\t<div data-elementor-type=\"section\" data-elementor-id=\"36896\" class=\"elementor elementor-36896\" data-elementor-post-type=\"elementor_library\">\n\t\t\t\t\t<section class=\"elementor-section elementor-top-section elementor-element elementor-element-63965c5f elementor-section-full_width elementor-section-height-default elementor-section-height-default\" data-id=\"63965c5f\" data-element_type=\"section\">\n\t\t\t\t\t\t<div class=\"elementor-container elementor-column-gap-no\">\n\t\t\t\t\t<div class=\"elementor-column elementor-col-100 elementor-top-column elementor-element elementor-element-3cb9c4a0\" data-id=\"3cb9c4a0\" data-element_type=\"column\">\n\t\t\t<div class=\"elementor-widget-wrap elementor-element-populated\">\n\t\t\t\t\t\t<div class=\"elementor-element elementor-element-1e2d0305 elementor-widget-divider--view-line elementor-widget elementor-widget-divider\" data-id=\"1e2d0305\" data-element_type=\"widget\" data-widget_type=\"divider.default\">\n\t\t\t\t<div class=\"elementor-widget-container\">\n\t\t\t\t\t\t\t<div class=\"elementor-divider\">\n\t\t\t<span class=\"elementor-divider-separator\">\n\t\t\t\t\t\t<\/span>\n\t\t<\/div>\n\t\t\t\t\t\t<\/div>\n\t\t\t\t<\/div>\n\t\t\t\t\t<\/div>\n\t\t<\/div>\n\t\t\t\t\t<\/div>\n\t\t<\/section>\n\t\t\t\t<\/div>\n\t\t\t\t<\/div>\n\t\t\t\t\t\t<\/div>\n\t\t\t\t<\/div>\n\t\t\t\t<div class=\"elementor-element elementor-element-d5187a2 elementor-widget elementor-widget-heading\" data-id=\"d5187a2\" data-element_type=\"widget\" data-widget_type=\"heading.default\">\n\t\t\t\t<div class=\"elementor-widget-container\">\n\t\t\t\t\t<h4 class=\"elementor-heading-title elementor-size-default\">Los Art\u00edculos Recibidos Son Incorrectos o Defectuosos\n\n<\/h4>\t\t\t\t<\/div>\n\t\t\t\t<\/div>\n\t\t\t\t<div class=\"elementor-element elementor-element-3722142 elementor-widget elementor-widget-spacer\" data-id=\"3722142\" data-element_type=\"widget\" data-widget_type=\"spacer.default\">\n\t\t\t\t<div class=\"elementor-widget-container\">\n\t\t\t\t\t\t\t<div class=\"elementor-spacer\">\n\t\t\t<div class=\"elementor-spacer-inner\"><\/div>\n\t\t<\/div>\n\t\t\t\t\t\t<\/div>\n\t\t\t\t<\/div>\n\t\t\t\t<div class=\"elementor-element elementor-element-6da8bdd elementor-widget elementor-widget-text-editor\" data-id=\"6da8bdd\" data-element_type=\"widget\" data-widget_type=\"text-editor.default\">\n\t\t\t\t<div class=\"elementor-widget-container\">\n\t\t\t\t\t\t\t\t\t<p>Si los art\u00edculos recibidos son incorrectos o defectuosos, por favor, contacta a nuestro servicio de atenci\u00f3n al cliente en <a target=\"_new\">hello@labesaya.com<\/a> con los detalles de tu pedido para recibir asistencia r\u00e1pida.<\/p>\t\t\t\t\t\t\t\t<\/div>\n\t\t\t\t<\/div>\n\t\t\t\t\t<\/div>\n\t\t<\/div>\n\t\t\t\t\t<\/div>\n\t\t<\/section>\n\t\t\t\t<\/div>","protected":false},"excerpt":{"rendered":"<p>M\u00e9todos y Costos de Env\u00edo A\u00f1ade Productos a tu Cesta: Los costos se calcular\u00e1n seg\u00fan los productos seleccionados, el tama\u00f1o del paquete y el destino durante el proceso de pago. Entrega Est\u00e1ndar: Correo Electr\u00f3nico para Consultas: Para cualquier pregunta relacionada con el env\u00edo, cont\u00e1ctanos en hello@labesaya.com. Tiempos de Entrega: Dentro de Espa\u00f1a: 1-3 d\u00edas Dentro&hellip;<\/p>","protected":false},"author":1,"featured_media":0,"parent":0,"menu_order":970,"comment_status":"closed","ping_status":"closed","template":"","meta":{"om_disable_all_campaigns":false,"_monsterinsights_skip_tracking":false,"_monsterinsights_sitenote_active":false,"_monsterinsights_sitenote_note":"","_monsterinsights_sitenote_category":0,"footnotes":""},"class_list":["post-49046","page","type-page","status-publish","hentry"],"aioseo_notices":[],"jetpack_sharing_enabled":true,"_links":{"self":[{"href":"https:\/\/labesaya.com\/es\/wp-json\/wp\/v2\/pages\/49046","targetHints":{"allow":["GET"]}}],"collection":[{"href":"https:\/\/labesaya.com\/es\/wp-json\/wp\/v2\/pages"}],"about":[{"href":"https:\/\/labesaya.com\/es\/wp-json\/wp\/v2\/types\/page"}],"author":[{"embeddable":true,"href":"https:\/\/labesaya.com\/es\/wp-json\/wp\/v2\/users\/1"}],"replies":[{"embeddable":true,"href":"https:\/\/labesaya.com\/es\/wp-json\/wp\/v2\/comments?post=49046"}],"version-history":[{"count":4,"href":"https:\/\/labesaya.com\/es\/wp-json\/wp\/v2\/pages\/49046\/revisions"}],"predecessor-version":[{"id":49050,"href":"https:\/\/labesaya.com\/es\/wp-json\/wp\/v2\/pages\/49046\/revisions\/49050"}],"wp:attachment":[{"href":"https:\/\/labesaya.com\/es\/wp-json\/wp\/v2\/media?parent=49046"}],"curies":[{"name":"wp","href":"https:\/\/api.w.org\/{rel}","templated":true}]}}