{"id":36636,"date":"2021-02-26T15:32:08","date_gmt":"2021-02-26T15:32:08","guid":{"rendered":"https:\/\/the7.io\/elementor-shop\/?page_id=36636"},"modified":"2023-09-26T16:55:42","modified_gmt":"2023-09-26T14:55:42","slug":"about","status":"publish","type":"page","link":"https:\/\/labesaya.com\/es\/about\/","title":{"rendered":"Sobre nosotros"},"content":{"rendered":"<div data-elementor-type=\"wp-page\" data-elementor-id=\"36636\" class=\"elementor elementor-36636\" data-elementor-post-type=\"page\">\n\t\t\t\t\t\t<section class=\"elementor-section elementor-top-section elementor-element elementor-element-5722196 elementor-reverse-tablet elementor-reverse-mobile elementor-section-boxed elementor-section-height-default elementor-section-height-default\" data-id=\"5722196\" data-element_type=\"section\">\n\t\t\t\t\t\t<div class=\"elementor-container elementor-column-gap-wide\">\n\t\t\t\t\t<div class=\"elementor-column elementor-col-100 elementor-top-column elementor-element elementor-element-02688cc\" data-id=\"02688cc\" data-element_type=\"column\">\n\t\t\t<div class=\"elementor-widget-wrap elementor-element-populated\">\n\t\t\t\t\t\t<div class=\"elementor-element elementor-element-2317919 elementor-widget elementor-widget-image\" data-id=\"2317919\" data-element_type=\"widget\" data-widget_type=\"image.default\">\n\t\t\t\t<div class=\"elementor-widget-container\">\n\t\t\t\t\t\t\t\t\t\t\t\t\t\t\t<img decoding=\"async\" src=\"https:\/\/labesaya.com\/wp-content\/uploads\/elementor\/thumbs\/workshop-chisel-scaled-qnj6rwafewap0fvqdd0sr0pzr7dlhzyjbr45qy1bv0.jpg\" title=\"workshop-chisel\" alt=\"workshop-chisel\" loading=\"lazy\" \/>\t\t\t\t\t\t\t\t\t\t\t\t\t\t\t<\/div>\n\t\t\t\t<\/div>\n\t\t\t\t\t<\/div>\n\t\t<\/div>\n\t\t\t\t\t<\/div>\n\t\t<\/section>\n\t\t\t\t<section class=\"elementor-section elementor-top-section elementor-element elementor-element-1640059 elementor-reverse-tablet elementor-reverse-mobile elementor-section-boxed elementor-section-height-default elementor-section-height-default\" data-id=\"1640059\" data-element_type=\"section\">\n\t\t\t\t\t\t<div class=\"elementor-container elementor-column-gap-wide\">\n\t\t\t\t\t<div class=\"elementor-column elementor-col-100 elementor-top-column elementor-element elementor-element-f35100b\" data-id=\"f35100b\" data-element_type=\"column\">\n\t\t\t<div class=\"elementor-widget-wrap elementor-element-populated\">\n\t\t\t\t\t\t<div class=\"elementor-element elementor-element-2fe3d47 elementor-widget elementor-widget-heading\" data-id=\"2fe3d47\" data-element_type=\"widget\" data-widget_type=\"heading.default\">\n\t\t\t\t<div class=\"elementor-widget-container\">\n\t\t\t\t\t<h3 class=\"elementor-heading-title elementor-size-default\">Reclaimed wood - reclaimed history<\/h3>\t\t\t\t<\/div>\n\t\t\t\t<\/div>\n\t\t\t\t<div class=\"elementor-element elementor-element-e261d6e elementor-widget elementor-widget-spacer\" data-id=\"e261d6e\" data-element_type=\"widget\" data-widget_type=\"spacer.default\">\n\t\t\t\t<div class=\"elementor-widget-container\">\n\t\t\t\t\t\t\t<div class=\"elementor-spacer\">\n\t\t\t<div class=\"elementor-spacer-inner\"><\/div>\n\t\t<\/div>\n\t\t\t\t\t\t<\/div>\n\t\t\t\t<\/div>\n\t\t\t\t<div class=\"elementor-element elementor-element-663eb40 elementor-widget elementor-widget-text-editor\" data-id=\"663eb40\" data-element_type=\"widget\" data-widget_type=\"text-editor.default\">\n\t\t\t\t<div class=\"elementor-widget-container\">\n\t\t\t\t\t\t\t\t\t<p class=\"translation-block\">Esta historia comienza en 2021, con el cepillo de mi abuelo guardado en mi equipaje mientras me alejo de los bosques de Polonia en direcci\u00f3n a otros, tambi\u00e9n h\u00famedos, en el norte de Espa\u00f1a.\n\nEl sonido de las aguas del r\u00edo Besaya (Cantabria) corriendo bajo mi ventana acompa\u00f1a las primeras creaciones con madera, en el taller de mi amigo Ferm\u00edn, artista cer\u00e1mico.\n\nParecen anunciar que, como ellas, seguir\u00e9 viajando, y en 2022 recalo entre los cerros de la ciudad de Cuenca. En pleno casco antiguo, consigo un peque\u00f1o espacio para seguir trabajando la madera, atendiendo los pedidos que van creciendo a lo largo de 2023.\n\nCon el olor a pino que se cuela por las callejuelas hasta mi ventana, un aliento de vida penetra cada nueva creaci\u00f3n, al transformar cada list\u00f3n de madera recuperada en una pieza de artesan\u00eda.\n\nEsa es la magia de las piezas que elaboramos, la uni\u00f3n de su propia historia, con la nuestra, y con la tuya. \n\nCuando adquieres una pieza de nuestra artesan\u00eda, llega a tu casa una chispa del ebanista que hasta 1990 creaba piezas \u00fanicas a partir de la madera recogida en el bosque de (Bieliny, Polonia). \n\nHoy en otra tierra, pero repitiendo sus movimientos, la gestaci\u00f3n de las piezas es un largo y cuidadoso proceso que va desde la b\u00fasqueda y obtenci\u00f3n de la madera, pasando por su recuperaci\u00f3n y tratamiento, al dise\u00f1o y fabricaci\u00f3n de las piezas.\n\nEn paralelo, el trabajo de estudio de mercado y la gesti\u00f3n de ventas y env\u00edos, permite que nos encuentres, y poner a tu disposici\u00f3n piezas valiosas para remar contra una corriente masificadora de hogares deshumanizados, sin alma y sin historia.<\/p>\t\t\t\t\t\t\t\t<\/div>\n\t\t\t\t<\/div>\n\t\t\t\t<div class=\"elementor-element elementor-element-b068649 elementor-widget elementor-widget-spacer\" data-id=\"b068649\" data-element_type=\"widget\" data-widget_type=\"spacer.default\">\n\t\t\t\t<div class=\"elementor-widget-container\">\n\t\t\t\t\t\t\t<div class=\"elementor-spacer\">\n\t\t\t<div class=\"elementor-spacer-inner\"><\/div>\n\t\t<\/div>\n\t\t\t\t\t\t<\/div>\n\t\t\t\t<\/div>\n\t\t\t\t<div class=\"elementor-element elementor-element-b7d315b elementor-widget elementor-widget-heading\" data-id=\"b7d315b\" data-element_type=\"widget\" data-widget_type=\"heading.default\">\n\t\t\t\t<div class=\"elementor-widget-container\">\n\t\t\t\t\t<h5 class=\"elementor-heading-title elementor-size-default\">\u00bfPor qu\u00e9 elegirnos?:<\/h5>\t\t\t\t<\/div>\n\t\t\t\t<\/div>\n\t\t\t\t<div class=\"elementor-element elementor-element-97afae3 elementor-widget elementor-widget-spacer\" data-id=\"97afae3\" data-element_type=\"widget\" data-widget_type=\"spacer.default\">\n\t\t\t\t<div class=\"elementor-widget-container\">\n\t\t\t\t\t\t\t<div class=\"elementor-spacer\">\n\t\t\t<div class=\"elementor-spacer-inner\"><\/div>\n\t\t<\/div>\n\t\t\t\t\t\t<\/div>\n\t\t\t\t<\/div>\n\t\t\t\t<div class=\"elementor-element elementor-element-f47eab9 elementor-icon-list--layout-traditional elementor-list-item-link-full_width elementor-widget elementor-widget-icon-list\" data-id=\"f47eab9\" data-element_type=\"widget\" data-widget_type=\"icon-list.default\">\n\t\t\t\t<div class=\"elementor-widget-container\">\n\t\t\t\t\t\t\t<ul class=\"elementor-icon-list-items\">\n\t\t\t\t\t\t\t<li class=\"elementor-icon-list-item\">\n\t\t\t\t\t\t\t\t\t\t\t<span class=\"elementor-icon-list-icon\">\n\t\t\t\t\t\t\t<i aria-hidden=\"true\" class=\"fas fa-circle\"><\/i>\t\t\t\t\t\t<\/span>\n\t\t\t\t\t\t\t\t\t\t<span class=\"elementor-icon-list-text\">Madera de fuentes sostenibles.<\/span>\n\t\t\t\t\t\t\t\t\t<\/li>\n\t\t\t\t\t\t\t\t<li class=\"elementor-icon-list-item\">\n\t\t\t\t\t\t\t\t\t\t\t<span class=\"elementor-icon-list-icon\">\n\t\t\t\t\t\t\t<i aria-hidden=\"true\" class=\"fas fa-circle\"><\/i>\t\t\t\t\t\t<\/span>\n\t\t\t\t\t\t\t\t\t\t<span class=\"elementor-icon-list-text\">Atenci\u00f3n al detalle y est\u00e9tica<\/span>\n\t\t\t\t\t\t\t\t\t<\/li>\n\t\t\t\t\t\t\t\t<li class=\"elementor-icon-list-item\">\n\t\t\t\t\t\t\t\t\t\t\t<span class=\"elementor-icon-list-icon\">\n\t\t\t\t\t\t\t<i aria-hidden=\"true\" class=\"fas fa-circle\"><\/i>\t\t\t\t\t\t<\/span>\n\t\t\t\t\t\t\t\t\t\t<span class=\"elementor-icon-list-text\">Enfoque personalizado para cada cliente<\/span>\n\t\t\t\t\t\t\t\t\t<\/li>\n\t\t\t\t\t\t\t\t<li class=\"elementor-icon-list-item\">\n\t\t\t\t\t\t\t\t\t\t\t<span class=\"elementor-icon-list-icon\">\n\t\t\t\t\t\t\t<i aria-hidden=\"true\" class=\"fas fa-circle\"><\/i>\t\t\t\t\t\t<\/span>\n\t\t\t\t\t\t\t\t\t\t<span class=\"elementor-icon-list-text\">Made  in Spain 100%<\/span>\n\t\t\t\t\t\t\t\t\t<\/li>\n\t\t\t\t\t\t<\/ul>\n\t\t\t\t\t\t<\/div>\n\t\t\t\t<\/div>\n\t\t\t\t<div class=\"elementor-element elementor-element-694a0f6 elementor-widget elementor-widget-template\" data-id=\"694a0f6\" data-element_type=\"widget\" data-widget_type=\"template.default\">\n\t\t\t\t<div class=\"elementor-widget-container\">\n\t\t\t\t\t\t\t<div class=\"elementor-template\">\n\t\t\t\t\t<div data-elementor-type=\"section\" data-elementor-id=\"36896\" class=\"elementor elementor-36896\" data-elementor-post-type=\"elementor_library\">\n\t\t\t\t\t<section class=\"elementor-section elementor-top-section elementor-element elementor-element-63965c5f elementor-section-full_width elementor-section-height-default elementor-section-height-default\" data-id=\"63965c5f\" data-element_type=\"section\">\n\t\t\t\t\t\t<div class=\"elementor-container elementor-column-gap-no\">\n\t\t\t\t\t<div class=\"elementor-column elementor-col-100 elementor-top-column elementor-element elementor-element-3cb9c4a0\" data-id=\"3cb9c4a0\" data-element_type=\"column\">\n\t\t\t<div class=\"elementor-widget-wrap elementor-element-populated\">\n\t\t\t\t\t\t<div class=\"elementor-element elementor-element-1e2d0305 elementor-widget-divider--view-line elementor-widget elementor-widget-divider\" data-id=\"1e2d0305\" data-element_type=\"widget\" data-widget_type=\"divider.default\">\n\t\t\t\t<div class=\"elementor-widget-container\">\n\t\t\t\t\t\t\t<div class=\"elementor-divider\">\n\t\t\t<span class=\"elementor-divider-separator\">\n\t\t\t\t\t\t<\/span>\n\t\t<\/div>\n\t\t\t\t\t\t<\/div>\n\t\t\t\t<\/div>\n\t\t\t\t\t<\/div>\n\t\t<\/div>\n\t\t\t\t\t<\/div>\n\t\t<\/section>\n\t\t\t\t<\/div>\n\t\t\t\t<\/div>\n\t\t\t\t\t\t<\/div>\n\t\t\t\t<\/div>\n\t\t\t\t\t<\/div>\n\t\t<\/div>\n\t\t\t\t\t<\/div>\n\t\t<\/section>\n\t\t\t\t<\/div>","protected":false},"excerpt":{"rendered":"<p>Reclaimed wood &#8211; reclaimed history The story starts in three different places and timelines. First timeline is the one of my grandfather Adam Kopacz, who was a traditional carpenter in all its aspects. Starting from wood itself which he was harvesting and seasoning by himself to later on carve and give form with tools made&hellip;<\/p>","protected":false},"author":1,"featured_media":0,"parent":0,"menu_order":50,"comment_status":"closed","ping_status":"closed","template":"","meta":{"om_disable_all_campaigns":false,"_monsterinsights_skip_tracking":false,"_monsterinsights_sitenote_active":false,"_monsterinsights_sitenote_note":"","_monsterinsights_sitenote_category":0,"footnotes":""},"class_list":["post-36636","page","type-page","status-publish","hentry"],"aioseo_notices":[],"jetpack_sharing_enabled":true,"_links":{"self":[{"href":"https:\/\/labesaya.com\/es\/wp-json\/wp\/v2\/pages\/36636","targetHints":{"allow":["GET"]}}],"collection":[{"href":"https:\/\/labesaya.com\/es\/wp-json\/wp\/v2\/pages"}],"about":[{"href":"https:\/\/labesaya.com\/es\/wp-json\/wp\/v2\/types\/page"}],"author":[{"embeddable":true,"href":"https:\/\/labesaya.com\/es\/wp-json\/wp\/v2\/users\/1"}],"replies":[{"embeddable":true,"href":"https:\/\/labesaya.com\/es\/wp-json\/wp\/v2\/comments?post=36636"}],"version-history":[{"count":6,"href":"https:\/\/labesaya.com\/es\/wp-json\/wp\/v2\/pages\/36636\/revisions"}],"predecessor-version":[{"id":47893,"href":"https:\/\/labesaya.com\/es\/wp-json\/wp\/v2\/pages\/36636\/revisions\/47893"}],"wp:attachment":[{"href":"https:\/\/labesaya.com\/es\/wp-json\/wp\/v2\/media?parent=36636"}],"curies":[{"name":"wp","href":"https:\/\/api.w.org\/{rel}","templated":true}]}}